{"id":963,"date":"2017-09-12T10:36:23","date_gmt":"2017-09-12T08:36:23","guid":{"rendered":"https:\/\/viaclinicadental.es\/botox-fuller\/"},"modified":"2018-09-10T09:34:04","modified_gmt":"2018-09-10T07:34:04","slug":"botox-fuller","status":"publish","type":"page","link":"https:\/\/viaclinicadental.es\/de\/botox-fuller\/","title":{"rendered":"Botox &#038; F\u00fcller"},"content":{"rendered":"<p>[et_pb_section bb_built=&#8220;1&#8243;][et_pb_row][et_pb_column type=&#8220;4_4&#8243;][et_pb_text admin_label=&#8220;Titel&#8220; _builder_version=&#8220;3.0.85&#8243; background_layout=&#8220;light&#8220; text_orientation=&#8220;justified&#8220;]<\/p>\n<h1>Botox &amp; fillers<\/h1>\n<p>&nbsp;<\/p>\n<p>[\/et_pb_text][et_pb_text _builder_version=&#8220;3.9&#8243;]<\/p>\n<h2>Was ist Botulinumtoxin? (Fr\u00fcher bekannt als Botox)<\/h2>\n<p>Es ist ein Protein, das aus dem Bakterium Clostridium Botulinum stammt. Seine Wirkung besteht darin, die Nervenenden zu blockieren, die Freisetzung von Acetylcholin und damit die Muskelkontraktion zu verhindern. Der Muskel entspannt sich, weil er eine Denervierung erf\u00e4hrt. Es dauert etwa 2 bis 4 Tage bis die Wirkung einsetzt, innerhalb von 15 Tagen nach der Anwendung ist das maximale Resultat erreicht. Diese Aktion ist reversibel, ihre Wirkung dauert ungef\u00e4hr 6 Monate.<\/p>\n<p>In der Medizin ist das Botulinumtoxin seit dem Jahr 1973 von den Primaten bekannt. In den sp\u00e4ten 1970er Jahren wurde es als therapeutisches Mittel zur Behandlung von Strabismus eingef\u00fchrt. Seitdem wurden die therapeutischen Anwendungen auf verschiedenen Gebieten erweitert.<\/p>\n<p>[\/et_pb_text][\/et_pb_column][\/et_pb_row][et_pb_row][et_pb_column type=&#8220;1_4&#8243;][et_pb_image _builder_version=&#8220;3.0.85&#8243; src=&#8220;https:\/\/viaclinicadental.es\/wp-content\/uploads\/2017\/09\/botox-before-after-1.jpg&#8220; show_in_lightbox=&#8220;on&#8220; url_new_window=&#8220;off&#8220; use_overlay=&#8220;off&#8220; always_center_on_mobile=&#8220;on&#8220; force_fullwidth=&#8220;off&#8220; show_bottom_space=&#8220;on&#8220; \/][\/et_pb_column][et_pb_column type=&#8220;1_4&#8243;][et_pb_image _builder_version=&#8220;3.0.85&#8243; src=&#8220;https:\/\/viaclinicadental.es\/wp-content\/uploads\/2017\/09\/botox-before-after-2.jpg&#8220; show_in_lightbox=&#8220;on&#8220; url_new_window=&#8220;off&#8220; use_overlay=&#8220;off&#8220; always_center_on_mobile=&#8220;on&#8220; force_fullwidth=&#8220;off&#8220; show_bottom_space=&#8220;on&#8220; \/][\/et_pb_column][et_pb_column type=&#8220;1_4&#8243;][et_pb_image _builder_version=&#8220;3.0.85&#8243; src=&#8220;https:\/\/viaclinicadental.es\/wp-content\/uploads\/2017\/09\/botox-before-after-3.jpg&#8220; show_in_lightbox=&#8220;on&#8220; url_new_window=&#8220;off&#8220; use_overlay=&#8220;off&#8220; always_center_on_mobile=&#8220;on&#8220; force_fullwidth=&#8220;off&#8220; show_bottom_space=&#8220;on&#8220; \/][\/et_pb_column][et_pb_column type=&#8220;1_4&#8243;][et_pb_image _builder_version=&#8220;3.0.85&#8243; src=&#8220;https:\/\/viaclinicadental.es\/wp-content\/uploads\/2017\/09\/botox-before-after-4.jpg&#8220; show_in_lightbox=&#8220;on&#8220; url_new_window=&#8220;off&#8220; use_overlay=&#8220;off&#8220; always_center_on_mobile=&#8220;on&#8220; force_fullwidth=&#8220;off&#8220; show_bottom_space=&#8220;on&#8220; \/][\/et_pb_column][\/et_pb_row][et_pb_row][et_pb_column type=&#8220;4_4&#8243;][et_pb_text _builder_version=&#8220;3.9&#8243;]<\/p>\n<h2>Anwendungen in der Zahnheilkunde:<\/h2>\n<ul>\n<li>Gingival L\u00e4cheln<\/li>\n<li>Bruxismus<\/li>\n<li>Sialorrh\u00f6 (Verst\u00e4rkter Speichelflu\u00df)<\/li>\n<li>Gesichtsasymmetrie<\/li>\n<li>H\u00f6he der Kommissuren<\/li>\n<li>Orofazialer Schmerz<\/li>\n<li>Periorale Falten<\/li>\n<\/ul>\n<h2>Anwendung von Botulinum Toxin bei der behandlung von gingivalem l\u00e4cheln<\/h2>\n<p>Bei dem gingivalen L\u00e4cheln spricht man beim extremer Exposition von Gingiva, das hei\u00dft beim L\u00e4cheln werden mindestens 3 mm Zahnfleisch sichtbar.<\/p>\n<p>Ein sch\u00f6nes L\u00e4cheln bedeutet normalerweise wei\u00dfe und gerade ausgerichtete Z\u00e4hne, und darauf konzentriert sich die traditionelle Zahnheilkunde, dazu werden dem Patienten Kieferorthop\u00e4die, Implantate, Zahnaufhellung, Veneers vorgeschlagen, um Form und Farbe der Z\u00e4hne zu verbessern.<\/p>\n<p>In VIA Cl\u00ednica Dental erg\u00e4nzen wir dieses auch mit der Beurteilung von Muskeltonus und Symmetrie des Gesichtes und deren Weichgewebe (Gingiva, Wangen).<\/p>\n<p>Die meisten Patienten kennen und erkennen ihr Problem im Spiegel, wann und mit welcher Geste die gr\u00f6\u00dfte Exposition von Zahnfleischgewebe (Gingiva) erzeugt wird, andere Patienten erkennen es jedoch nicht und entdecken es erst, wenn es ihnen der Zahnarzt zeigt.<\/p>\n<p>\u00dcbertriebene Exposition von Zahnfleisch zum L\u00e4cheln kann sich zur\u00fcckf\u00fchren lassen auf:<\/p>\n<ul>\n<li>Zahnstellung<\/li>\n<li>Knochen- \/ Skelettprobleme<\/li>\n<li>Kurzes Lippenb\u00e4ndchen<\/li>\n<li>Starker Muskel der Oberlippe (Elevador): Hier k\u00f6nnen wir helfen, indem wir den Patienten mit Botulinumtoxin behandeln.<\/li>\n<\/ul>\n<p>Der ideale Patient um das gingivale L\u00e4cheln mit Botox zu behandeln, ist ein Patient der:<\/p>\n<ul>\n<li>einen normalen oralen Zubi\u00df hat (keine zu kurze Oberlippe oder erh\u00f6hten Oberkieferknochen)<\/li>\n<li>beim L\u00e4cheln mehr als 3 mm Gingiva zeigt.<\/li>\n<\/ul>\n<p>Was beinhaltet die Behandlung vom Gingivalen L\u00e4cheln mit Botulinumtoxin?<br \/>\nF\u00fcr diese Behandlung wird ein erster diagnostischer Termin von 30 Minuten ben\u00f6tigt, um die Muskeldynamik \/ -kraft und die Gr\u00f6\u00dfe der Oberlippe im entspannten Zustand zu beurteilen, au\u00dferdem wird der Alveolar Knochen, die Gesundheit der Z\u00e4hne und des Zahnfleisches, und den Patientenstatus im Allgemeinen beurteilt.<\/p>\n<h3>Anwendung und Behandlung<\/h3>\n<p>Die Behandlung wird normalerweise in 2 Sitzungen durchgef\u00fchrt bei denen die Oberlippenhebemuskeln mit Botulinumtoxin Typ A infiltriert werden.<\/p>\n<p>W\u00e4hrend der ersten Sitzung wird die erste Infiltration durchgef\u00fchrt, nach 10 bis 14 Tagen wird der Zustand des Patienten neu beurteilt.<br \/>\nWenn der Patient mit dem Ergebnis zufrieden ist, muss er nicht erneut mit Toxin infiltrieren.<\/p>\n<p>Wenn der Patient und der Arzt der Meinung sind, dass es sinnvoll ist, eine zweite Anwendung durchzuf\u00fchren, wird diese ohne zus\u00e4tzliche Kosten durchgef\u00fchrt und es m\u00fcssen weitere 10 bis 14 Tage abgewartet werden bevor die Ergebnisse erneut ausgewertet werden.<\/p>\n<p>Das Endergebnis wird eine maximale Dauer von 6 Monaten haben, nach diesen 6 Monaten erholt sich der Muskel und gewinnt seine Funktion zum Lippenheben wieder zur\u00fcck. Wenn es der Patient w\u00fcnscht, kann die Behandlung wiederholt werden.<\/p>\n<h2>Anwendung von botulinum Toxin bei Patienten mit Bruxismus<\/h2>\n<p>Die Behandlung der Kaumuskulatur mit Botulinumtoxin Typ A hat sich als ausgezeichnete Behandlung erwiesen, um Bruxismus (Pressen von pathologischen Z\u00e4hnen) zu bek\u00e4mpfen, erg\u00e4nzend zur zahnmedizinischen Behandlung.<\/p>\n<p>Beide Behandlungen (Zahn- und Gesichtsbehandlung) sind notwendig, um die Entspannung der bimaxill\u00e4ren Komponenten zu stoppen und aufrechtzuerhalten. Es sollte hier angemerkt werden, dass die Indikation f\u00fcr seine Anwendung rein professionell sein muss, da Bruxismus verschiedene Ursachen haben kann und es auch verschiedene Arten von Bruxismus gibt: physiologisch oder pathologisch und mild, mittel oder schwer.<\/p>\n<h3>Anwendung und Behandlung<\/h3>\n<p>Zur Behandlung von Bruxismus mit Botox ist ein erster Termin von 30 Minuten erforderlich, um die Muskeldynamik des Patienten und eventuell vorhandene Gesichtsasymmetrien zu beurteilen.<\/p>\n<p>Ist der Patient f\u00fcr diese Behandlung geeignet ist, wird die Infiltration des Muskels ( Masseter) mit einer ultrafeinen Nadel durchgef\u00fchrt.<br \/>\nDas Verfahren ist f\u00fcr den Patienten einfach, es erfordert keine Narkose, da es nicht schmerzhaft ist und seine Wirkung innerhalb weniger Tage (3-4 Tage) beginnt.<\/p>\n<p>Das Endergebnis wird eine maximale Dauer von 6 Monaten haben, nach diesen 6 Monaten wird der Muskel nach und nach seine Anfangskraft zur\u00fcckgewinnen.<\/p>\n<h2>Anwendung von botulinum Toxin bei Patienten mit mandibul\u00e4rer Gesichts Asymmetrie<\/h2>\n<p>Die Prozedur ist die gleiche wie oben. Der Zweck seiner Anwendung ist es, den Muskelmasseter einseitig zu entspannen. Dieses erm\u00f6glicht dem Patienten, weniger hervorzustehen.<\/p>\n<p>[\/et_pb_text][\/et_pb_column][\/et_pb_row][\/et_pb_section]<\/p>\n","protected":false},"excerpt":{"rendered":"<p><div class=\"et_pb_row et_pb_row_0 et_pb_row_empty\">\n\t\t\t\t\n\t\t\t\t\n\t\t\t\t\n\t\t\t\t\n\t\t\t\t\n\t\t\t<\/div> Botox &amp; fillers &nbsp; Was ist Botulinumtoxin? (Fr\u00fcher bekannt als Botox) Es ist ein Protein, das aus dem Bakterium Clostridium Botulinum stammt. Seine Wirkung besteht darin, die Nervenenden zu blockieren, die Freisetzung von Acetylcholin und damit die Muskelkontraktion zu verhindern. Der Muskel entspannt sich, weil er eine Denervierung erf\u00e4hrt. Es dauert etwa 2 bis [&hellip;]<\/p>\n","protected":false},"author":1,"featured_media":0,"parent":0,"menu_order":25,"comment_status":"closed","ping_status":"closed","template":"","meta":{"_acf_changed":false,"_et_pb_use_builder":"on","_et_pb_old_content":"Naast uitgebreide keuze aan gebitsbehandelingen biedt VIA Cl\u00ednica Dental ook een exclusieve reeks aan hoogwaardige gezichtsbehandelingen.\r\n\r\nZo wordt bijvoorbeeld uitstekende resultaten geboekt met hyaluronzuur, een tijdelijke filler. Denk bijvoorbeeld aan vollere lippen, ingevallen wangen of de nasolabiale plooi.\r\n\r\nVoor het herstel van aandoeningen zoals, TMJ (Temporo Mandibular Joint) (kaakgewricht) en correctie van de \u201ctandvlees lach\u201d kan botulinetoxine een buitengewoon mooi resultaat opleveren.","_et_gb_content_width":"","footnotes":""},"class_list":["post-963","page","type-page","status-publish","hentry"],"acf":[],"yoast_head":"<!-- This site is optimized with the Yoast SEO plugin v27.5 - https:\/\/yoast.com\/product\/yoast-seo-wordpress\/ -->\n<title>Botox &amp; F\u00fcller - VIA Cl\u00ednica Dental<\/title>\n<meta name=\"robots\" content=\"index, follow, max-snippet:-1, max-image-preview:large, max-video-preview:-1\" \/>\n<link rel=\"canonical\" href=\"https:\/\/viaclinicadental.es\/de\/botox-fuller\/\" \/>\n<meta property=\"og:locale\" content=\"de_DE\" \/>\n<meta property=\"og:type\" content=\"article\" \/>\n<meta property=\"og:title\" content=\"Botox &amp; F\u00fcller - VIA Cl\u00ednica Dental\" \/>\n<meta property=\"og:description\" content=\"Botox &amp; fillers &nbsp; Was ist Botulinumtoxin? (Fr\u00fcher bekannt als Botox) Es ist ein Protein, das aus dem Bakterium Clostridium Botulinum stammt. Seine Wirkung besteht darin, die Nervenenden zu blockieren, die Freisetzung von Acetylcholin und damit die Muskelkontraktion zu verhindern. Der Muskel entspannt sich, weil er eine Denervierung erf\u00e4hrt. Es dauert etwa 2 bis [&hellip;]\" \/>\n<meta property=\"og:url\" content=\"https:\/\/viaclinicadental.es\/de\/botox-fuller\/\" \/>\n<meta property=\"og:site_name\" content=\"VIA Cl\u00ednica Dental\" \/>\n<meta property=\"article:publisher\" content=\"https:\/\/www.facebook.com\/TeamViaClinicaDental\/\" \/>\n<meta property=\"article:modified_time\" content=\"2018-09-10T07:34:04+00:00\" \/>\n<meta name=\"twitter:card\" content=\"summary_large_image\" \/>\n<meta name=\"twitter:label1\" content=\"Gesch\u00e4tzte Lesezeit\" \/>\n\t<meta name=\"twitter:data1\" content=\"5\u00a0Minuten\" \/>\n<script type=\"application\/ld+json\" class=\"yoast-schema-graph\">{\"@context\":\"https:\\\/\\\/schema.org\",\"@graph\":[{\"@type\":\"WebPage\",\"@id\":\"https:\\\/\\\/viaclinicadental.es\\\/de\\\/botox-fuller\\\/\",\"url\":\"https:\\\/\\\/viaclinicadental.es\\\/de\\\/botox-fuller\\\/\",\"name\":\"Botox & F\u00fcller - VIA Cl\u00ednica Dental\",\"isPartOf\":{\"@id\":\"https:\\\/\\\/viaclinicadental.es\\\/de\\\/#website\"},\"datePublished\":\"2017-09-12T08:36:23+00:00\",\"dateModified\":\"2018-09-10T07:34:04+00:00\",\"breadcrumb\":{\"@id\":\"https:\\\/\\\/viaclinicadental.es\\\/de\\\/botox-fuller\\\/#breadcrumb\"},\"inLanguage\":\"de\",\"potentialAction\":[{\"@type\":\"ReadAction\",\"target\":[\"https:\\\/\\\/viaclinicadental.es\\\/de\\\/botox-fuller\\\/\"]}]},{\"@type\":\"BreadcrumbList\",\"@id\":\"https:\\\/\\\/viaclinicadental.es\\\/de\\\/botox-fuller\\\/#breadcrumb\",\"itemListElement\":[{\"@type\":\"ListItem\",\"position\":1,\"name\":\"Home\",\"item\":\"https:\\\/\\\/viaclinicadental.es\\\/de\\\/\"},{\"@type\":\"ListItem\",\"position\":2,\"name\":\"Botox &#038; F\u00fcller\"}]},{\"@type\":\"WebSite\",\"@id\":\"https:\\\/\\\/viaclinicadental.es\\\/de\\\/#website\",\"url\":\"https:\\\/\\\/viaclinicadental.es\\\/de\\\/\",\"name\":\"VIA Cl\u00ednica Dental\",\"description\":\"Ihr Zahnarzt in Altea\",\"publisher\":{\"@id\":\"https:\\\/\\\/viaclinicadental.es\\\/de\\\/#organization\"},\"potentialAction\":[{\"@type\":\"SearchAction\",\"target\":{\"@type\":\"EntryPoint\",\"urlTemplate\":\"https:\\\/\\\/viaclinicadental.es\\\/de\\\/?s={search_term_string}\"},\"query-input\":{\"@type\":\"PropertyValueSpecification\",\"valueRequired\":true,\"valueName\":\"search_term_string\"}}],\"inLanguage\":\"de\"},{\"@type\":\"Organization\",\"@id\":\"https:\\\/\\\/viaclinicadental.es\\\/de\\\/#organization\",\"name\":\"VIA Clinica Dental Altea\",\"url\":\"https:\\\/\\\/viaclinicadental.es\\\/de\\\/\",\"logo\":{\"@type\":\"ImageObject\",\"inLanguage\":\"de\",\"@id\":\"https:\\\/\\\/viaclinicadental.es\\\/de\\\/#\\\/schema\\\/logo\\\/image\\\/\",\"url\":\"https:\\\/\\\/viaclinicadental.es\\\/wp-content\\\/uploads\\\/2018\\\/07\\\/nuevologo-shadow.png\",\"contentUrl\":\"https:\\\/\\\/viaclinicadental.es\\\/wp-content\\\/uploads\\\/2018\\\/07\\\/nuevologo-shadow.png\",\"width\":1000,\"height\":168,\"caption\":\"VIA Clinica Dental Altea\"},\"image\":{\"@id\":\"https:\\\/\\\/viaclinicadental.es\\\/de\\\/#\\\/schema\\\/logo\\\/image\\\/\"},\"sameAs\":[\"https:\\\/\\\/www.facebook.com\\\/TeamViaClinicaDental\\\/\"]}]}<\/script>\n<!-- \/ Yoast SEO plugin. -->","yoast_head_json":{"title":"Botox & F\u00fcller - VIA Cl\u00ednica Dental","robots":{"index":"index","follow":"follow","max-snippet":"max-snippet:-1","max-image-preview":"max-image-preview:large","max-video-preview":"max-video-preview:-1"},"canonical":"https:\/\/viaclinicadental.es\/de\/botox-fuller\/","og_locale":"de_DE","og_type":"article","og_title":"Botox & F\u00fcller - VIA Cl\u00ednica Dental","og_description":"Botox &amp; fillers &nbsp; Was ist Botulinumtoxin? (Fr\u00fcher bekannt als Botox) Es ist ein Protein, das aus dem Bakterium Clostridium Botulinum stammt. Seine Wirkung besteht darin, die Nervenenden zu blockieren, die Freisetzung von Acetylcholin und damit die Muskelkontraktion zu verhindern. Der Muskel entspannt sich, weil er eine Denervierung erf\u00e4hrt. Es dauert etwa 2 bis [&hellip;]","og_url":"https:\/\/viaclinicadental.es\/de\/botox-fuller\/","og_site_name":"VIA Cl\u00ednica Dental","article_publisher":"https:\/\/www.facebook.com\/TeamViaClinicaDental\/","article_modified_time":"2018-09-10T07:34:04+00:00","twitter_card":"summary_large_image","twitter_misc":{"Gesch\u00e4tzte Lesezeit":"5\u00a0Minuten"},"schema":{"@context":"https:\/\/schema.org","@graph":[{"@type":"WebPage","@id":"https:\/\/viaclinicadental.es\/de\/botox-fuller\/","url":"https:\/\/viaclinicadental.es\/de\/botox-fuller\/","name":"Botox & F\u00fcller - VIA Cl\u00ednica Dental","isPartOf":{"@id":"https:\/\/viaclinicadental.es\/de\/#website"},"datePublished":"2017-09-12T08:36:23+00:00","dateModified":"2018-09-10T07:34:04+00:00","breadcrumb":{"@id":"https:\/\/viaclinicadental.es\/de\/botox-fuller\/#breadcrumb"},"inLanguage":"de","potentialAction":[{"@type":"ReadAction","target":["https:\/\/viaclinicadental.es\/de\/botox-fuller\/"]}]},{"@type":"BreadcrumbList","@id":"https:\/\/viaclinicadental.es\/de\/botox-fuller\/#breadcrumb","itemListElement":[{"@type":"ListItem","position":1,"name":"Home","item":"https:\/\/viaclinicadental.es\/de\/"},{"@type":"ListItem","position":2,"name":"Botox &#038; F\u00fcller"}]},{"@type":"WebSite","@id":"https:\/\/viaclinicadental.es\/de\/#website","url":"https:\/\/viaclinicadental.es\/de\/","name":"VIA Cl\u00ednica Dental","description":"Ihr Zahnarzt in Altea","publisher":{"@id":"https:\/\/viaclinicadental.es\/de\/#organization"},"potentialAction":[{"@type":"SearchAction","target":{"@type":"EntryPoint","urlTemplate":"https:\/\/viaclinicadental.es\/de\/?s={search_term_string}"},"query-input":{"@type":"PropertyValueSpecification","valueRequired":true,"valueName":"search_term_string"}}],"inLanguage":"de"},{"@type":"Organization","@id":"https:\/\/viaclinicadental.es\/de\/#organization","name":"VIA Clinica Dental Altea","url":"https:\/\/viaclinicadental.es\/de\/","logo":{"@type":"ImageObject","inLanguage":"de","@id":"https:\/\/viaclinicadental.es\/de\/#\/schema\/logo\/image\/","url":"https:\/\/viaclinicadental.es\/wp-content\/uploads\/2018\/07\/nuevologo-shadow.png","contentUrl":"https:\/\/viaclinicadental.es\/wp-content\/uploads\/2018\/07\/nuevologo-shadow.png","width":1000,"height":168,"caption":"VIA Clinica Dental Altea"},"image":{"@id":"https:\/\/viaclinicadental.es\/de\/#\/schema\/logo\/image\/"},"sameAs":["https:\/\/www.facebook.com\/TeamViaClinicaDental\/"]}]}},"_links":{"self":[{"href":"https:\/\/viaclinicadental.es\/de\/wp-json\/wp\/v2\/pages\/963","targetHints":{"allow":["GET"]}}],"collection":[{"href":"https:\/\/viaclinicadental.es\/de\/wp-json\/wp\/v2\/pages"}],"about":[{"href":"https:\/\/viaclinicadental.es\/de\/wp-json\/wp\/v2\/types\/page"}],"author":[{"embeddable":true,"href":"https:\/\/viaclinicadental.es\/de\/wp-json\/wp\/v2\/users\/1"}],"replies":[{"embeddable":true,"href":"https:\/\/viaclinicadental.es\/de\/wp-json\/wp\/v2\/comments?post=963"}],"version-history":[{"count":3,"href":"https:\/\/viaclinicadental.es\/de\/wp-json\/wp\/v2\/pages\/963\/revisions"}],"predecessor-version":[{"id":1109,"href":"https:\/\/viaclinicadental.es\/de\/wp-json\/wp\/v2\/pages\/963\/revisions\/1109"}],"wp:attachment":[{"href":"https:\/\/viaclinicadental.es\/de\/wp-json\/wp\/v2\/media?parent=963"}],"curies":[{"name":"wp","href":"https:\/\/api.w.org\/{rel}","templated":true}]}}