{"id":522,"date":"2017-06-29T13:13:06","date_gmt":"2017-06-29T11:13:06","guid":{"rendered":"http:\/\/viaclinicadental.es\/behandlungen\/astetische-zahnheilkunde\/"},"modified":"2018-09-10T09:41:33","modified_gmt":"2018-09-10T07:41:33","slug":"astetische-zahnheilkunde","status":"publish","type":"page","link":"https:\/\/viaclinicadental.es\/de\/behandlungen\/astetische-zahnheilkunde\/","title":{"rendered":"\u00c4stetische zahnheilkunde"},"content":{"rendered":"<p>[et_pb_section bb_built=&#8220;1&#8243;][et_pb_row][et_pb_column type=&#8220;4_4&#8243;][et_pb_text]<\/p>\n<h1>Versch\u00f6nern des Aussehens<\/h1>\n<p><strong>\u00c4sthetische Zahnmedizin ist der Fachbereich, in dem der Zahnarzt sich mit der Versch\u00f6nerung des \u00c4u\u00dferen Ihrer Z\u00e4hne besch\u00e4ftigt. Sie ist die L\u00f6sung f\u00fcr diejenigen, die nicht mit der Form, Position oder Farbe ihrer Z\u00e4hne zufrieden sind. Dennoch z\u00f6gern viele, den Schritt zu machen, teilweise wegen der Angst vor dem Zahnarzt, der Idee, dass die Kosten sehr hoch sind, oder einfach, weil sie nicht wissen, welche M\u00f6glichkeiten zur Verf\u00fcgung stehen.<\/strong><\/p>\n<h3>F\u00fcr jeden realisierbar<\/h3>\n<p>\u00c4sthetische Zahnheilkunde mit \u201eperlwei\u00dfen\u201c Z\u00e4hnen und einem &#8222;makellosen L\u00e4cheln&#8220; als Ergebnis ist l\u00e4ngst nicht mehr ausschlie\u00dflich f\u00fcr Filmstars vorbehalten. Im Gegenteil. Diese Form der Zahnmedizin hat sich in den letzten Jahren enorm entwickelt, allerlei neue Techniken machen sie f\u00fcr jeden (vor allem auch finanziell) erreichbar. Schmerzhafte Behandlungen sind nicht unbedingt erforderlich, um in Zukunft \u201cstrahlend\u201c und selbstversichert durchs Leben zu gehen!<\/p>\n<h3>Ein makelloses L\u00e4cheln<\/h3>\n<p>H\u00e4ufig verwendete Techniken und L\u00f6sungen in der \u00e4sthetischen Zahnheilkunde sind (metallfreie) Vollkeramikkronen und die Anwendung von Veneers (Keramikverblendungen). Aber auch Zahnfleischkorrekturen, Ersetzen der grauen Amalgamf\u00fcllungen durch wei\u00dfe F\u00fcllungen und Bleaching (Zahnaufhellung) der Z\u00e4hne geh\u00f6ren dazu. Dies alles ist inzwischen unsere t\u00e4gliche Arbeit. Bei der Anwendung \u00e4sthetischer Mittel behalten wir immer die funktionalen Aspekte der Z\u00e4hne im Auge, sodass wir Ihnen stets die besten Ergebnisse gew\u00e4hrleisten k\u00f6nnen. <\/p>\n<p><strong>Wir beraten Sie gerne \u00fcber die verschiedenen M\u00f6glichkeiten.<\/strong><\/p>\n<p>[\/et_pb_text][et_pb_tabs _builder_version=&#8220;3.13.1&#8243; use_border_color=&#8220;on&#8220; inactive_tab_background_color=&#8220;#b3a023&#8243; active_tab_background_color=&#8220;#ffffff&#8220; border_color_all=&#8220;#b3a023&#8243;][et_pb_tab title=&#8220;Kronen und Br\u00fccken&#8220; use_background_color_gradient=&#8220;off&#8220; background_color_gradient_start=&#8220;#2b87da&#8220; background_color_gradient_end=&#8220;#29c4a9&#8243; background_color_gradient_type=&#8220;linear&#8220; background_color_gradient_direction=&#8220;180deg&#8220; background_color_gradient_direction_radial=&#8220;center&#8220; background_color_gradient_start_position=&#8220;0%&#8220; background_color_gradient_end_position=&#8220;100%&#8220; parallax=&#8220;off&#8220; parallax_method=&#8220;on&#8220; background_size=&#8220;cover&#8220; background_position=&#8220;center&#8220; background_repeat=&#8220;no-repeat&#8220; background_blend=&#8220;normal&#8220; allow_player_pause=&#8220;off&#8220; tab_font_select=&#8220;default&#8220; tab_font=&#8220;||||&#8220; tab_line_height=&#8220;2em&#8220; tab_line_height_tablet=&#8220;2em&#8220; tab_line_height_phone=&#8220;2em&#8220; body_font_select=&#8220;default&#8220; body_font=&#8220;||||&#8220; body_line_height=&#8220;2em&#8220; body_line_height_tablet=&#8220;2em&#8220; body_line_height_phone=&#8220;2em&#8220;]<\/p>\n<p><strong>Kronen und Br\u00fccken k\u00f6nnen eine L\u00f6sung sein, wenn ein gro\u00dfer Teil des Zahnes verloren gegangen ist, F\u00fcllungen zu gro\u00df werden oder um den Zahn vor einem Bruch zu sch\u00fctzen, beispielsweise nach einer Wurzelkanalbehandlung. Aber auch f\u00fcr die Verbesserung der Funktion oder des \u00c4u\u00dferen Ihrer Z\u00e4hne bei starker Verf\u00e4rbung und \/ oder schlecht geformten Z\u00e4hnen.<\/strong><\/p>\n<p>Eine Krone ist eine Kappe, die \u00fcber den pr\u00e4parierten Zahn gesetzt wird und auf der eigenen Zahnwurzel ruht. Eine Krone kann aus verschiedenen Materialien angefertigt werden. Die Kronenbasis ist in der Regel aus Gold (oder anderem Material), die aus \u00e4sthetischen Gr\u00fcnden mit einer d\u00fcnnen Schicht Porzellan in der Farbe der Z\u00e4hne \u00fcberzogen wird. Materialien, die seit Langem angewendet werden. Die Technik ist jedoch nicht stehen geblieben, wodurch es nun m\u00f6glich ist, vollst\u00e4ndige Porzellan und metallfreie Zirkonkronen herzustellen. Die neueste Entwicklung ist eine Porzellankrone mit Zirkon als Basis.<\/p>\n<p>Durch den Zirkonkern sind diese Kronen \u00e4u\u00dferst stark und verschlei\u00dffest. Da sowohl Porzellan und Zirkon Licht durchlassen, sehen diese Kronen sehr nat\u00fcrlich aus und sind kaum von echten Z\u00e4hnen zu unterscheiden. Daher werden sie haupts\u00e4chlich im visuell \u00e4sthetischen Bereich verwendet. Zirkonkronen werden mit einem CAD-CAM-System hergestellt und individuell von Hand vollendet. Die Form, die Farbe und Position k\u00f6nnen nach Ihren W\u00fcnschen herstellt werden. <\/p>\n<p>Wir beraten sie gerne \u00fcber die M\u00f6glichkeiten und die besten L\u00f6sungen f\u00fcr Ihre Situation.<\/p>\n<p>[\/et_pb_tab][et_pb_tab title=&#8220;Veneers (Keramikverblendungen)&#8220; use_background_color_gradient=&#8220;off&#8220; background_color_gradient_start=&#8220;#2b87da&#8220; background_color_gradient_end=&#8220;#29c4a9&#8243; background_color_gradient_type=&#8220;linear&#8220; background_color_gradient_direction=&#8220;180deg&#8220; background_color_gradient_direction_radial=&#8220;center&#8220; background_color_gradient_start_position=&#8220;0%&#8220; background_color_gradient_end_position=&#8220;100%&#8220; parallax=&#8220;off&#8220; parallax_method=&#8220;on&#8220; background_size=&#8220;cover&#8220; background_position=&#8220;center&#8220; background_repeat=&#8220;no-repeat&#8220; background_blend=&#8220;normal&#8220; allow_player_pause=&#8220;off&#8220; tab_font_select=&#8220;default&#8220; tab_font=&#8220;||||&#8220; tab_line_height=&#8220;2em&#8220; tab_line_height_tablet=&#8220;2em&#8220; tab_line_height_phone=&#8220;2em&#8220; body_font_select=&#8220;default&#8220; body_font=&#8220;||||&#8220; body_line_height=&#8220;2em&#8220; body_line_height_tablet=&#8220;2em&#8220; body_line_height_phone=&#8220;2em&#8220;]<\/p>\n<p><strong>Veneers sind entweder zahnfarbenes F\u00fcllungsmaterial von Komposit oder hauchd\u00fcnne Keramikschalen. Sie werden auf die Vorderseite der Z\u00e4hne geklebt, um die Asthetik beziehungsweise Farbe, Form und Position zu verbessern. Veneers werden schmerzfrei angebracht, was nat\u00fcrlich nicht ganz unbedeutend ist. Mit Keramikverblendungen k\u00f6nnen wir Zahnl\u00fccken auff\u00fcllen, abgebrochene Ecken reparieren, gelbe oder braune Z\u00e4hne wei\u00df machen und Zahnfehlstellungen maskieren.<\/strong><\/p>\n<h4>Der preis<\/h4>\n<p>Der Preis eines Veneers ist abh\u00e4ngig vom Material, das verwendet wird. Die Kosten einer Kompositverblendung sind deutlich niedriger als die einer Keramikverblendung. Die Keramikverblendung bleibt jedoch l\u00e4nger sch\u00f6n und ist weniger anf\u00e4llig f\u00fcr Zahnbelag.<\/p>\n<p>F\u00fcr eine Kompositverblendung m\u00fcssen wir in der Regel einen geringeren Teil des Zahnschmelzes abschleifen als f\u00fcr eine Keramikschale. Das Resultat bei Kompositverblendung ist sofort sichtbar, weil wir sie in einem Arbeitsgang anbringen k\u00f6nnen. Wir k\u00f6nnen mehrere Farben miteinander kombinieren und die Form auf der Stelle modellieren.<\/p>\n<p>Eine Keramikverblendung wird im Gegensatz dazu in einem zahntechnischen Labor (indirekt) hergestellt. Daf\u00fcr sind zwei Behandlungstermine erforderlich. Das erkl\u00e4rt zum Teil die h\u00f6heren Kosten. Bei der Keramikverblendung wird die Farbe mithilfe von Farbmustern bestimmt. Nach dem Abschleifen des Zahns nehmen wir einen Abdruck, der zum Dentallabor geschickt wird. Dort wird das Verneer von einem Zahntechniker in der gew\u00fcnschten Form hergestellt (gebrannt). W\u00e4hrend der zweiten Behandlung in unserer Praxis bringen wir das Veneer an. Falls Form oder Farbe den Anforderungen nicht entsprechen, muss ein neues Veneer im Dentallabor angefertigt werden.<\/p>\n<h4>Hinweis<\/h4>\n<p>In einigen F\u00e4llen ist es nicht mehr m\u00f6glich einen Zahn, der nur noch schwierig restauriert werden kann, mit einer Verblendung zu versehen. Eine Porzellankrone ist in diesem Fall st\u00e4rker, sie ist kaum von einem echten Zahn zu unterscheiden und hat einen nat\u00fcrlichen Look. Form, Farbe und Stand k\u00f6nnen wir nach Ihren W\u00fcnschen anfertigen.<\/p>\n<p>[\/et_pb_tab][et_pb_tab title=&#8220;F\u00fcllungen (wei\u00df)&#8220; use_background_color_gradient=&#8220;off&#8220; background_color_gradient_start=&#8220;#2b87da&#8220; background_color_gradient_end=&#8220;#29c4a9&#8243; background_color_gradient_type=&#8220;linear&#8220; background_color_gradient_direction=&#8220;180deg&#8220; background_color_gradient_direction_radial=&#8220;center&#8220; background_color_gradient_start_position=&#8220;0%&#8220; background_color_gradient_end_position=&#8220;100%&#8220; parallax=&#8220;off&#8220; parallax_method=&#8220;on&#8220; background_size=&#8220;cover&#8220; background_position=&#8220;center&#8220; background_repeat=&#8220;no-repeat&#8220; background_blend=&#8220;normal&#8220; allow_player_pause=&#8220;off&#8220; tab_font_select=&#8220;default&#8220; tab_font=&#8220;||||&#8220; tab_line_height=&#8220;2em&#8220; tab_line_height_tablet=&#8220;2em&#8220; tab_line_height_phone=&#8220;2em&#8220; body_font_select=&#8220;default&#8220; body_font=&#8220;||||&#8220; body_line_height=&#8220;2em&#8220; body_line_height_tablet=&#8220;2em&#8220; body_line_height_phone=&#8220;2em&#8220;]<\/p>\n<p><strong>In unserer Praxis verwenden wir verschiedene Arten F\u00fcllungen. Vor allem Kompositf\u00fcllungen (wei\u00dfe F\u00fcllungen), aber auch Glasionomer-F\u00fcllungen als Provisorium bei beispielweise einer Wurzelkanalbehandlung.<\/strong><\/p>\n<p>Kompositf\u00fcllungen bestehen aus Kunstharz, einem Bindemittel und einem anorganischen F\u00fcllstoff, wie beispielsweise Glas. Es ist also kein Metall enthalten. Sie sind stark und haltbar, und seit mehreren Jahren im Aufmarsch wegen der sch\u00f6nen \u00c4sthetik. Wei\u00dfe F\u00fcllungen sind kaum sichtbar.<\/p>\n<p>Wir verwenden nur Komposite mit den derzeit besten Qualit\u00e4ten, wie Nanokomposit, die neueste Entwicklung in diesem Bereich. Oft benutzen wir eine Kombination verschiedener Kompositarten, um so eine perfekte Verbindung zwischen F\u00fcllung und Zahn zu erreichen. Nach der Behandlung treten kaum Schmerzen auf. Da wir nur Spitzenqualit\u00e4t verwenden, ist ein sch\u00f6nes und dauerhaftes Ergebnis gew\u00e4hrleistet.<\/p>\n<p>[\/et_pb_tab][et_pb_tab title=&#8220;Bleaching (Zahnaufhellung)&#8220; use_background_color_gradient=&#8220;off&#8220; background_color_gradient_start=&#8220;#2b87da&#8220; background_color_gradient_end=&#8220;#29c4a9&#8243; background_color_gradient_type=&#8220;linear&#8220; background_color_gradient_direction=&#8220;180deg&#8220; background_color_gradient_direction_radial=&#8220;center&#8220; background_color_gradient_start_position=&#8220;0%&#8220; background_color_gradient_end_position=&#8220;100%&#8220; parallax=&#8220;off&#8220; parallax_method=&#8220;on&#8220; background_size=&#8220;cover&#8220; background_position=&#8220;center&#8220; background_repeat=&#8220;no-repeat&#8220; background_blend=&#8220;normal&#8220; allow_player_pause=&#8220;off&#8220; tab_font_select=&#8220;default&#8220; tab_font=&#8220;||||&#8220; tab_line_height=&#8220;2em&#8220; tab_line_height_tablet=&#8220;2em&#8220; tab_line_height_phone=&#8220;2em&#8220; body_font_select=&#8220;default&#8220; body_font=&#8220;||||&#8220; body_line_height=&#8220;2em&#8220; body_line_height_tablet=&#8220;2em&#8220; body_line_height_phone=&#8220;2em&#8220;]<\/p>\n<p><strong>Die Farbe der Z\u00e4hne ist erblich, sie kann sich aber durch verschiedene Einfl\u00fcsse ver\u00e4ndern. Zu den h\u00e4ufigsten Ursachen der Zahnverf\u00e4rbung geh\u00f6ren nat\u00fcrliche Zahnalterung sowie \u00e4u\u00dfere Faktoren wie u.a. der Genuss von Kaffee und Nikotin. Normalerweise werden Ihre Z\u00e4hne dunkler. Durch Bleaching k\u00f6nnen sie ein paar Nuancen heller werden. <\/strong><\/p>\n<h4>Bleaching von au\u00dfen bei lebenden Z\u00e4hnen<\/h4>\n<p>Es gibt mehrere Methoden, die Z\u00e4hne von der Au\u00dfenseite zu bleichen. Das kann von uns in der Praxis durchgef\u00fchrt werden, aber Sie k\u00f6nnen es auch zu Hause selbst tun. Auch wenn es f\u00fcr Sie seltsam klingt, wir sind daf\u00fcr, dass Sie Ihre Z\u00e4hne zu Hause aufhellen. In den meisten F\u00e4llen geschieht dies kontrollierter und weniger aggressiv. Das Endergebnis ist bei beiden Methoden dasselbe. L\u00e4sst der Bleaching-Effekt im Laufe der Zeit nach, dann k\u00f6nnen Sie die Z\u00e4hne mit der gleichen Zahnaufhellungsmethode f\u00fcr zu Hause einfach wieder wei\u00dfer machen.<\/p>\n<h4>Bleaching f\u00fcr zu Hause<\/h4>\n<p>Beim Bleaching f\u00fcr zu Hause machen wir zun\u00e4chst einen Gipsabdruck von Ihren Z\u00e4hnen. Auf dieser Grundlage stellt der Zahntechniker einen transparenten Kunststoffzahnl\u00f6ffel her, in den das Bleaching-Gel passt. Wir geben Ihnen den Zahnl\u00f6ffel mit dem entsprechenden Bleaching-Gel und klare Anweisungen f\u00fcr zu Hause mit.<\/p>\n<h4>Bleaching von innen bei abgestorbenen Z\u00e4hnen<\/h4>\n<p>Nach einer Wurzelkanalbehandlung kann die Kanalf\u00fcllung durchscheinen. Sie gibt dem Zahn ein dunkleres Aussehen. Hier hilft das Bleichen von innen. Der Hohlraum im Zahn wird mit Bleichmittel gef\u00fcllt und f\u00fcr einen bestimmten Zeitraum (z.B. eine Woche) verschlossen. Der Zahn wird dadurch wieder heller. Manchmal ist f\u00fcr das Erreichen des gew\u00fcnschten Resultats eine zweite Behandlung erforderlich. Nach dem Entfernen des Bleichmittels wird der Zahn mit einer neuen F\u00fcllung dauerhaft verschlossen.<\/p>\n<p>[\/et_pb_tab][\/et_pb_tabs][\/et_pb_column][\/et_pb_row][\/et_pb_section]<\/p>\n","protected":false},"excerpt":{"rendered":"<p><div class=\"et_pb_row et_pb_row_0 et_pb_row_empty\">\n\t\t\t\t\n\t\t\t\t\n\t\t\t\t\n\t\t\t\t\n\t\t\t\t\n\t\t\t<\/div><div class=\"et_pb_module et_pb_text et_pb_text_0  et_pb_text_align_left et_pb_bg_layout_light\">\n\t\t\t\t\n\t\t\t\t\n\t\t\t\t\n\t\t\t\t\n\t\t\t\t\n\t\t\t<\/div> Versch\u00f6nern des Aussehens \u00c4sthetische Zahnmedizin ist der Fachbereich, in dem der Zahnarzt sich mit der Versch\u00f6nerung des \u00c4u\u00dferen Ihrer Z\u00e4hne besch\u00e4ftigt. Sie ist die L\u00f6sung f\u00fcr diejenigen, die nicht mit der Form, Position oder Farbe ihrer Z\u00e4hne zufrieden sind. Dennoch z\u00f6gern viele, den Schritt zu machen, teilweise wegen der Angst vor dem Zahnarzt, der [&hellip;]<\/p>\n","protected":false},"author":1,"featured_media":0,"parent":507,"menu_order":20,"comment_status":"closed","ping_status":"closed","template":"","meta":{"_acf_changed":false,"_et_pb_use_builder":"on","_et_pb_old_content":"<h1>Verfraaiing van het \u2018uiterlijk\u2019<\/h1><p>Esthetische tandheelkunde is het vakgebied waarbinnen de tandarts zich bezighoudt met de verfraaiing van het \u2018uiterlijk\u2019 en daarmee d\u00e9 oplossing voor wie niet tevreden is met de vorm, stand of kleur van zijn of haar tanden. Toch twijfelen velen om hieraan iets te laten doen; onder meer vanwege angst voor de tandarts, het idee dat de kosten hiervan enorm hoog zijn, of gewoon omdat men niet weet welke oplossingen tegenwoordig voorhanden zijn.<\/p><h3>Voor iedereen bereikbaar<\/h3><p>Esthetische tandheelkunde met \u2018parelwitte tanden\u2019 en een \u2018stralende lach\u2019 als resultaat is allang niet meer uitsluitend weggelegd voor de \u2018sterren\u2019. Integendeel. Deze vorm van tandheelkunde heeft de laatste jaren een enorme ontwikkeling doorgemaakt, waardoor er allerlei technieken zijn ontwikkeld die, ook en vooral financieel, voor iedereen bereikbaar zijn. Ook hoeft men niet meer per se pijnlijke behandelingen te ondergaan om voortaan \u2018stralend\u2019 en zelfverzekerd door het leven te gaan.<\/p><h3>Stralende lach<\/h3><p>Veel gebruikte technieken en oplossingen in de esthetische tandheelkunde zijn het plaatsen van implantaten. Maar ook tandvleescorrectie, het vervangen van grijze amalgaamvullingen door witte vullingen en het bleken van tanden. Dit alles behoort inmiddels tot onze bijna dagelijkse werkzaamheden. Uiteraard houden wij bij het toepassen van esthetische tandheelkunde ook de functionele aspecten van uw gebit voor ogen. Hierdoor bent u altijd verzekerd van het voor u beste resultaat.<\/p><p>Ook een stralende lach? Wij bespreken graag met u wat voor u de mogelijkheden zijn.<\/p>","_et_gb_content_width":"","footnotes":""},"class_list":["post-522","page","type-page","status-publish","hentry"],"acf":[],"yoast_head":"<!-- This site is optimized with the Yoast SEO plugin v27.3 - https:\/\/yoast.com\/product\/yoast-seo-wordpress\/ -->\n<title>\u00c4stetische zahnheilkunde - VIA Cl\u00ednica Dental<\/title>\n<meta name=\"description\" content=\"\u00c4sthetische Zahnmedizin ist der Fachbereich, in dem der Zahnarzt sich mit der Versch\u00f6nerung des \u00c4u\u00dferen Ihrer Z\u00e4hne besch\u00e4ftigt.\" \/>\n<meta name=\"robots\" content=\"index, follow, max-snippet:-1, max-image-preview:large, max-video-preview:-1\" \/>\n<link rel=\"canonical\" href=\"https:\/\/viaclinicadental.es\/de\/behandlungen\/astetische-zahnheilkunde\/\" \/>\n<meta property=\"og:locale\" content=\"de_DE\" \/>\n<meta property=\"og:type\" content=\"article\" \/>\n<meta property=\"og:title\" content=\"\u00c4stetische zahnheilkunde - VIA Cl\u00ednica Dental\" \/>\n<meta property=\"og:description\" content=\"\u00c4sthetische Zahnmedizin ist der Fachbereich, in dem der Zahnarzt sich mit der Versch\u00f6nerung des \u00c4u\u00dferen Ihrer Z\u00e4hne besch\u00e4ftigt.\" \/>\n<meta property=\"og:url\" content=\"https:\/\/viaclinicadental.es\/de\/behandlungen\/astetische-zahnheilkunde\/\" \/>\n<meta property=\"og:site_name\" content=\"VIA Cl\u00ednica Dental\" \/>\n<meta property=\"article:publisher\" content=\"https:\/\/www.facebook.com\/TeamViaClinicaDental\/\" \/>\n<meta property=\"article:modified_time\" content=\"2018-09-10T07:41:33+00:00\" \/>\n<meta name=\"twitter:card\" content=\"summary_large_image\" \/>\n<meta name=\"twitter:label1\" content=\"Gesch\u00e4tzte Lesezeit\" \/>\n\t<meta name=\"twitter:data1\" content=\"9\u00a0Minuten\" \/>\n<script type=\"application\/ld+json\" class=\"yoast-schema-graph\">{\"@context\":\"https:\\\/\\\/schema.org\",\"@graph\":[{\"@type\":\"WebPage\",\"@id\":\"https:\\\/\\\/viaclinicadental.es\\\/de\\\/behandlungen\\\/astetische-zahnheilkunde\\\/\",\"url\":\"https:\\\/\\\/viaclinicadental.es\\\/de\\\/behandlungen\\\/astetische-zahnheilkunde\\\/\",\"name\":\"\u00c4stetische zahnheilkunde - VIA Cl\u00ednica Dental\",\"isPartOf\":{\"@id\":\"https:\\\/\\\/viaclinicadental.es\\\/de\\\/#website\"},\"datePublished\":\"2017-06-29T11:13:06+00:00\",\"dateModified\":\"2018-09-10T07:41:33+00:00\",\"description\":\"\u00c4sthetische Zahnmedizin ist der Fachbereich, in dem der Zahnarzt sich mit der Versch\u00f6nerung des \u00c4u\u00dferen Ihrer Z\u00e4hne besch\u00e4ftigt.\",\"breadcrumb\":{\"@id\":\"https:\\\/\\\/viaclinicadental.es\\\/de\\\/behandlungen\\\/astetische-zahnheilkunde\\\/#breadcrumb\"},\"inLanguage\":\"de\",\"potentialAction\":[{\"@type\":\"ReadAction\",\"target\":[\"https:\\\/\\\/viaclinicadental.es\\\/de\\\/behandlungen\\\/astetische-zahnheilkunde\\\/\"]}]},{\"@type\":\"BreadcrumbList\",\"@id\":\"https:\\\/\\\/viaclinicadental.es\\\/de\\\/behandlungen\\\/astetische-zahnheilkunde\\\/#breadcrumb\",\"itemListElement\":[{\"@type\":\"ListItem\",\"position\":1,\"name\":\"Home\",\"item\":\"https:\\\/\\\/viaclinicadental.es\\\/de\\\/\"},{\"@type\":\"ListItem\",\"position\":2,\"name\":\"Behandlungen\",\"item\":\"https:\\\/\\\/viaclinicadental.es\\\/de\\\/tratamientos\\\/\"},{\"@type\":\"ListItem\",\"position\":3,\"name\":\"\u00c4stetische zahnheilkunde\"}]},{\"@type\":\"WebSite\",\"@id\":\"https:\\\/\\\/viaclinicadental.es\\\/de\\\/#website\",\"url\":\"https:\\\/\\\/viaclinicadental.es\\\/de\\\/\",\"name\":\"VIA Cl\u00ednica Dental\",\"description\":\"Ihr Zahnarzt in Altea\",\"publisher\":{\"@id\":\"https:\\\/\\\/viaclinicadental.es\\\/de\\\/#organization\"},\"potentialAction\":[{\"@type\":\"SearchAction\",\"target\":{\"@type\":\"EntryPoint\",\"urlTemplate\":\"https:\\\/\\\/viaclinicadental.es\\\/de\\\/?s={search_term_string}\"},\"query-input\":{\"@type\":\"PropertyValueSpecification\",\"valueRequired\":true,\"valueName\":\"search_term_string\"}}],\"inLanguage\":\"de\"},{\"@type\":\"Organization\",\"@id\":\"https:\\\/\\\/viaclinicadental.es\\\/de\\\/#organization\",\"name\":\"VIA Clinica Dental Altea\",\"url\":\"https:\\\/\\\/viaclinicadental.es\\\/de\\\/\",\"logo\":{\"@type\":\"ImageObject\",\"inLanguage\":\"de\",\"@id\":\"https:\\\/\\\/viaclinicadental.es\\\/de\\\/#\\\/schema\\\/logo\\\/image\\\/\",\"url\":\"https:\\\/\\\/viaclinicadental.es\\\/wp-content\\\/uploads\\\/2018\\\/07\\\/nuevologo-shadow.png\",\"contentUrl\":\"https:\\\/\\\/viaclinicadental.es\\\/wp-content\\\/uploads\\\/2018\\\/07\\\/nuevologo-shadow.png\",\"width\":1000,\"height\":168,\"caption\":\"VIA Clinica Dental Altea\"},\"image\":{\"@id\":\"https:\\\/\\\/viaclinicadental.es\\\/de\\\/#\\\/schema\\\/logo\\\/image\\\/\"},\"sameAs\":[\"https:\\\/\\\/www.facebook.com\\\/TeamViaClinicaDental\\\/\"]}]}<\/script>\n<!-- \/ Yoast SEO plugin. -->","yoast_head_json":{"title":"\u00c4stetische zahnheilkunde - VIA Cl\u00ednica Dental","description":"\u00c4sthetische Zahnmedizin ist der Fachbereich, in dem der Zahnarzt sich mit der Versch\u00f6nerung des \u00c4u\u00dferen Ihrer Z\u00e4hne besch\u00e4ftigt.","robots":{"index":"index","follow":"follow","max-snippet":"max-snippet:-1","max-image-preview":"max-image-preview:large","max-video-preview":"max-video-preview:-1"},"canonical":"https:\/\/viaclinicadental.es\/de\/behandlungen\/astetische-zahnheilkunde\/","og_locale":"de_DE","og_type":"article","og_title":"\u00c4stetische zahnheilkunde - VIA Cl\u00ednica Dental","og_description":"\u00c4sthetische Zahnmedizin ist der Fachbereich, in dem der Zahnarzt sich mit der Versch\u00f6nerung des \u00c4u\u00dferen Ihrer Z\u00e4hne besch\u00e4ftigt.","og_url":"https:\/\/viaclinicadental.es\/de\/behandlungen\/astetische-zahnheilkunde\/","og_site_name":"VIA Cl\u00ednica Dental","article_publisher":"https:\/\/www.facebook.com\/TeamViaClinicaDental\/","article_modified_time":"2018-09-10T07:41:33+00:00","twitter_card":"summary_large_image","twitter_misc":{"Gesch\u00e4tzte Lesezeit":"9\u00a0Minuten"},"schema":{"@context":"https:\/\/schema.org","@graph":[{"@type":"WebPage","@id":"https:\/\/viaclinicadental.es\/de\/behandlungen\/astetische-zahnheilkunde\/","url":"https:\/\/viaclinicadental.es\/de\/behandlungen\/astetische-zahnheilkunde\/","name":"\u00c4stetische zahnheilkunde - VIA Cl\u00ednica Dental","isPartOf":{"@id":"https:\/\/viaclinicadental.es\/de\/#website"},"datePublished":"2017-06-29T11:13:06+00:00","dateModified":"2018-09-10T07:41:33+00:00","description":"\u00c4sthetische Zahnmedizin ist der Fachbereich, in dem der Zahnarzt sich mit der Versch\u00f6nerung des \u00c4u\u00dferen Ihrer Z\u00e4hne besch\u00e4ftigt.","breadcrumb":{"@id":"https:\/\/viaclinicadental.es\/de\/behandlungen\/astetische-zahnheilkunde\/#breadcrumb"},"inLanguage":"de","potentialAction":[{"@type":"ReadAction","target":["https:\/\/viaclinicadental.es\/de\/behandlungen\/astetische-zahnheilkunde\/"]}]},{"@type":"BreadcrumbList","@id":"https:\/\/viaclinicadental.es\/de\/behandlungen\/astetische-zahnheilkunde\/#breadcrumb","itemListElement":[{"@type":"ListItem","position":1,"name":"Home","item":"https:\/\/viaclinicadental.es\/de\/"},{"@type":"ListItem","position":2,"name":"Behandlungen","item":"https:\/\/viaclinicadental.es\/de\/tratamientos\/"},{"@type":"ListItem","position":3,"name":"\u00c4stetische zahnheilkunde"}]},{"@type":"WebSite","@id":"https:\/\/viaclinicadental.es\/de\/#website","url":"https:\/\/viaclinicadental.es\/de\/","name":"VIA Cl\u00ednica Dental","description":"Ihr Zahnarzt in Altea","publisher":{"@id":"https:\/\/viaclinicadental.es\/de\/#organization"},"potentialAction":[{"@type":"SearchAction","target":{"@type":"EntryPoint","urlTemplate":"https:\/\/viaclinicadental.es\/de\/?s={search_term_string}"},"query-input":{"@type":"PropertyValueSpecification","valueRequired":true,"valueName":"search_term_string"}}],"inLanguage":"de"},{"@type":"Organization","@id":"https:\/\/viaclinicadental.es\/de\/#organization","name":"VIA Clinica Dental Altea","url":"https:\/\/viaclinicadental.es\/de\/","logo":{"@type":"ImageObject","inLanguage":"de","@id":"https:\/\/viaclinicadental.es\/de\/#\/schema\/logo\/image\/","url":"https:\/\/viaclinicadental.es\/wp-content\/uploads\/2018\/07\/nuevologo-shadow.png","contentUrl":"https:\/\/viaclinicadental.es\/wp-content\/uploads\/2018\/07\/nuevologo-shadow.png","width":1000,"height":168,"caption":"VIA Clinica Dental Altea"},"image":{"@id":"https:\/\/viaclinicadental.es\/de\/#\/schema\/logo\/image\/"},"sameAs":["https:\/\/www.facebook.com\/TeamViaClinicaDental\/"]}]}},"_links":{"self":[{"href":"https:\/\/viaclinicadental.es\/de\/wp-json\/wp\/v2\/pages\/522","targetHints":{"allow":["GET"]}}],"collection":[{"href":"https:\/\/viaclinicadental.es\/de\/wp-json\/wp\/v2\/pages"}],"about":[{"href":"https:\/\/viaclinicadental.es\/de\/wp-json\/wp\/v2\/types\/page"}],"author":[{"embeddable":true,"href":"https:\/\/viaclinicadental.es\/de\/wp-json\/wp\/v2\/users\/1"}],"replies":[{"embeddable":true,"href":"https:\/\/viaclinicadental.es\/de\/wp-json\/wp\/v2\/comments?post=522"}],"version-history":[{"count":5,"href":"https:\/\/viaclinicadental.es\/de\/wp-json\/wp\/v2\/pages\/522\/revisions"}],"predecessor-version":[{"id":1232,"href":"https:\/\/viaclinicadental.es\/de\/wp-json\/wp\/v2\/pages\/522\/revisions\/1232"}],"up":[{"embeddable":true,"href":"https:\/\/viaclinicadental.es\/de\/wp-json\/wp\/v2\/pages\/507"}],"wp:attachment":[{"href":"https:\/\/viaclinicadental.es\/de\/wp-json\/wp\/v2\/media?parent=522"}],"curies":[{"name":"wp","href":"https:\/\/api.w.org\/{rel}","templated":true}]}}