{"id":520,"date":"2017-06-29T12:39:05","date_gmt":"2017-06-29T10:39:05","guid":{"rendered":"http:\/\/viaclinicadental.es\/behandlungen\/implantologie\/"},"modified":"2018-09-10T09:40:25","modified_gmt":"2018-09-10T07:40:25","slug":"implantologie","status":"publish","type":"page","link":"https:\/\/viaclinicadental.es\/de\/behandlungen\/implantologie\/","title":{"rendered":"Implantologie"},"content":{"rendered":"<p>[et_pb_section bb_built=&#8220;1&#8243;][et_pb_row][et_pb_column type=&#8220;4_4&#8243;][et_pb_text _builder_version=&#8220;3.0.53&#8243; background_layout=&#8220;light&#8220; text_orientation=&#8220;justified&#8220; border_style=&#8220;solid&#8220;]<\/p>\n<h1>Implantologie<\/h1>\n<p><strong>Z\u00e4hne haben einen sichtbaren Teil (die Krone) und einen unsichtbaren Teil (die Wurzel). Wenn Sie fehlende Z\u00e4hne haben, k\u00f6nnen wir eine Ersatzkrone oder Br\u00fccke einsetzen. Fehlt ein Zahn mit Wurzel und allem, dann k\u00f6nnen wir den Zahn nicht mehr durch eine Krone ersetzen. Die M\u00f6glichkeit einer Br\u00fccke besteht nur dann, wenn gen\u00fcgend gesunde Z\u00e4hne, die Halt bieten k\u00f6nnen, neben der Zahnl\u00fccke vorhanden sind.<\/strong><\/p>\n<p>Gl\u00fccklicherweise verf\u00fcgen wir heutzutage \u00fcber Implantate (k\u00fcnstliche Wurzeln), die eine sehr gute und dauerhafte L\u00f6sung bieten. Dar\u00fcber hinaus sind Implantate g\u00fcnstiger als allgemein angenommen wird.<\/p>\n<h3>Was ist ein Implantat?<\/h3>\n<p>Ein Implantat sieht einer kleinen Schraube \u00e4hnlich und ist in der Regel aus k\u00f6rperfreundlichem Titan gemacht, am dem der Kieferknochen sich leicht haftet. Sie erhalten damit eine Basis f\u00fcr eine Krone oder Br\u00fccke. Implantate dienen dazu, um einen, mehrere oder sogar alle Z\u00e4hne zu ersetzen. Die Anzahl der Implantate ist abh\u00e4ngig von der individuellen Situation<\/p>\n<h3>Wann kann ein Implantat eingesetzt werden?<\/h3>\n<p>Um ein Implantat einsetzen zu k\u00f6nnen, muss gen\u00fcgend Kieferknochen zur Verf\u00fcgung stehen, sodass das Implantat festgesetzt werden kann. Auch das Zahnfleisch muss gesund sein. Bevor wir eine Entscheidung treffen, Implantate einzusetzen, \u00fcberpr\u00fcfen wir Ihre Z\u00e4hne gr\u00fcndlich und machen R\u00f6ntgenaufnahmen von Ihren Kieferknochen.<\/p>\n<p>Wenn zu wenig Kieferknochen vorhanden ist, um ein Fundament zu schaffen, k\u00f6nnen wir mit k\u00fcnstlichen Knochen eventuell in Kombination mit k\u00f6rpereigenem Knochenmaterial zus\u00e4tzlichen Kieferknochen aufbauen. In manchen F\u00e4llen ist es notwendig einen Sinuslift (F\u00fcllen der Kieferh\u00f6hle) durchf\u00fchren.In diesem Fall werden wir mit Ihnen die Behandlung im Detail in der Praxis besprechen.<\/p>\n<h3>Wie wird ein Implantat eingesetzt? <\/h3>\n<p>Ein Implantat wird unter \u00f6rtlicher Bet\u00e4ubung eingesetzt, danach wird das umringende Zahnfleisch gen\u00e4ht. Nach der Genesungsperiode wird die Krone oder Br\u00fccke platziert. Ein Implantat kann so platziert werden, dass es entweder vollst\u00e4ndig im Zahnfleisch sitzt oder durch das Zahnfleisch herausragt. Selbstverst\u00e4ndlich beraten wir Sie vorher, was in Ihrem Fall das Beste ist.<\/p>\n<h3>Nachsorge und Pflege<\/h3>\n<p>Die meisten Patienten haben geringe Beschwerden nach dem Einbringen eines Implantats. Gegen eventuelle postoperative Schmerzen oder \u00fcberempfindliches Zahnfleisch k\u00f6nnen Sie ein gebr\u00e4uchliches Schmerzmittel einnehmen. Das Implantat ist nach etwa zwei bis drei Monaten fest in Ihrem Kieferknochen verankert. In diesem Zeitraum d\u00fcrfen Sie Ihre Z\u00e4hne nicht \u00fcberbelasten. M\u00f6glicherweise muss Ihre Ern\u00e4hrung vor\u00fcbergehend umstellt werden. Sie werden diesbez\u00fcglich von uns beraten.<\/p>\n<p>Wenn die Krone, Br\u00fccke oder Prothese angebracht ist, sollten Sie Ihr Gebiss auf richtige Weise pflegen. Sie erhalten entsprechende Anleitungen von uns. W\u00e4hrend der anschlie\u00dfenden zahn\u00e4rztlichen Kontrollbesuche wird der Zustand des Zahnfleisches und Kieferknochens \u00fcberwacht. Wenn n\u00f6tig, machen wir einige R\u00f6ntgenbilder.<\/p>\n<h3>Auch f\u00fcr Prothesentr\u00e4ger<\/h3>\n<p>Auch wenn Sie eine Voll- oder Teilprothese tragen, k\u00f6nnen Implantate eine willkommene L\u00f6sung sein. Vor allem, wenn die Prothese aufgrund der Schrumpfung des Kieferknochens zu locker sitzt. F\u00fcr stabilen Halt k\u00f6nnen wir durch Implantate eine Druckknopf-Prothese anfertigen, die Sie selbst problemlos einsetzen und herausnehmen k\u00f6nnen. Ihr Gebiss funktioniert danach aufs Neue, fast wie fr\u00fcher mit eigenen Z\u00e4hnen. Sie k\u00f6nnen wieder alles essen.<\/p>\n<p>M\u00f6chten Sie mehr wissen? Wir informieren Sie gerne.<\/p>\n<p>[\/et_pb_text][\/et_pb_column][\/et_pb_row][et_pb_row][et_pb_column type=&#8220;1_4&#8243;][et_pb_image _builder_version=&#8220;3.13.1&#8243; src=&#8220;https:\/\/viaclinicadental.es\/wp-content\/uploads\/2017\/06\/csm_Implantaat-grijs_6f04e8a7fa.jpg&#8220; animation_style=&#8220;slide&#8220; animation_duration=&#8220;500ms&#8220; animation_intensity_slide=&#8220;10%&#8220; animation_direction=&#8220;left&#8220; \/][\/et_pb_column][et_pb_column type=&#8220;1_4&#8243;][et_pb_image _builder_version=&#8220;3.13.1&#8243; src=&#8220;https:\/\/viaclinicadental.es\/wp-content\/uploads\/2017\/06\/csm_Implantaat_en_wortel-grijs_991535c968.jpg&#8220; animation_style=&#8220;slide&#8220; animation_duration=&#8220;500ms&#8220; animation_intensity_slide=&#8220;10%&#8220; animation_direction=&#8220;left&#8220; \/][\/et_pb_column][et_pb_column type=&#8220;1_4&#8243;][et_pb_image _builder_version=&#8220;3.13.1&#8243; src=&#8220;https:\/\/viaclinicadental.es\/wp-content\/uploads\/2017\/06\/csm_Implantaten_2_d7a9822434.jpg&#8220; animation_style=&#8220;slide&#8220; animation_duration=&#8220;500ms&#8220; animation_intensity_slide=&#8220;10%&#8220; animation_direction=&#8220;left&#8220; \/][\/et_pb_column][et_pb_column type=&#8220;1_4&#8243;][et_pb_image _builder_version=&#8220;3.13.1&#8243; src=&#8220;https:\/\/viaclinicadental.es\/wp-content\/uploads\/2017\/06\/csm_Implantaten_tekening-grijs_bb43972d32.jpg&#8220; animation_style=&#8220;slide&#8220; animation_duration=&#8220;500ms&#8220; animation_intensity_slide=&#8220;10%&#8220; animation_direction=&#8220;left&#8220; \/][\/et_pb_column][\/et_pb_row][\/et_pb_section]<\/p>\n","protected":false},"excerpt":{"rendered":"<p><div class=\"et_pb_row et_pb_row_0 et_pb_row_empty\">\n\t\t\t\t\n\t\t\t\t\n\t\t\t\t\n\t\t\t\t\n\t\t\t\t\n\t\t\t<\/div> Implantologie Z\u00e4hne haben einen sichtbaren Teil (die Krone) und einen unsichtbaren Teil (die Wurzel). Wenn Sie fehlende Z\u00e4hne haben, k\u00f6nnen wir eine Ersatzkrone oder Br\u00fccke einsetzen. Fehlt ein Zahn mit Wurzel und allem, dann k\u00f6nnen wir den Zahn nicht mehr durch eine Krone ersetzen. Die M\u00f6glichkeit einer Br\u00fccke besteht nur dann, wenn gen\u00fcgend gesunde [&hellip;]<\/p>\n","protected":false},"author":1,"featured_media":0,"parent":507,"menu_order":10,"comment_status":"closed","ping_status":"closed","template":"","meta":{"_acf_changed":false,"_et_pb_use_builder":"on","_et_pb_old_content":"","_et_gb_content_width":"","footnotes":""},"class_list":["post-520","page","type-page","status-publish","hentry"],"acf":[],"yoast_head":"<!-- This site is optimized with the Yoast SEO plugin v27.3 - https:\/\/yoast.com\/product\/yoast-seo-wordpress\/ -->\n<title>Implantologie - VIA Cl\u00ednica Dental: Ihr Zahnarzt in Altea<\/title>\n<meta name=\"description\" content=\"Ein Implantat sieht einer kleinen Schraube \u00e4hnlich und ist in der Regel aus k\u00f6rperfreundlichem Titan gemacht, am dem der Kieferknochen sich leicht haftet.\" \/>\n<meta name=\"robots\" content=\"index, follow, max-snippet:-1, max-image-preview:large, max-video-preview:-1\" \/>\n<link rel=\"canonical\" href=\"https:\/\/viaclinicadental.es\/de\/behandlungen\/implantologie\/\" \/>\n<meta property=\"og:locale\" content=\"de_DE\" \/>\n<meta property=\"og:type\" content=\"article\" \/>\n<meta property=\"og:title\" content=\"Implantologie - VIA Cl\u00ednica Dental: Ihr Zahnarzt in Altea\" \/>\n<meta property=\"og:description\" content=\"Ein Implantat sieht einer kleinen Schraube \u00e4hnlich und ist in der Regel aus k\u00f6rperfreundlichem Titan gemacht, am dem der Kieferknochen sich leicht haftet.\" \/>\n<meta property=\"og:url\" content=\"https:\/\/viaclinicadental.es\/de\/behandlungen\/implantologie\/\" \/>\n<meta property=\"og:site_name\" content=\"VIA Cl\u00ednica Dental\" \/>\n<meta property=\"article:publisher\" content=\"https:\/\/www.facebook.com\/TeamViaClinicaDental\/\" \/>\n<meta property=\"article:modified_time\" content=\"2018-09-10T07:40:25+00:00\" \/>\n<meta name=\"twitter:card\" content=\"summary_large_image\" \/>\n<meta name=\"twitter:label1\" content=\"Gesch\u00e4tzte Lesezeit\" \/>\n\t<meta name=\"twitter:data1\" content=\"4\u00a0Minuten\" \/>\n<script type=\"application\/ld+json\" class=\"yoast-schema-graph\">{\"@context\":\"https:\\\/\\\/schema.org\",\"@graph\":[{\"@type\":\"WebPage\",\"@id\":\"https:\\\/\\\/viaclinicadental.es\\\/de\\\/behandlungen\\\/implantologie\\\/\",\"url\":\"https:\\\/\\\/viaclinicadental.es\\\/de\\\/behandlungen\\\/implantologie\\\/\",\"name\":\"Implantologie - VIA Cl\u00ednica Dental: Ihr Zahnarzt in Altea\",\"isPartOf\":{\"@id\":\"https:\\\/\\\/viaclinicadental.es\\\/de\\\/#website\"},\"datePublished\":\"2017-06-29T10:39:05+00:00\",\"dateModified\":\"2018-09-10T07:40:25+00:00\",\"description\":\"Ein Implantat sieht einer kleinen Schraube \u00e4hnlich und ist in der Regel aus k\u00f6rperfreundlichem Titan gemacht, am dem der Kieferknochen sich leicht haftet.\",\"breadcrumb\":{\"@id\":\"https:\\\/\\\/viaclinicadental.es\\\/de\\\/behandlungen\\\/implantologie\\\/#breadcrumb\"},\"inLanguage\":\"de\",\"potentialAction\":[{\"@type\":\"ReadAction\",\"target\":[\"https:\\\/\\\/viaclinicadental.es\\\/de\\\/behandlungen\\\/implantologie\\\/\"]}]},{\"@type\":\"BreadcrumbList\",\"@id\":\"https:\\\/\\\/viaclinicadental.es\\\/de\\\/behandlungen\\\/implantologie\\\/#breadcrumb\",\"itemListElement\":[{\"@type\":\"ListItem\",\"position\":1,\"name\":\"Home\",\"item\":\"https:\\\/\\\/viaclinicadental.es\\\/de\\\/\"},{\"@type\":\"ListItem\",\"position\":2,\"name\":\"Behandlungen\",\"item\":\"https:\\\/\\\/viaclinicadental.es\\\/de\\\/tratamientos\\\/\"},{\"@type\":\"ListItem\",\"position\":3,\"name\":\"Implantologie\"}]},{\"@type\":\"WebSite\",\"@id\":\"https:\\\/\\\/viaclinicadental.es\\\/de\\\/#website\",\"url\":\"https:\\\/\\\/viaclinicadental.es\\\/de\\\/\",\"name\":\"VIA Cl\u00ednica Dental\",\"description\":\"Ihr Zahnarzt in Altea\",\"publisher\":{\"@id\":\"https:\\\/\\\/viaclinicadental.es\\\/de\\\/#organization\"},\"potentialAction\":[{\"@type\":\"SearchAction\",\"target\":{\"@type\":\"EntryPoint\",\"urlTemplate\":\"https:\\\/\\\/viaclinicadental.es\\\/de\\\/?s={search_term_string}\"},\"query-input\":{\"@type\":\"PropertyValueSpecification\",\"valueRequired\":true,\"valueName\":\"search_term_string\"}}],\"inLanguage\":\"de\"},{\"@type\":\"Organization\",\"@id\":\"https:\\\/\\\/viaclinicadental.es\\\/de\\\/#organization\",\"name\":\"VIA Clinica Dental Altea\",\"url\":\"https:\\\/\\\/viaclinicadental.es\\\/de\\\/\",\"logo\":{\"@type\":\"ImageObject\",\"inLanguage\":\"de\",\"@id\":\"https:\\\/\\\/viaclinicadental.es\\\/de\\\/#\\\/schema\\\/logo\\\/image\\\/\",\"url\":\"https:\\\/\\\/viaclinicadental.es\\\/wp-content\\\/uploads\\\/2018\\\/07\\\/nuevologo-shadow.png\",\"contentUrl\":\"https:\\\/\\\/viaclinicadental.es\\\/wp-content\\\/uploads\\\/2018\\\/07\\\/nuevologo-shadow.png\",\"width\":1000,\"height\":168,\"caption\":\"VIA Clinica Dental Altea\"},\"image\":{\"@id\":\"https:\\\/\\\/viaclinicadental.es\\\/de\\\/#\\\/schema\\\/logo\\\/image\\\/\"},\"sameAs\":[\"https:\\\/\\\/www.facebook.com\\\/TeamViaClinicaDental\\\/\"]}]}<\/script>\n<!-- \/ Yoast SEO plugin. -->","yoast_head_json":{"title":"Implantologie - VIA Cl\u00ednica Dental: Ihr Zahnarzt in Altea","description":"Ein Implantat sieht einer kleinen Schraube \u00e4hnlich und ist in der Regel aus k\u00f6rperfreundlichem Titan gemacht, am dem der Kieferknochen sich leicht haftet.","robots":{"index":"index","follow":"follow","max-snippet":"max-snippet:-1","max-image-preview":"max-image-preview:large","max-video-preview":"max-video-preview:-1"},"canonical":"https:\/\/viaclinicadental.es\/de\/behandlungen\/implantologie\/","og_locale":"de_DE","og_type":"article","og_title":"Implantologie - VIA Cl\u00ednica Dental: Ihr Zahnarzt in Altea","og_description":"Ein Implantat sieht einer kleinen Schraube \u00e4hnlich und ist in der Regel aus k\u00f6rperfreundlichem Titan gemacht, am dem der Kieferknochen sich leicht haftet.","og_url":"https:\/\/viaclinicadental.es\/de\/behandlungen\/implantologie\/","og_site_name":"VIA Cl\u00ednica Dental","article_publisher":"https:\/\/www.facebook.com\/TeamViaClinicaDental\/","article_modified_time":"2018-09-10T07:40:25+00:00","twitter_card":"summary_large_image","twitter_misc":{"Gesch\u00e4tzte Lesezeit":"4\u00a0Minuten"},"schema":{"@context":"https:\/\/schema.org","@graph":[{"@type":"WebPage","@id":"https:\/\/viaclinicadental.es\/de\/behandlungen\/implantologie\/","url":"https:\/\/viaclinicadental.es\/de\/behandlungen\/implantologie\/","name":"Implantologie - VIA Cl\u00ednica Dental: Ihr Zahnarzt in Altea","isPartOf":{"@id":"https:\/\/viaclinicadental.es\/de\/#website"},"datePublished":"2017-06-29T10:39:05+00:00","dateModified":"2018-09-10T07:40:25+00:00","description":"Ein Implantat sieht einer kleinen Schraube \u00e4hnlich und ist in der Regel aus k\u00f6rperfreundlichem Titan gemacht, am dem der Kieferknochen sich leicht haftet.","breadcrumb":{"@id":"https:\/\/viaclinicadental.es\/de\/behandlungen\/implantologie\/#breadcrumb"},"inLanguage":"de","potentialAction":[{"@type":"ReadAction","target":["https:\/\/viaclinicadental.es\/de\/behandlungen\/implantologie\/"]}]},{"@type":"BreadcrumbList","@id":"https:\/\/viaclinicadental.es\/de\/behandlungen\/implantologie\/#breadcrumb","itemListElement":[{"@type":"ListItem","position":1,"name":"Home","item":"https:\/\/viaclinicadental.es\/de\/"},{"@type":"ListItem","position":2,"name":"Behandlungen","item":"https:\/\/viaclinicadental.es\/de\/tratamientos\/"},{"@type":"ListItem","position":3,"name":"Implantologie"}]},{"@type":"WebSite","@id":"https:\/\/viaclinicadental.es\/de\/#website","url":"https:\/\/viaclinicadental.es\/de\/","name":"VIA Cl\u00ednica Dental","description":"Ihr Zahnarzt in Altea","publisher":{"@id":"https:\/\/viaclinicadental.es\/de\/#organization"},"potentialAction":[{"@type":"SearchAction","target":{"@type":"EntryPoint","urlTemplate":"https:\/\/viaclinicadental.es\/de\/?s={search_term_string}"},"query-input":{"@type":"PropertyValueSpecification","valueRequired":true,"valueName":"search_term_string"}}],"inLanguage":"de"},{"@type":"Organization","@id":"https:\/\/viaclinicadental.es\/de\/#organization","name":"VIA Clinica Dental Altea","url":"https:\/\/viaclinicadental.es\/de\/","logo":{"@type":"ImageObject","inLanguage":"de","@id":"https:\/\/viaclinicadental.es\/de\/#\/schema\/logo\/image\/","url":"https:\/\/viaclinicadental.es\/wp-content\/uploads\/2018\/07\/nuevologo-shadow.png","contentUrl":"https:\/\/viaclinicadental.es\/wp-content\/uploads\/2018\/07\/nuevologo-shadow.png","width":1000,"height":168,"caption":"VIA Clinica Dental Altea"},"image":{"@id":"https:\/\/viaclinicadental.es\/de\/#\/schema\/logo\/image\/"},"sameAs":["https:\/\/www.facebook.com\/TeamViaClinicaDental\/"]}]}},"_links":{"self":[{"href":"https:\/\/viaclinicadental.es\/de\/wp-json\/wp\/v2\/pages\/520","targetHints":{"allow":["GET"]}}],"collection":[{"href":"https:\/\/viaclinicadental.es\/de\/wp-json\/wp\/v2\/pages"}],"about":[{"href":"https:\/\/viaclinicadental.es\/de\/wp-json\/wp\/v2\/types\/page"}],"author":[{"embeddable":true,"href":"https:\/\/viaclinicadental.es\/de\/wp-json\/wp\/v2\/users\/1"}],"replies":[{"embeddable":true,"href":"https:\/\/viaclinicadental.es\/de\/wp-json\/wp\/v2\/comments?post=520"}],"version-history":[{"count":2,"href":"https:\/\/viaclinicadental.es\/de\/wp-json\/wp\/v2\/pages\/520\/revisions"}],"predecessor-version":[{"id":1231,"href":"https:\/\/viaclinicadental.es\/de\/wp-json\/wp\/v2\/pages\/520\/revisions\/1231"}],"up":[{"embeddable":true,"href":"https:\/\/viaclinicadental.es\/de\/wp-json\/wp\/v2\/pages\/507"}],"wp:attachment":[{"href":"https:\/\/viaclinicadental.es\/de\/wp-json\/wp\/v2\/media?parent=520"}],"curies":[{"name":"wp","href":"https:\/\/api.w.org\/{rel}","templated":true}]}}