{"id":518,"date":"2017-06-29T13:25:12","date_gmt":"2017-06-29T11:25:12","guid":{"rendered":"http:\/\/viaclinicadental.es\/behandlungen\/endodontie\/"},"modified":"2018-09-10T09:42:26","modified_gmt":"2018-09-10T07:42:26","slug":"endodontie","status":"publish","type":"page","link":"https:\/\/viaclinicadental.es\/de\/behandlungen\/endodontie\/","title":{"rendered":"Endodontie"},"content":{"rendered":"<p>[et_pb_section bb_built=&#8220;1&#8243;][et_pb_row][et_pb_column type=&#8220;4_4&#8243;][et_pb_text _builder_version=&#8220;3.0.53&#8243; background_layout=&#8220;light&#8220; text_orientation=&#8220;justified&#8220; border_style=&#8220;solid&#8220;]<\/p>\n<h1>Endodontie (Wurzelkanalbehandlung)<\/h1>\n<p><strong>Es kann mehrere Gr\u00fcnde f\u00fcr die Wurzelkanalbehandlung (Nervbehandlung) geben. Der Grund ist in der Regel starker Zahnschmerz. Der lebende Teil des Zahns, der Nerv kann so entz\u00fcndet sein, dass er entfernt werden muss, um die Schmerzen zu lindern.<\/strong><\/p>\n<p>Bei einer Wurzelkanalbehandlung wird unter \u00f6rtlicher Bet\u00e4ubung das entz\u00fcndete Zahngewebe entfernt und die Kan\u00e4le gereinigt, desinfiziert und gef\u00fcllt. Der Zahn wird danach mit einer F\u00fcllung abgeschlossen. <\/p>\n<p>Wenn eine Wurzelentz\u00fcndung auftritt, ist der Nerv im Zahn schon abgestorben. Das abgestorbene Nervengewebe verursacht die Entz\u00fcndungsreaktion. Die Entz\u00fcndung der Wurzelspitze kann durch den Kieferknochen brechen und zu einem Abszess f\u00fchren. Das kann sehr gef\u00e4hrlich sein, vor allem, wenn der Abszess sich im Unterkiefer auf der Seite der Zunge befindet. Meistens bricht er zur Wangenseite durch. Mit einem Abszess sollten Sie immer zum Zahnarzt gehen oder wenn die Praxis geschlossen ist, die Notrufnummer anrufen. Der behandelnde Zahnarzt wird das abgestorbene Nervengewebe aus der Wurzel entfernen und die Wurzelkan\u00e4le reinigen. Oft ist es notwendig, den Abszess zu \u00f6ffnen, sodass der Eiter abflie\u00dfen kann. Anschlie\u00dfend wird Ihnen ein Antibiotikum verordnet.<\/p>\n<h3>Flexibel und &#8222;mechanisch&#8220; <\/h3>\n<p>F\u00fcr die Kanalaufbereitung und F\u00fclltechnik verwenden wir spezielle elektronische Aufbereitungsinstrumente und kleine Nickel-Titan (NiTi) Feilen. Wir arbeiten nicht mehr wie fr\u00fcher zeitaufwendig mit der Hand, sondern &#8222;mechanisch\u201c. Dadurch m\u00fcssen Sie nicht mehr allzu lange auf dem Behandlungsstuhl ausharren. Da die NiTi-Feilen sehr elastisch sind, k\u00f6nnen wir die gesamte Wurzel leicht erreichen und vollst\u00e4ndig reinigen. Zudem verwenden wir eine elektrische Wurzell\u00e4ngenmessung, wodurch weniger R\u00f6ntgenbilder erforderlich sind. <\/p>\n<h3>Nachsorge<\/h3>\n<p>Nach einer Wurzelkanalbehandlung m\u00fcssen f\u00fcr den Zeitraum von sechs bis zw\u00f6lf Monaten regelm\u00e4\u00dfige Kontrollen stattfinden. Wenn bis zu dem Zeitpunkt alles gut geht, ist es ratsam, eine Krone einzusetzen, um den Zahn zu stabilisieren und um einen Bruch zu vermeiden.<\/p>\n<p>[\/et_pb_text][\/et_pb_column][\/et_pb_row][et_pb_row][et_pb_column type=&#8220;1_2&#8243;][et_pb_image _builder_version=&#8220;3.13.1&#8243; src=&#8220;https:\/\/viaclinicadental.es\/wp-content\/uploads\/2017\/06\/csm_kiesB_859892b61f.png&#8220; animation_style=&#8220;slide&#8220; animation_duration=&#8220;500ms&#8220; animation_intensity_slide=&#8220;10%&#8220; animation_direction=&#8220;left&#8220; \/][\/et_pb_column][et_pb_column type=&#8220;1_2&#8243;][et_pb_image _builder_version=&#8220;3.0.53&#8243; src=&#8220;http:\/\/viaclinicadental.es\/wp-content\/uploads\/2017\/06\/csm_kiesA_2a3b956dd1.png&#8220; show_in_lightbox=&#8220;off&#8220; url_new_window=&#8220;off&#8220; use_overlay=&#8220;off&#8220; sticky=&#8220;off&#8220; align=&#8220;left&#8220; always_center_on_mobile=&#8220;on&#8220; border_style=&#8220;solid&#8220; force_fullwidth=&#8220;off&#8220; animation_style=&#8220;slide&#8220; animation_duration=&#8220;500ms&#8220; animation_intensity_slide=&#8220;10%&#8220; animation_direction=&#8220;left&#8220; show_bottom_space=&#8220;on&#8220; \/][\/et_pb_column][\/et_pb_row][\/et_pb_section]<\/p>\n","protected":false},"excerpt":{"rendered":"<p><div class=\"et_pb_row et_pb_row_0 et_pb_row_empty\">\n\t\t\t\t\n\t\t\t\t\n\t\t\t\t\n\t\t\t\t\n\t\t\t\t\n\t\t\t<\/div> Endodontie (Wurzelkanalbehandlung) Es kann mehrere Gr\u00fcnde f\u00fcr die Wurzelkanalbehandlung (Nervbehandlung) geben. Der Grund ist in der Regel starker Zahnschmerz. Der lebende Teil des Zahns, der Nerv kann so entz\u00fcndet sein, dass er entfernt werden muss, um die Schmerzen zu lindern. Bei einer Wurzelkanalbehandlung wird unter \u00f6rtlicher Bet\u00e4ubung das entz\u00fcndete Zahngewebe entfernt und die Kan\u00e4le [&hellip;]<\/p>\n","protected":false},"author":1,"featured_media":0,"parent":507,"menu_order":30,"comment_status":"closed","ping_status":"closed","template":"","meta":{"_acf_changed":false,"_et_pb_use_builder":"on","_et_pb_old_content":"<h1>Endodontologie<\/h1><p>Er kunnen diverse aanleidingen zijn voor een wortelkanaalbehandeling. Meestal is dat hevige kiespijn. Het levende deel (de zenuw) van de tand\/kies kan dan dermate ontstoken zijn, dat wij uw zenuw moeten verwijderen om van de pijn af te komen.<\/p><p>Tijdens een wortelkanaalbehandeling wordt het nog levende ontstoken tandweefsel verwijderd. Dit gebeurt onder plaatselijke verdoving. Vervolgens worden de kanaaltjes gereinigd, gedesinfecteerd en weer gevuld. Daarna wordt de tand of kies weer afgesloten met een vulling.<\/p><p>Zit er aan de wortelpunt een ontsteking, dan is de zenuw in de tand of kies al dood. Het dode zenuwweefsel zorgt voor de ontstekingsreactie. Deze wortelpuntontsteking kan door het kaakbot heen breken en een abces tot gevolg hebben. Dit kan heel gevaarlijk zijn. Zeker wanneer het abces in de onderkaak zit, met name aan de kant van de tong. Meestal breekt het door naar de wangzijde. Kom met zo\u2019n abces altijd naar de praktijk of neem, als wij niet aanwezig zijn, contact op met het spoednummer. De dienstdoende tandarts zal het dode zenuwweefsel uit de wortel verwijderen en de kanalen in de wortel schoonmaken. Vaak is het nodig om het abces open te maken om de pus er uit te laten lopen en daarna ook nog een een antibioticum te slikken.<\/p><h3>Flexibel<\/h3><p>Voor het leegmaken, reinigen en vullen van de wortelkanalen gebruiken wij speciale nikkel-titanium (niti) vijltjes. Wij doen dat niet meer zoals vroeger met de hand, maar \u2018mechanisch\u2019. Dit is minder tijdrovend, waardoor ook u minder lang in de stoel hoeft te liggen. Omdat de niti-vijltjes zeer buigzaam zijn, kunnen we de hele wortel goed bereiken en volledig reinigen. Tevens gebruiken wij een elektrische wortellengtebepaler waardoor we het aantal te maken r\u00f6ntgenfoto\u2019s tot een minimum kunnen beperken.<\/p><h3>Nazorg<\/h3><p>Na de wortelkanaalbehandeling houden we de tand of kies zes tot twaalf maanden in de gaten. Blijft daarna alles goed gaan, dan is het verstandig om de kies te voorzien van een kroon om hem zijn stevigheid terug te geven en breuk te voorkomen.<\/p>","_et_gb_content_width":"","footnotes":""},"class_list":["post-518","page","type-page","status-publish","hentry"],"acf":[],"yoast_head":"<!-- This site is optimized with the Yoast SEO plugin v27.3 - https:\/\/yoast.com\/product\/yoast-seo-wordpress\/ -->\n<title>Endodontie - VIA Cl\u00ednica Dental<\/title>\n<meta name=\"description\" content=\"Bei einer Wurzelkanalbehandlung wird unter \u00f6rtlicher Bet\u00e4ubung das entz\u00fcndete Zahngewebe entfernt und die Kan\u00e4le gereinigt, desinfiziert und gef\u00fcllt.\" \/>\n<meta name=\"robots\" content=\"index, follow, max-snippet:-1, max-image-preview:large, max-video-preview:-1\" \/>\n<link rel=\"canonical\" href=\"https:\/\/viaclinicadental.es\/de\/behandlungen\/endodontie\/\" \/>\n<meta property=\"og:locale\" content=\"de_DE\" \/>\n<meta property=\"og:type\" content=\"article\" \/>\n<meta property=\"og:title\" content=\"Endodontie - VIA Cl\u00ednica Dental\" \/>\n<meta property=\"og:description\" content=\"Bei einer Wurzelkanalbehandlung wird unter \u00f6rtlicher Bet\u00e4ubung das entz\u00fcndete Zahngewebe entfernt und die Kan\u00e4le gereinigt, desinfiziert und gef\u00fcllt.\" \/>\n<meta property=\"og:url\" content=\"https:\/\/viaclinicadental.es\/de\/behandlungen\/endodontie\/\" \/>\n<meta property=\"og:site_name\" content=\"VIA Cl\u00ednica Dental\" \/>\n<meta property=\"article:publisher\" content=\"https:\/\/www.facebook.com\/TeamViaClinicaDental\/\" \/>\n<meta property=\"article:modified_time\" content=\"2018-09-10T07:42:26+00:00\" \/>\n<meta name=\"twitter:card\" content=\"summary_large_image\" \/>\n<meta name=\"twitter:label1\" content=\"Gesch\u00e4tzte Lesezeit\" \/>\n\t<meta name=\"twitter:data1\" content=\"2\u00a0Minuten\" \/>\n<script type=\"application\/ld+json\" class=\"yoast-schema-graph\">{\"@context\":\"https:\\\/\\\/schema.org\",\"@graph\":[{\"@type\":\"WebPage\",\"@id\":\"https:\\\/\\\/viaclinicadental.es\\\/de\\\/behandlungen\\\/endodontie\\\/\",\"url\":\"https:\\\/\\\/viaclinicadental.es\\\/de\\\/behandlungen\\\/endodontie\\\/\",\"name\":\"Endodontie - VIA Cl\u00ednica Dental\",\"isPartOf\":{\"@id\":\"https:\\\/\\\/viaclinicadental.es\\\/de\\\/#website\"},\"datePublished\":\"2017-06-29T11:25:12+00:00\",\"dateModified\":\"2018-09-10T07:42:26+00:00\",\"description\":\"Bei einer Wurzelkanalbehandlung wird unter \u00f6rtlicher Bet\u00e4ubung das entz\u00fcndete Zahngewebe entfernt und die Kan\u00e4le gereinigt, desinfiziert und gef\u00fcllt.\",\"breadcrumb\":{\"@id\":\"https:\\\/\\\/viaclinicadental.es\\\/de\\\/behandlungen\\\/endodontie\\\/#breadcrumb\"},\"inLanguage\":\"de\",\"potentialAction\":[{\"@type\":\"ReadAction\",\"target\":[\"https:\\\/\\\/viaclinicadental.es\\\/de\\\/behandlungen\\\/endodontie\\\/\"]}]},{\"@type\":\"BreadcrumbList\",\"@id\":\"https:\\\/\\\/viaclinicadental.es\\\/de\\\/behandlungen\\\/endodontie\\\/#breadcrumb\",\"itemListElement\":[{\"@type\":\"ListItem\",\"position\":1,\"name\":\"Home\",\"item\":\"https:\\\/\\\/viaclinicadental.es\\\/de\\\/\"},{\"@type\":\"ListItem\",\"position\":2,\"name\":\"Behandlungen\",\"item\":\"https:\\\/\\\/viaclinicadental.es\\\/de\\\/tratamientos\\\/\"},{\"@type\":\"ListItem\",\"position\":3,\"name\":\"Endodontie\"}]},{\"@type\":\"WebSite\",\"@id\":\"https:\\\/\\\/viaclinicadental.es\\\/de\\\/#website\",\"url\":\"https:\\\/\\\/viaclinicadental.es\\\/de\\\/\",\"name\":\"VIA Cl\u00ednica Dental\",\"description\":\"Ihr Zahnarzt in Altea\",\"publisher\":{\"@id\":\"https:\\\/\\\/viaclinicadental.es\\\/de\\\/#organization\"},\"potentialAction\":[{\"@type\":\"SearchAction\",\"target\":{\"@type\":\"EntryPoint\",\"urlTemplate\":\"https:\\\/\\\/viaclinicadental.es\\\/de\\\/?s={search_term_string}\"},\"query-input\":{\"@type\":\"PropertyValueSpecification\",\"valueRequired\":true,\"valueName\":\"search_term_string\"}}],\"inLanguage\":\"de\"},{\"@type\":\"Organization\",\"@id\":\"https:\\\/\\\/viaclinicadental.es\\\/de\\\/#organization\",\"name\":\"VIA Clinica Dental Altea\",\"url\":\"https:\\\/\\\/viaclinicadental.es\\\/de\\\/\",\"logo\":{\"@type\":\"ImageObject\",\"inLanguage\":\"de\",\"@id\":\"https:\\\/\\\/viaclinicadental.es\\\/de\\\/#\\\/schema\\\/logo\\\/image\\\/\",\"url\":\"https:\\\/\\\/viaclinicadental.es\\\/wp-content\\\/uploads\\\/2018\\\/07\\\/nuevologo-shadow.png\",\"contentUrl\":\"https:\\\/\\\/viaclinicadental.es\\\/wp-content\\\/uploads\\\/2018\\\/07\\\/nuevologo-shadow.png\",\"width\":1000,\"height\":168,\"caption\":\"VIA Clinica Dental Altea\"},\"image\":{\"@id\":\"https:\\\/\\\/viaclinicadental.es\\\/de\\\/#\\\/schema\\\/logo\\\/image\\\/\"},\"sameAs\":[\"https:\\\/\\\/www.facebook.com\\\/TeamViaClinicaDental\\\/\"]}]}<\/script>\n<!-- \/ Yoast SEO plugin. -->","yoast_head_json":{"title":"Endodontie - VIA Cl\u00ednica Dental","description":"Bei einer Wurzelkanalbehandlung wird unter \u00f6rtlicher Bet\u00e4ubung das entz\u00fcndete Zahngewebe entfernt und die Kan\u00e4le gereinigt, desinfiziert und gef\u00fcllt.","robots":{"index":"index","follow":"follow","max-snippet":"max-snippet:-1","max-image-preview":"max-image-preview:large","max-video-preview":"max-video-preview:-1"},"canonical":"https:\/\/viaclinicadental.es\/de\/behandlungen\/endodontie\/","og_locale":"de_DE","og_type":"article","og_title":"Endodontie - VIA Cl\u00ednica Dental","og_description":"Bei einer Wurzelkanalbehandlung wird unter \u00f6rtlicher Bet\u00e4ubung das entz\u00fcndete Zahngewebe entfernt und die Kan\u00e4le gereinigt, desinfiziert und gef\u00fcllt.","og_url":"https:\/\/viaclinicadental.es\/de\/behandlungen\/endodontie\/","og_site_name":"VIA Cl\u00ednica Dental","article_publisher":"https:\/\/www.facebook.com\/TeamViaClinicaDental\/","article_modified_time":"2018-09-10T07:42:26+00:00","twitter_card":"summary_large_image","twitter_misc":{"Gesch\u00e4tzte Lesezeit":"2\u00a0Minuten"},"schema":{"@context":"https:\/\/schema.org","@graph":[{"@type":"WebPage","@id":"https:\/\/viaclinicadental.es\/de\/behandlungen\/endodontie\/","url":"https:\/\/viaclinicadental.es\/de\/behandlungen\/endodontie\/","name":"Endodontie - VIA Cl\u00ednica Dental","isPartOf":{"@id":"https:\/\/viaclinicadental.es\/de\/#website"},"datePublished":"2017-06-29T11:25:12+00:00","dateModified":"2018-09-10T07:42:26+00:00","description":"Bei einer Wurzelkanalbehandlung wird unter \u00f6rtlicher Bet\u00e4ubung das entz\u00fcndete Zahngewebe entfernt und die Kan\u00e4le gereinigt, desinfiziert und gef\u00fcllt.","breadcrumb":{"@id":"https:\/\/viaclinicadental.es\/de\/behandlungen\/endodontie\/#breadcrumb"},"inLanguage":"de","potentialAction":[{"@type":"ReadAction","target":["https:\/\/viaclinicadental.es\/de\/behandlungen\/endodontie\/"]}]},{"@type":"BreadcrumbList","@id":"https:\/\/viaclinicadental.es\/de\/behandlungen\/endodontie\/#breadcrumb","itemListElement":[{"@type":"ListItem","position":1,"name":"Home","item":"https:\/\/viaclinicadental.es\/de\/"},{"@type":"ListItem","position":2,"name":"Behandlungen","item":"https:\/\/viaclinicadental.es\/de\/tratamientos\/"},{"@type":"ListItem","position":3,"name":"Endodontie"}]},{"@type":"WebSite","@id":"https:\/\/viaclinicadental.es\/de\/#website","url":"https:\/\/viaclinicadental.es\/de\/","name":"VIA Cl\u00ednica Dental","description":"Ihr Zahnarzt in Altea","publisher":{"@id":"https:\/\/viaclinicadental.es\/de\/#organization"},"potentialAction":[{"@type":"SearchAction","target":{"@type":"EntryPoint","urlTemplate":"https:\/\/viaclinicadental.es\/de\/?s={search_term_string}"},"query-input":{"@type":"PropertyValueSpecification","valueRequired":true,"valueName":"search_term_string"}}],"inLanguage":"de"},{"@type":"Organization","@id":"https:\/\/viaclinicadental.es\/de\/#organization","name":"VIA Clinica Dental Altea","url":"https:\/\/viaclinicadental.es\/de\/","logo":{"@type":"ImageObject","inLanguage":"de","@id":"https:\/\/viaclinicadental.es\/de\/#\/schema\/logo\/image\/","url":"https:\/\/viaclinicadental.es\/wp-content\/uploads\/2018\/07\/nuevologo-shadow.png","contentUrl":"https:\/\/viaclinicadental.es\/wp-content\/uploads\/2018\/07\/nuevologo-shadow.png","width":1000,"height":168,"caption":"VIA Clinica Dental Altea"},"image":{"@id":"https:\/\/viaclinicadental.es\/de\/#\/schema\/logo\/image\/"},"sameAs":["https:\/\/www.facebook.com\/TeamViaClinicaDental\/"]}]}},"_links":{"self":[{"href":"https:\/\/viaclinicadental.es\/de\/wp-json\/wp\/v2\/pages\/518","targetHints":{"allow":["GET"]}}],"collection":[{"href":"https:\/\/viaclinicadental.es\/de\/wp-json\/wp\/v2\/pages"}],"about":[{"href":"https:\/\/viaclinicadental.es\/de\/wp-json\/wp\/v2\/types\/page"}],"author":[{"embeddable":true,"href":"https:\/\/viaclinicadental.es\/de\/wp-json\/wp\/v2\/users\/1"}],"replies":[{"embeddable":true,"href":"https:\/\/viaclinicadental.es\/de\/wp-json\/wp\/v2\/comments?post=518"}],"version-history":[{"count":2,"href":"https:\/\/viaclinicadental.es\/de\/wp-json\/wp\/v2\/pages\/518\/revisions"}],"predecessor-version":[{"id":1233,"href":"https:\/\/viaclinicadental.es\/de\/wp-json\/wp\/v2\/pages\/518\/revisions\/1233"}],"up":[{"embeddable":true,"href":"https:\/\/viaclinicadental.es\/de\/wp-json\/wp\/v2\/pages\/507"}],"wp:attachment":[{"href":"https:\/\/viaclinicadental.es\/de\/wp-json\/wp\/v2\/media?parent=518"}],"curies":[{"name":"wp","href":"https:\/\/api.w.org\/{rel}","templated":true}]}}