{"id":516,"date":"2017-06-29T13:26:55","date_gmt":"2017-06-29T11:26:55","guid":{"rendered":"http:\/\/viaclinicadental.es\/behandlungen\/parodontologie\/"},"modified":"2018-09-10T09:43:39","modified_gmt":"2018-09-10T07:43:39","slug":"parodontologie","status":"publish","type":"page","link":"https:\/\/viaclinicadental.es\/de\/behandlungen\/parodontologie\/","title":{"rendered":"Parodontologie"},"content":{"rendered":"<p>[et_pb_section bb_built=&#8220;1&#8243;][et_pb_row][et_pb_column type=&#8220;4_4&#8243;][et_pb_text _builder_version=&#8220;3.0.53&#8243; background_layout=&#8220;light&#8220; text_orientation=&#8220;justified&#8220; border_style=&#8220;solid&#8220;]<\/p>\n<h1>Parodontologie (Zahnfleischprobleme)<\/h1>\n<p><strong>Entz\u00fcndetes Zahnfleisch sieht weich, rot und geschwollen aus und kann leicht beim Putzen bluten. Eine oberfl\u00e4chliche Zahnfleischentz\u00fcndung wird auch Gingivitis genannt. <\/strong><\/p>\n<h3>Wie entsteht eine Gingivitis? <\/h3>\n<p>Bei mangelnder Zahnpflege vermehren sich die Bakterien im Mund schnell und es kommt auf der Zahnoberfl\u00e4che und am Zahnfleischrand zur Entstehung von Plaque (Zahnbel\u00e4ge), einer gelb-wei\u00dflichen, klebrigen Schicht aus Essensresten, Schleim und Bakterien. Wenn Sie Plaque nicht jeden Tag entfernen, sorgen die Bakterien f\u00fcr eine (jetzt noch oberfl\u00e4chliche) Entz\u00fcndung (Gingivitis). Plaque kann durch Speichel auch zu Zahnstein f\u00fchren, den Sie durch seine harte Struktur nicht mehr selbst wegputzen k\u00f6nnen. Ein Termin beim Zahnarzt oder Dentalhygieniker ist in dem Fall erforderlich. Wenn eine Gingivitis nicht behandelt wird, kommt es zu krankhafter Zahnfleischentz\u00fcndung (Parodontitis). Wobei es noch nicht aller Tage Abend ist.<\/p>\n<h3>Parodontitis<\/h3>\n<p>Bleibt eine Zahnfleischentz\u00fcndung zu lange unbehandelt, kann sich die oberfl\u00e4chliche Plaque oder der Zahnstein unter dem Zahnfleisch ausbreiten. Wenn man in diesem Stadium die Zahnfleischentz\u00fcndung nicht stoppt, kann die Zahnfleischentz\u00fcndung auf das St\u00fctzgewebe und den Kieferknochen \u00fcbergreifen und in langsamen Sch\u00fcben zu dessen Abbau f\u00fchren. Dies erzeugt einen vertieften Raum (Tasche) zwischen dem Zahn und dem Zahnfleisch, der sich mit Plaque und Zahnstein f\u00fcllt. Schreitet der Abbau weiter bis zur Wurzelspitze fort, verlieren Ihre Z\u00e4hne den Halt im St\u00fctzgewebe (Parodontium) und l\u00f6sen sich.<\/p>\n<h3>Gesundes Zahnfleisch &#8211; die Basis f\u00fcr gute Z\u00e4hne<\/h3>\n<p>W\u00e4hrend der regul\u00e4ren Kontrolle \u00fcberpr\u00fcfen wir, ob Ihr Zahnfleisch gesund ist, die F\u00fcllungen noch gut anschlie\u00dfen und ob sich Taschen unter dem Zahnfleischrand gebildet haben. Wo n\u00f6tig entfernen wir Plaque und Zahnstein. Zudem k\u00f6nnen wir als Schutz f\u00fcr die Z\u00e4hne eine Fluorid-Anwendung applizieren und Ihre Z\u00e4hne polieren. Bei Zahnfleischerkrankungen, die die Gesundheit der Z\u00e4hne bedrohen, erstellen wir einen Behandlungsplan.<\/p>\n<p>[\/et_pb_text][\/et_pb_column][\/et_pb_row][\/et_pb_section]<\/p>\n","protected":false},"excerpt":{"rendered":"<p><div class=\"et_pb_row et_pb_row_0 et_pb_row_empty\">\n\t\t\t\t\n\t\t\t\t\n\t\t\t\t\n\t\t\t\t\n\t\t\t\t\n\t\t\t<\/div> Parodontologie (Zahnfleischprobleme) Entz\u00fcndetes Zahnfleisch sieht weich, rot und geschwollen aus und kann leicht beim Putzen bluten. Eine oberfl\u00e4chliche Zahnfleischentz\u00fcndung wird auch Gingivitis genannt. Wie entsteht eine Gingivitis? Bei mangelnder Zahnpflege vermehren sich die Bakterien im Mund schnell und es kommt auf der Zahnoberfl\u00e4che und am Zahnfleischrand zur Entstehung von Plaque (Zahnbel\u00e4ge), einer gelb-wei\u00dflichen, klebrigen [&hellip;]<\/p>\n","protected":false},"author":1,"featured_media":0,"parent":507,"menu_order":40,"comment_status":"closed","ping_status":"closed","template":"","meta":{"_acf_changed":false,"_et_pb_use_builder":"on","_et_pb_old_content":"<h1>Tandvleesontsteking<\/h1><p>Ontstoken tandvlees ziet er zacht, rood en gezwollen uit en kan bij het poetsen gemakkelijk gaan bloeden. Een oppervlakkige tandvleesontsteking noemen we gingivitis. Dit kan op elke leeftijd voorkomen, maar doorgaans vooral boven het 10e -15e levensjaar.<\/p><h3>Hoe ontstaat gingivitis?<\/h3><p>Als u uw tanden niet of op een verkeerde manier poetst, blijft er tandplak op de tanden achter; dit is een wit\/geel kleverig laagje, bestaande uit voedselresten, slijm en verschillende soorten bacteri\u00ebn. Tandplak hecht zich vooral langs de tandvleesrand. Als u tandplak niet dagelijks verwijdert, zorgen de bacteri\u00ebn voor een (vooralsnog oppervlakkige) ontsteking (gingivitus). Tevens kan tandplak door speeksel verkalken tot tandsteen; dit is hard van structuur en kunt u zelf niet meer verwijderen. Een afspraak bij de tandarts\/ mondhygi\u00ebnist is dan noodzakelijk. Als gingivitus niet wordt behandeld, kan dit leiden tot parodontitis, U bent dan nog verder van huis!<\/p><h3>Parodontitis<\/h3><p>Blijft een tandvleesontsteking te lang onbehandeld, dan kan het oppervlakkige tandplak\/tandsteen zich tot onder het tandvlees uitbreiden. De bacteri\u00ebn nestelen zich dan tussen de tanden en het tandvlees en breken vervolgens de vezels en het kaakbot af. Hierdoor ontstaat een verdiepte ruimte (pocket) tussen de tand en het tandvlees, die zich langzaam vult met tandplak en tandsteen. Gaat deze afbraak door tot aan de wortelpunt, dan verliezen tanden en kiezen hun houvast aan het steunweefsel (parodontium) en zullen ze los gaan zitten.<\/p><h3>Gezond tandvlees: de basis voor een goed gebit<\/h3><p>Bij elke periodieke controle kijken wij hoe gezond uw tandvlees is, of de vullingen goed aansluiten en of er ruimten onder de tandvleesrand (pockets) zijn. Waar nodig worden tandplak en tandsteen verwijderd. Ook kunnen we gebitsbeschermende middelen zoals fluoride aanbrengen en uw gebit polijsten. Voor tandvleesproblemen die de mondgezondheid bedreigen maken we een behandelplan.<\/p>","_et_gb_content_width":"","footnotes":""},"class_list":["post-516","page","type-page","status-publish","hentry"],"acf":[],"yoast_head":"<!-- This site is optimized with the Yoast SEO plugin v27.5 - https:\/\/yoast.com\/product\/yoast-seo-wordpress\/ -->\n<title>Parodontologie - VIA Cl\u00ednica Dental: Ihr Zahnarzt in Altea<\/title>\n<meta name=\"description\" content=\"Bei mangelnder Zahnpflege vermehren sich die Bakterien im Mund schnell und es kommt auf der Zahnoberfl\u00e4che und am Zahnfleischrand zur Entstehung von Plaque.\" \/>\n<meta name=\"robots\" content=\"index, follow, max-snippet:-1, max-image-preview:large, max-video-preview:-1\" \/>\n<link rel=\"canonical\" href=\"https:\/\/viaclinicadental.es\/de\/behandlungen\/parodontologie\/\" \/>\n<meta property=\"og:locale\" content=\"de_DE\" \/>\n<meta property=\"og:type\" content=\"article\" \/>\n<meta property=\"og:title\" content=\"Parodontologie - VIA Cl\u00ednica Dental: Ihr Zahnarzt in Altea\" \/>\n<meta property=\"og:description\" content=\"Bei mangelnder Zahnpflege vermehren sich die Bakterien im Mund schnell und es kommt auf der Zahnoberfl\u00e4che und am Zahnfleischrand zur Entstehung von Plaque.\" \/>\n<meta property=\"og:url\" content=\"https:\/\/viaclinicadental.es\/de\/behandlungen\/parodontologie\/\" \/>\n<meta property=\"og:site_name\" content=\"VIA Cl\u00ednica Dental\" \/>\n<meta property=\"article:publisher\" content=\"https:\/\/www.facebook.com\/TeamViaClinicaDental\/\" \/>\n<meta property=\"article:modified_time\" content=\"2018-09-10T07:43:39+00:00\" \/>\n<meta name=\"twitter:card\" content=\"summary_large_image\" \/>\n<meta name=\"twitter:label1\" content=\"Gesch\u00e4tzte Lesezeit\" \/>\n\t<meta name=\"twitter:data1\" content=\"2\u00a0Minuten\" \/>\n<script type=\"application\/ld+json\" class=\"yoast-schema-graph\">{\"@context\":\"https:\\\/\\\/schema.org\",\"@graph\":[{\"@type\":\"WebPage\",\"@id\":\"https:\\\/\\\/viaclinicadental.es\\\/de\\\/behandlungen\\\/parodontologie\\\/\",\"url\":\"https:\\\/\\\/viaclinicadental.es\\\/de\\\/behandlungen\\\/parodontologie\\\/\",\"name\":\"Parodontologie - VIA Cl\u00ednica Dental: Ihr Zahnarzt in Altea\",\"isPartOf\":{\"@id\":\"https:\\\/\\\/viaclinicadental.es\\\/de\\\/#website\"},\"datePublished\":\"2017-06-29T11:26:55+00:00\",\"dateModified\":\"2018-09-10T07:43:39+00:00\",\"description\":\"Bei mangelnder Zahnpflege vermehren sich die Bakterien im Mund schnell und es kommt auf der Zahnoberfl\u00e4che und am Zahnfleischrand zur Entstehung von Plaque.\",\"breadcrumb\":{\"@id\":\"https:\\\/\\\/viaclinicadental.es\\\/de\\\/behandlungen\\\/parodontologie\\\/#breadcrumb\"},\"inLanguage\":\"de\",\"potentialAction\":[{\"@type\":\"ReadAction\",\"target\":[\"https:\\\/\\\/viaclinicadental.es\\\/de\\\/behandlungen\\\/parodontologie\\\/\"]}]},{\"@type\":\"BreadcrumbList\",\"@id\":\"https:\\\/\\\/viaclinicadental.es\\\/de\\\/behandlungen\\\/parodontologie\\\/#breadcrumb\",\"itemListElement\":[{\"@type\":\"ListItem\",\"position\":1,\"name\":\"Home\",\"item\":\"https:\\\/\\\/viaclinicadental.es\\\/de\\\/\"},{\"@type\":\"ListItem\",\"position\":2,\"name\":\"Behandlungen\",\"item\":\"https:\\\/\\\/viaclinicadental.es\\\/de\\\/tratamientos\\\/\"},{\"@type\":\"ListItem\",\"position\":3,\"name\":\"Parodontologie\"}]},{\"@type\":\"WebSite\",\"@id\":\"https:\\\/\\\/viaclinicadental.es\\\/de\\\/#website\",\"url\":\"https:\\\/\\\/viaclinicadental.es\\\/de\\\/\",\"name\":\"VIA Cl\u00ednica Dental\",\"description\":\"Ihr Zahnarzt in Altea\",\"publisher\":{\"@id\":\"https:\\\/\\\/viaclinicadental.es\\\/de\\\/#organization\"},\"potentialAction\":[{\"@type\":\"SearchAction\",\"target\":{\"@type\":\"EntryPoint\",\"urlTemplate\":\"https:\\\/\\\/viaclinicadental.es\\\/de\\\/?s={search_term_string}\"},\"query-input\":{\"@type\":\"PropertyValueSpecification\",\"valueRequired\":true,\"valueName\":\"search_term_string\"}}],\"inLanguage\":\"de\"},{\"@type\":\"Organization\",\"@id\":\"https:\\\/\\\/viaclinicadental.es\\\/de\\\/#organization\",\"name\":\"VIA Clinica Dental Altea\",\"url\":\"https:\\\/\\\/viaclinicadental.es\\\/de\\\/\",\"logo\":{\"@type\":\"ImageObject\",\"inLanguage\":\"de\",\"@id\":\"https:\\\/\\\/viaclinicadental.es\\\/de\\\/#\\\/schema\\\/logo\\\/image\\\/\",\"url\":\"https:\\\/\\\/viaclinicadental.es\\\/wp-content\\\/uploads\\\/2018\\\/07\\\/nuevologo-shadow.png\",\"contentUrl\":\"https:\\\/\\\/viaclinicadental.es\\\/wp-content\\\/uploads\\\/2018\\\/07\\\/nuevologo-shadow.png\",\"width\":1000,\"height\":168,\"caption\":\"VIA Clinica Dental Altea\"},\"image\":{\"@id\":\"https:\\\/\\\/viaclinicadental.es\\\/de\\\/#\\\/schema\\\/logo\\\/image\\\/\"},\"sameAs\":[\"https:\\\/\\\/www.facebook.com\\\/TeamViaClinicaDental\\\/\"]}]}<\/script>\n<!-- \/ Yoast SEO plugin. -->","yoast_head_json":{"title":"Parodontologie - VIA Cl\u00ednica Dental: Ihr Zahnarzt in Altea","description":"Bei mangelnder Zahnpflege vermehren sich die Bakterien im Mund schnell und es kommt auf der Zahnoberfl\u00e4che und am Zahnfleischrand zur Entstehung von Plaque.","robots":{"index":"index","follow":"follow","max-snippet":"max-snippet:-1","max-image-preview":"max-image-preview:large","max-video-preview":"max-video-preview:-1"},"canonical":"https:\/\/viaclinicadental.es\/de\/behandlungen\/parodontologie\/","og_locale":"de_DE","og_type":"article","og_title":"Parodontologie - VIA Cl\u00ednica Dental: Ihr Zahnarzt in Altea","og_description":"Bei mangelnder Zahnpflege vermehren sich die Bakterien im Mund schnell und es kommt auf der Zahnoberfl\u00e4che und am Zahnfleischrand zur Entstehung von Plaque.","og_url":"https:\/\/viaclinicadental.es\/de\/behandlungen\/parodontologie\/","og_site_name":"VIA Cl\u00ednica Dental","article_publisher":"https:\/\/www.facebook.com\/TeamViaClinicaDental\/","article_modified_time":"2018-09-10T07:43:39+00:00","twitter_card":"summary_large_image","twitter_misc":{"Gesch\u00e4tzte Lesezeit":"2\u00a0Minuten"},"schema":{"@context":"https:\/\/schema.org","@graph":[{"@type":"WebPage","@id":"https:\/\/viaclinicadental.es\/de\/behandlungen\/parodontologie\/","url":"https:\/\/viaclinicadental.es\/de\/behandlungen\/parodontologie\/","name":"Parodontologie - VIA Cl\u00ednica Dental: Ihr Zahnarzt in Altea","isPartOf":{"@id":"https:\/\/viaclinicadental.es\/de\/#website"},"datePublished":"2017-06-29T11:26:55+00:00","dateModified":"2018-09-10T07:43:39+00:00","description":"Bei mangelnder Zahnpflege vermehren sich die Bakterien im Mund schnell und es kommt auf der Zahnoberfl\u00e4che und am Zahnfleischrand zur Entstehung von Plaque.","breadcrumb":{"@id":"https:\/\/viaclinicadental.es\/de\/behandlungen\/parodontologie\/#breadcrumb"},"inLanguage":"de","potentialAction":[{"@type":"ReadAction","target":["https:\/\/viaclinicadental.es\/de\/behandlungen\/parodontologie\/"]}]},{"@type":"BreadcrumbList","@id":"https:\/\/viaclinicadental.es\/de\/behandlungen\/parodontologie\/#breadcrumb","itemListElement":[{"@type":"ListItem","position":1,"name":"Home","item":"https:\/\/viaclinicadental.es\/de\/"},{"@type":"ListItem","position":2,"name":"Behandlungen","item":"https:\/\/viaclinicadental.es\/de\/tratamientos\/"},{"@type":"ListItem","position":3,"name":"Parodontologie"}]},{"@type":"WebSite","@id":"https:\/\/viaclinicadental.es\/de\/#website","url":"https:\/\/viaclinicadental.es\/de\/","name":"VIA Cl\u00ednica Dental","description":"Ihr Zahnarzt in Altea","publisher":{"@id":"https:\/\/viaclinicadental.es\/de\/#organization"},"potentialAction":[{"@type":"SearchAction","target":{"@type":"EntryPoint","urlTemplate":"https:\/\/viaclinicadental.es\/de\/?s={search_term_string}"},"query-input":{"@type":"PropertyValueSpecification","valueRequired":true,"valueName":"search_term_string"}}],"inLanguage":"de"},{"@type":"Organization","@id":"https:\/\/viaclinicadental.es\/de\/#organization","name":"VIA Clinica Dental Altea","url":"https:\/\/viaclinicadental.es\/de\/","logo":{"@type":"ImageObject","inLanguage":"de","@id":"https:\/\/viaclinicadental.es\/de\/#\/schema\/logo\/image\/","url":"https:\/\/viaclinicadental.es\/wp-content\/uploads\/2018\/07\/nuevologo-shadow.png","contentUrl":"https:\/\/viaclinicadental.es\/wp-content\/uploads\/2018\/07\/nuevologo-shadow.png","width":1000,"height":168,"caption":"VIA Clinica Dental Altea"},"image":{"@id":"https:\/\/viaclinicadental.es\/de\/#\/schema\/logo\/image\/"},"sameAs":["https:\/\/www.facebook.com\/TeamViaClinicaDental\/"]}]}},"_links":{"self":[{"href":"https:\/\/viaclinicadental.es\/de\/wp-json\/wp\/v2\/pages\/516","targetHints":{"allow":["GET"]}}],"collection":[{"href":"https:\/\/viaclinicadental.es\/de\/wp-json\/wp\/v2\/pages"}],"about":[{"href":"https:\/\/viaclinicadental.es\/de\/wp-json\/wp\/v2\/types\/page"}],"author":[{"embeddable":true,"href":"https:\/\/viaclinicadental.es\/de\/wp-json\/wp\/v2\/users\/1"}],"replies":[{"embeddable":true,"href":"https:\/\/viaclinicadental.es\/de\/wp-json\/wp\/v2\/comments?post=516"}],"version-history":[{"count":2,"href":"https:\/\/viaclinicadental.es\/de\/wp-json\/wp\/v2\/pages\/516\/revisions"}],"predecessor-version":[{"id":1234,"href":"https:\/\/viaclinicadental.es\/de\/wp-json\/wp\/v2\/pages\/516\/revisions\/1234"}],"up":[{"embeddable":true,"href":"https:\/\/viaclinicadental.es\/de\/wp-json\/wp\/v2\/pages\/507"}],"wp:attachment":[{"href":"https:\/\/viaclinicadental.es\/de\/wp-json\/wp\/v2\/media?parent=516"}],"curies":[{"name":"wp","href":"https:\/\/api.w.org\/{rel}","templated":true}]}}