{"id":514,"date":"2017-06-29T13:28:08","date_gmt":"2017-06-29T11:28:08","guid":{"rendered":"http:\/\/viaclinicadental.es\/behandlungen\/kieferchirurgie\/"},"modified":"2018-09-10T09:45:08","modified_gmt":"2018-09-10T07:45:08","slug":"kieferchirurgie","status":"publish","type":"page","link":"https:\/\/viaclinicadental.es\/de\/behandlungen\/kieferchirurgie\/","title":{"rendered":"Kieferchirurgie"},"content":{"rendered":"<p>[et_pb_section bb_built=&#8220;1&#8243;][et_pb_row][et_pb_column type=&#8220;4_4&#8243;][et_pb_text _builder_version=&#8220;3.13.1&#8243; text_orientation=&#8220;justified&#8220;]<\/p>\n<h1>Kieferchirurgie<\/h1>\n<p><strong>Die h\u00e4ufigste kieferchirurgische Behandlung in unserer Praxis ist das Ziehen eines Zahns. Wir f\u00fchren aber auch Operationen am Zahnfleisch durch oder setzen Implantate ein (siehe Parodontologie und Implantologie).<\/strong><\/p>\n<h3>Das Ziehen eines Zahnes<\/h3>\n<p>Wenn Sie einen Termin zum Ziehen eines Zahns haben, k\u00f6nnen Sie davor normal essen und gegebenenfalls Ihre Medikamente einnehmen. Wenn Sie gerinnungshemmende Medikamente einnehmen, m\u00fcssen Sie uns dies allerdings einige Zeit vor der Behandlung mitteilen. Es immer ratsam, eine Medikamentenliste, der Medikamente, die Sie einnehmen, bei sich zu tragen.<\/p>\n<p>Das Ziehen eines Zahnes wird immer unter \u00f6rtlicher Bet\u00e4ubung durchgef\u00fchrt und ist schmerzlos. Sobald die Bet\u00e4ubung wirkt, wird der Zahn mit Dreh- oder Seitw\u00e4rtsbewegungen los gemacht. In der Regel kann der Zahn als Ganzes gezogen werden. Sollte der Zahn zu fest sitzen, oder in sehr schlechter Verfassung sein, wird er in Teilen entfernt.<\/p>\n<h3>Nachsorge<\/h3>\n<ul>\n<li>Nehmen Sie, bis die Bet\u00e4ubung ausgewirkt ist, keine warmen Speisen und Getr\u00e4nke zu sich.<\/li>\n<li>Reinigen Sie in den ersten 24 Stunden nach dem Ziehen des Zahnes die Wunde nicht. Ihre anderen Z\u00e4hne k\u00f6nnen Sie normal putzen.<\/li>\n<li>Mit einem antibakteriellen Mundwasser k\u00f6nnen Sie den Bereich der Wunde sauber halten.<\/li>\n<li>Schr\u00e4nken Sie in den ersten Tagen Alkoholgebrauch und Rauchen soweit wie m\u00f6glich ein.<\/li>\n<li>Den Thrombus, der sich auf der Wunde gebildet hat, bitte nicht entfernen. Er besch\u00fctzt den Knochen.<\/li>\n<li>Bei Schmerzen k\u00f6nnen Sie Ibuprofen oder Paracetamol einnehmen.<\/li>\n<\/ul>\n<p>[\/et_pb_text][\/et_pb_column][\/et_pb_row][\/et_pb_section]<\/p>\n","protected":false},"excerpt":{"rendered":"<p><div class=\"et_pb_row et_pb_row_0 et_pb_row_empty\">\n\t\t\t\t\n\t\t\t\t\n\t\t\t\t\n\t\t\t\t\n\t\t\t\t\n\t\t\t<\/div> Kieferchirurgie Die h\u00e4ufigste kieferchirurgische Behandlung in unserer Praxis ist das Ziehen eines Zahns. Wir f\u00fchren aber auch Operationen am Zahnfleisch durch oder setzen Implantate ein (siehe Parodontologie und Implantologie). Das Ziehen eines Zahnes Wenn Sie einen Termin zum Ziehen eines Zahns haben, k\u00f6nnen Sie davor normal essen und gegebenenfalls Ihre Medikamente einnehmen. Wenn Sie [&hellip;]<\/p>\n","protected":false},"author":1,"featured_media":0,"parent":507,"menu_order":50,"comment_status":"closed","ping_status":"closed","template":"","meta":{"_acf_changed":false,"_et_pb_use_builder":"on","_et_pb_old_content":"<h1>Kaakchirurgie<\/h1><p>De meest voorkomende kaakchirurgische behandeling in onze praktijk is het trekken van een tand of kies. Maar ook operaties aan het tandvlees of het plaatsen van implantaten vallen hieronder (zie parodontologie en implantologie).<\/p><h3>Het trekken van een tand of kies<\/h3><p>Als u een afspraak heeft voor het trekken van een tand of kies moet u van tevoren gewoon goed eten. Slikt u medicijnen, neem die dan gewoon in. Gebruikt u antistollingsmedicatie, meldt dit dan ruim van tevoren. Het is overigens raadzaam om altijd een lijstje bij u te hebben met de geneesmiddelen die u gebruikt.<\/p><p>Het trekken van een tand of kies gebeurt meestal pijnloos onder lokale verdoving. Zodra deze is ingewerkt, maken wij uw tand\/kies los door een draaiende of wrikkende beweging te maken. Meestal wordt de tand of kies er in zijn geheel uitgetrokken. Als de tand of kies erg vast zit of in zeer slechte staat verkeert, wordt hij er veelal in delen uitgehaald.<\/p><h3>Aanbevelingen<\/h3><ul><li>Eet of drink niks warms tot de verdoving is uitgewerkt.<\/li><li>Reinig ook de plaats van de wond de eerste 24 uur na het trekken niet. Poets wel uw andere tanden zoals u normaal doet. U kunt de omgeving van de wond schoonhouden met een antibacterieel mondspoelmiddel.<\/li><li>Beperk de eerste dag na het trekken ook het roken of alcohol drinken tot een minimum<\/li><li>Laat de bloedprop die zich vormt met rust. Deze bloedprop beschermt het bot.<\/li><li>Tegen mogelijke napijn kunt u pijnstillers (paracetamol of ibuprofen) innemen.<\/li><\/ul>","_et_gb_content_width":"","footnotes":""},"class_list":["post-514","page","type-page","status-publish","hentry"],"acf":[],"yoast_head":"<!-- This site is optimized with the Yoast SEO plugin v27.3 - https:\/\/yoast.com\/product\/yoast-seo-wordpress\/ -->\n<title>Kieferchirurgie - VIA Cl\u00ednica Dental: Ihr Zahnarzt in Altea<\/title>\n<meta name=\"description\" content=\"Die h\u00e4ufigste kieferchirurgische Behandlung in unserer Praxis ist das Ziehen eines Zahn und Implantologie.\" \/>\n<meta name=\"robots\" content=\"index, follow, max-snippet:-1, max-image-preview:large, max-video-preview:-1\" \/>\n<link rel=\"canonical\" href=\"https:\/\/viaclinicadental.es\/de\/behandlungen\/kieferchirurgie\/\" \/>\n<meta property=\"og:locale\" content=\"de_DE\" \/>\n<meta property=\"og:type\" content=\"article\" \/>\n<meta property=\"og:title\" content=\"Kieferchirurgie - VIA Cl\u00ednica Dental: Ihr Zahnarzt in Altea\" \/>\n<meta property=\"og:description\" content=\"Die h\u00e4ufigste kieferchirurgische Behandlung in unserer Praxis ist das Ziehen eines Zahn und Implantologie.\" \/>\n<meta property=\"og:url\" content=\"https:\/\/viaclinicadental.es\/de\/behandlungen\/kieferchirurgie\/\" \/>\n<meta property=\"og:site_name\" content=\"VIA Cl\u00ednica Dental\" \/>\n<meta property=\"article:publisher\" content=\"https:\/\/www.facebook.com\/TeamViaClinicaDental\/\" \/>\n<meta property=\"article:modified_time\" content=\"2018-09-10T07:45:08+00:00\" \/>\n<meta name=\"twitter:card\" content=\"summary_large_image\" \/>\n<meta name=\"twitter:label1\" content=\"Gesch\u00e4tzte Lesezeit\" \/>\n\t<meta name=\"twitter:data1\" content=\"1\u00a0Minute\" \/>\n<script type=\"application\/ld+json\" class=\"yoast-schema-graph\">{\"@context\":\"https:\\\/\\\/schema.org\",\"@graph\":[{\"@type\":\"WebPage\",\"@id\":\"https:\\\/\\\/viaclinicadental.es\\\/de\\\/behandlungen\\\/kieferchirurgie\\\/\",\"url\":\"https:\\\/\\\/viaclinicadental.es\\\/de\\\/behandlungen\\\/kieferchirurgie\\\/\",\"name\":\"Kieferchirurgie - VIA Cl\u00ednica Dental: Ihr Zahnarzt in Altea\",\"isPartOf\":{\"@id\":\"https:\\\/\\\/viaclinicadental.es\\\/de\\\/#website\"},\"datePublished\":\"2017-06-29T11:28:08+00:00\",\"dateModified\":\"2018-09-10T07:45:08+00:00\",\"description\":\"Die h\u00e4ufigste kieferchirurgische Behandlung in unserer Praxis ist das Ziehen eines Zahn und Implantologie.\",\"breadcrumb\":{\"@id\":\"https:\\\/\\\/viaclinicadental.es\\\/de\\\/behandlungen\\\/kieferchirurgie\\\/#breadcrumb\"},\"inLanguage\":\"de\",\"potentialAction\":[{\"@type\":\"ReadAction\",\"target\":[\"https:\\\/\\\/viaclinicadental.es\\\/de\\\/behandlungen\\\/kieferchirurgie\\\/\"]}]},{\"@type\":\"BreadcrumbList\",\"@id\":\"https:\\\/\\\/viaclinicadental.es\\\/de\\\/behandlungen\\\/kieferchirurgie\\\/#breadcrumb\",\"itemListElement\":[{\"@type\":\"ListItem\",\"position\":1,\"name\":\"Home\",\"item\":\"https:\\\/\\\/viaclinicadental.es\\\/de\\\/\"},{\"@type\":\"ListItem\",\"position\":2,\"name\":\"Behandlungen\",\"item\":\"https:\\\/\\\/viaclinicadental.es\\\/de\\\/tratamientos\\\/\"},{\"@type\":\"ListItem\",\"position\":3,\"name\":\"Kieferchirurgie\"}]},{\"@type\":\"WebSite\",\"@id\":\"https:\\\/\\\/viaclinicadental.es\\\/de\\\/#website\",\"url\":\"https:\\\/\\\/viaclinicadental.es\\\/de\\\/\",\"name\":\"VIA Cl\u00ednica Dental\",\"description\":\"Ihr Zahnarzt in Altea\",\"publisher\":{\"@id\":\"https:\\\/\\\/viaclinicadental.es\\\/de\\\/#organization\"},\"potentialAction\":[{\"@type\":\"SearchAction\",\"target\":{\"@type\":\"EntryPoint\",\"urlTemplate\":\"https:\\\/\\\/viaclinicadental.es\\\/de\\\/?s={search_term_string}\"},\"query-input\":{\"@type\":\"PropertyValueSpecification\",\"valueRequired\":true,\"valueName\":\"search_term_string\"}}],\"inLanguage\":\"de\"},{\"@type\":\"Organization\",\"@id\":\"https:\\\/\\\/viaclinicadental.es\\\/de\\\/#organization\",\"name\":\"VIA Clinica Dental Altea\",\"url\":\"https:\\\/\\\/viaclinicadental.es\\\/de\\\/\",\"logo\":{\"@type\":\"ImageObject\",\"inLanguage\":\"de\",\"@id\":\"https:\\\/\\\/viaclinicadental.es\\\/de\\\/#\\\/schema\\\/logo\\\/image\\\/\",\"url\":\"https:\\\/\\\/viaclinicadental.es\\\/wp-content\\\/uploads\\\/2018\\\/07\\\/nuevologo-shadow.png\",\"contentUrl\":\"https:\\\/\\\/viaclinicadental.es\\\/wp-content\\\/uploads\\\/2018\\\/07\\\/nuevologo-shadow.png\",\"width\":1000,\"height\":168,\"caption\":\"VIA Clinica Dental Altea\"},\"image\":{\"@id\":\"https:\\\/\\\/viaclinicadental.es\\\/de\\\/#\\\/schema\\\/logo\\\/image\\\/\"},\"sameAs\":[\"https:\\\/\\\/www.facebook.com\\\/TeamViaClinicaDental\\\/\"]}]}<\/script>\n<!-- \/ Yoast SEO plugin. -->","yoast_head_json":{"title":"Kieferchirurgie - VIA Cl\u00ednica Dental: Ihr Zahnarzt in Altea","description":"Die h\u00e4ufigste kieferchirurgische Behandlung in unserer Praxis ist das Ziehen eines Zahn und Implantologie.","robots":{"index":"index","follow":"follow","max-snippet":"max-snippet:-1","max-image-preview":"max-image-preview:large","max-video-preview":"max-video-preview:-1"},"canonical":"https:\/\/viaclinicadental.es\/de\/behandlungen\/kieferchirurgie\/","og_locale":"de_DE","og_type":"article","og_title":"Kieferchirurgie - VIA Cl\u00ednica Dental: Ihr Zahnarzt in Altea","og_description":"Die h\u00e4ufigste kieferchirurgische Behandlung in unserer Praxis ist das Ziehen eines Zahn und Implantologie.","og_url":"https:\/\/viaclinicadental.es\/de\/behandlungen\/kieferchirurgie\/","og_site_name":"VIA Cl\u00ednica Dental","article_publisher":"https:\/\/www.facebook.com\/TeamViaClinicaDental\/","article_modified_time":"2018-09-10T07:45:08+00:00","twitter_card":"summary_large_image","twitter_misc":{"Gesch\u00e4tzte Lesezeit":"1\u00a0Minute"},"schema":{"@context":"https:\/\/schema.org","@graph":[{"@type":"WebPage","@id":"https:\/\/viaclinicadental.es\/de\/behandlungen\/kieferchirurgie\/","url":"https:\/\/viaclinicadental.es\/de\/behandlungen\/kieferchirurgie\/","name":"Kieferchirurgie - VIA Cl\u00ednica Dental: Ihr Zahnarzt in Altea","isPartOf":{"@id":"https:\/\/viaclinicadental.es\/de\/#website"},"datePublished":"2017-06-29T11:28:08+00:00","dateModified":"2018-09-10T07:45:08+00:00","description":"Die h\u00e4ufigste kieferchirurgische Behandlung in unserer Praxis ist das Ziehen eines Zahn und Implantologie.","breadcrumb":{"@id":"https:\/\/viaclinicadental.es\/de\/behandlungen\/kieferchirurgie\/#breadcrumb"},"inLanguage":"de","potentialAction":[{"@type":"ReadAction","target":["https:\/\/viaclinicadental.es\/de\/behandlungen\/kieferchirurgie\/"]}]},{"@type":"BreadcrumbList","@id":"https:\/\/viaclinicadental.es\/de\/behandlungen\/kieferchirurgie\/#breadcrumb","itemListElement":[{"@type":"ListItem","position":1,"name":"Home","item":"https:\/\/viaclinicadental.es\/de\/"},{"@type":"ListItem","position":2,"name":"Behandlungen","item":"https:\/\/viaclinicadental.es\/de\/tratamientos\/"},{"@type":"ListItem","position":3,"name":"Kieferchirurgie"}]},{"@type":"WebSite","@id":"https:\/\/viaclinicadental.es\/de\/#website","url":"https:\/\/viaclinicadental.es\/de\/","name":"VIA Cl\u00ednica Dental","description":"Ihr Zahnarzt in Altea","publisher":{"@id":"https:\/\/viaclinicadental.es\/de\/#organization"},"potentialAction":[{"@type":"SearchAction","target":{"@type":"EntryPoint","urlTemplate":"https:\/\/viaclinicadental.es\/de\/?s={search_term_string}"},"query-input":{"@type":"PropertyValueSpecification","valueRequired":true,"valueName":"search_term_string"}}],"inLanguage":"de"},{"@type":"Organization","@id":"https:\/\/viaclinicadental.es\/de\/#organization","name":"VIA Clinica Dental Altea","url":"https:\/\/viaclinicadental.es\/de\/","logo":{"@type":"ImageObject","inLanguage":"de","@id":"https:\/\/viaclinicadental.es\/de\/#\/schema\/logo\/image\/","url":"https:\/\/viaclinicadental.es\/wp-content\/uploads\/2018\/07\/nuevologo-shadow.png","contentUrl":"https:\/\/viaclinicadental.es\/wp-content\/uploads\/2018\/07\/nuevologo-shadow.png","width":1000,"height":168,"caption":"VIA Clinica Dental Altea"},"image":{"@id":"https:\/\/viaclinicadental.es\/de\/#\/schema\/logo\/image\/"},"sameAs":["https:\/\/www.facebook.com\/TeamViaClinicaDental\/"]}]}},"_links":{"self":[{"href":"https:\/\/viaclinicadental.es\/de\/wp-json\/wp\/v2\/pages\/514","targetHints":{"allow":["GET"]}}],"collection":[{"href":"https:\/\/viaclinicadental.es\/de\/wp-json\/wp\/v2\/pages"}],"about":[{"href":"https:\/\/viaclinicadental.es\/de\/wp-json\/wp\/v2\/types\/page"}],"author":[{"embeddable":true,"href":"https:\/\/viaclinicadental.es\/de\/wp-json\/wp\/v2\/users\/1"}],"replies":[{"embeddable":true,"href":"https:\/\/viaclinicadental.es\/de\/wp-json\/wp\/v2\/comments?post=514"}],"version-history":[{"count":2,"href":"https:\/\/viaclinicadental.es\/de\/wp-json\/wp\/v2\/pages\/514\/revisions"}],"predecessor-version":[{"id":1235,"href":"https:\/\/viaclinicadental.es\/de\/wp-json\/wp\/v2\/pages\/514\/revisions\/1235"}],"up":[{"embeddable":true,"href":"https:\/\/viaclinicadental.es\/de\/wp-json\/wp\/v2\/pages\/507"}],"wp:attachment":[{"href":"https:\/\/viaclinicadental.es\/de\/wp-json\/wp\/v2\/media?parent=514"}],"curies":[{"name":"wp","href":"https:\/\/api.w.org\/{rel}","templated":true}]}}