{"id":505,"date":"2017-06-21T15:48:32","date_gmt":"2017-06-21T13:48:32","guid":{"rendered":"http:\/\/viaclinicadental.es\/kontakt\/"},"modified":"2026-02-12T15:24:43","modified_gmt":"2026-02-12T14:24:43","slug":"kontakt","status":"publish","type":"page","link":"https:\/\/viaclinicadental.es\/de\/kontakt\/","title":{"rendered":"Kontakt"},"content":{"rendered":"<p>[et_pb_section fb_built=&#8220;1&#8243; admin_label=&#8220;section&#8220; _builder_version=&#8220;4.16&#8243; global_colors_info=&#8220;{}&#8220;][et_pb_row admin_label=&#8220;row&#8220; _builder_version=&#8220;4.16&#8243; background_size=&#8220;initial&#8220; background_position=&#8220;top_left&#8220; background_repeat=&#8220;repeat&#8220; global_colors_info=&#8220;{}&#8220;][et_pb_column type=&#8220;4_4&#8243; _builder_version=&#8220;4.16&#8243; custom_padding=&#8220;|||&#8220; global_colors_info=&#8220;{}&#8220; custom_padding__hover=&#8220;|||&#8220;][et_pb_text _builder_version=&#8220;4.16&#8243; background_size=&#8220;initial&#8220; background_position=&#8220;top_left&#8220; background_repeat=&#8220;repeat&#8220; text_orientation=&#8220;justified&#8220; global_colors_info=&#8220;{}&#8220;]<\/p>\n<h1>Termin machen?<\/h1>\n<p><\/p>\n<p>F\u00fcr Terminvereinbarungen und\/oder weitere Informationen setzen Sie sich bitte mit unserer Praxis in Verbindung. Montag &#8211; Freitag von 09.30 \u2013 19.00 Uhr; Telefon: (+34) 96 611 54 24. Oder besuchen sie uns in unserer Praxis. Wir begr\u00fc\u00dfen Sie gern! F\u00fcr weitere Informationen k\u00f6nnen Sie uns auch <a href=\"mailto:info@viaclinicadental.es\">eine E-Mail senden<\/a>. Au\u00dferhalb der \u00d6ffnungszeiten k\u00f6nnen Sie sich bei Notf\u00e4llen an die Rufnummer (+34) 661 600 740 wenden.<\/p>\n<p>[\/et_pb_text][\/et_pb_column][\/et_pb_row][\/et_pb_section][et_pb_section fb_built=&#8220;1&#8243; _builder_version=&#8220;4.16&#8243; global_colors_info=&#8220;{}&#8220;][et_pb_row _builder_version=&#8220;4.16&#8243; background_size=&#8220;initial&#8220; background_position=&#8220;top_left&#8220; background_repeat=&#8220;repeat&#8220; global_colors_info=&#8220;{}&#8220;][et_pb_column type=&#8220;4_4&#8243; _builder_version=&#8220;4.16&#8243; custom_padding=&#8220;|||&#8220; global_colors_info=&#8220;{}&#8220; custom_padding__hover=&#8220;|||&#8220;][et_pb_heading title=&#8220;Kontakt Formular&#8220; _builder_version=&#8220;4.27.5&#8243; _module_preset=&#8220;default&#8220; global_colors_info=&#8220;{}&#8220;][\/et_pb_heading][et_pb_contact_form email=&#8220;info@viaclinicadental.es&#8220; _builder_version=&#8220;4.27.5&#8243; _module_preset=&#8220;default&#8220; _unique_id=&#8220;c26e4bbc-6d87-426d-a7f0-be811e7d7d89&#8243; global_colors_info=&#8220;{}&#8220;][et_pb_contact_field field_id=&#8220;Name&#8220; field_title=&#8220;Name&#8220; _builder_version=&#8220;4.27.5&#8243; global_colors_info=&#8220;{}&#8220; button_text_size__hover_enabled=&#8220;off&#8220; button_one_text_size__hover_enabled=&#8220;off&#8220; button_two_text_size__hover_enabled=&#8220;off&#8220; button_text_color__hover_enabled=&#8220;off&#8220; button_one_text_color__hover_enabled=&#8220;off&#8220; button_two_text_color__hover_enabled=&#8220;off&#8220; button_border_width__hover_enabled=&#8220;off&#8220; button_one_border_width__hover_enabled=&#8220;off&#8220; button_two_border_width__hover_enabled=&#8220;off&#8220; button_border_color__hover_enabled=&#8220;off&#8220; button_one_border_color__hover_enabled=&#8220;off&#8220; button_two_border_color__hover_enabled=&#8220;off&#8220; button_border_radius__hover_enabled=&#8220;off&#8220; button_one_border_radius__hover_enabled=&#8220;off&#8220; button_two_border_radius__hover_enabled=&#8220;off&#8220; button_letter_spacing__hover_enabled=&#8220;off&#8220; button_one_letter_spacing__hover_enabled=&#8220;off&#8220; button_two_letter_spacing__hover_enabled=&#8220;off&#8220; button_bg_color__hover_enabled=&#8220;off&#8220; button_one_bg_color__hover_enabled=&#8220;off&#8220; button_two_bg_color__hover_enabled=&#8220;off&#8220;][\/et_pb_contact_field][et_pb_contact_field field_id=&#8220;Email&#8220; field_title=&#8220;E-mail Adresse&#8220; field_type=&#8220;email&#8220; _builder_version=&#8220;4.16&#8243; global_colors_info=&#8220;{}&#8220; button_text_size__hover_enabled=&#8220;off&#8220; button_one_text_size__hover_enabled=&#8220;off&#8220; button_two_text_size__hover_enabled=&#8220;off&#8220; button_text_color__hover_enabled=&#8220;off&#8220; button_one_text_color__hover_enabled=&#8220;off&#8220; button_two_text_color__hover_enabled=&#8220;off&#8220; button_border_width__hover_enabled=&#8220;off&#8220; button_one_border_width__hover_enabled=&#8220;off&#8220; button_two_border_width__hover_enabled=&#8220;off&#8220; button_border_color__hover_enabled=&#8220;off&#8220; button_one_border_color__hover_enabled=&#8220;off&#8220; button_two_border_color__hover_enabled=&#8220;off&#8220; button_border_radius__hover_enabled=&#8220;off&#8220; button_one_border_radius__hover_enabled=&#8220;off&#8220; button_two_border_radius__hover_enabled=&#8220;off&#8220; button_letter_spacing__hover_enabled=&#8220;off&#8220; button_one_letter_spacing__hover_enabled=&#8220;off&#8220; button_two_letter_spacing__hover_enabled=&#8220;off&#8220; button_bg_color__hover_enabled=&#8220;off&#8220; button_one_bg_color__hover_enabled=&#8220;off&#8220; button_two_bg_color__hover_enabled=&#8220;off&#8220;][\/et_pb_contact_field][et_pb_contact_field field_id=&#8220;Telefoon&#8220; field_title=&#8220;Telefon&#8220; fullwidth_field=&#8220;on&#8220; _builder_version=&#8220;4.27.5&#8243; _module_preset=&#8220;default&#8220; global_colors_info=&#8220;{}&#8220;][\/et_pb_contact_field][et_pb_contact_field field_id=&#8220;Message&#8220; field_title=&#8220;Nachricht&#8220; field_type=&#8220;text&#8220; fullwidth_field=&#8220;on&#8220; _builder_version=&#8220;4.27.5&#8243; global_colors_info=&#8220;{}&#8220; button_text_size__hover_enabled=&#8220;off&#8220; button_one_text_size__hover_enabled=&#8220;off&#8220; button_two_text_size__hover_enabled=&#8220;off&#8220; button_text_color__hover_enabled=&#8220;off&#8220; button_one_text_color__hover_enabled=&#8220;off&#8220; button_two_text_color__hover_enabled=&#8220;off&#8220; button_border_width__hover_enabled=&#8220;off&#8220; button_one_border_width__hover_enabled=&#8220;off&#8220; button_two_border_width__hover_enabled=&#8220;off&#8220; button_border_color__hover_enabled=&#8220;off&#8220; button_one_border_color__hover_enabled=&#8220;off&#8220; button_two_border_color__hover_enabled=&#8220;off&#8220; button_border_radius__hover_enabled=&#8220;off&#8220; button_one_border_radius__hover_enabled=&#8220;off&#8220; button_two_border_radius__hover_enabled=&#8220;off&#8220; button_letter_spacing__hover_enabled=&#8220;off&#8220; button_one_letter_spacing__hover_enabled=&#8220;off&#8220; button_two_letter_spacing__hover_enabled=&#8220;off&#8220; button_bg_color__hover_enabled=&#8220;off&#8220; button_one_bg_color__hover_enabled=&#8220;off&#8220; button_two_bg_color__hover_enabled=&#8220;off&#8220;][\/et_pb_contact_field][\/et_pb_contact_form][\/et_pb_column][\/et_pb_row][\/et_pb_section][et_pb_section fb_built=&#8220;1&#8243; _builder_version=&#8220;4.16&#8243; custom_margin=&#8220;||0px||false|false&#8220; custom_padding=&#8220;0px||0px|&#8220; global_colors_info=&#8220;{}&#8220;][et_pb_row use_custom_gutter=&#8220;on&#8220; gutter_width=&#8220;1&#8243; module_class=&#8220; et_pb_row_fullwidth&#8220; _builder_version=&#8220;4.16&#8243; width=&#8220;100%&#8220; width_tablet=&#8220;100%&#8220; width_phone=&#8220;&#8220; width_last_edited=&#8220;on|desktop&#8220; max_width=&#8220;100%&#8220; max_width_tablet=&#8220;100%&#8220; max_width_phone=&#8220;&#8220; max_width_last_edited=&#8220;on|desktop&#8220; custom_margin=&#8220;0px||0px|&#8220; custom_padding=&#8220;0px||0px|&#8220; make_fullwidth=&#8220;on&#8220; global_colors_info=&#8220;{}&#8220;][et_pb_column type=&#8220;4_4&#8243; _builder_version=&#8220;4.16&#8243; background_position=&#8220;top_left&#8220; custom_padding=&#8220;|||&#8220; global_colors_info=&#8220;{}&#8220; custom_padding__hover=&#8220;|||&#8220;][et_pb_text _builder_version=&#8220;4.16&#8243; background_size=&#8220;initial&#8220; background_position=&#8220;top_left&#8220; background_repeat=&#8220;repeat&#8220; text_orientation=&#8220;justified&#8220; border_style=&#8220;solid&#8220; global_colors_info=&#8220;{}&#8220;]<\/p>\n<h1 style=\"text-align: center;\">Anfahrt<\/h1>\n<p>[\/et_pb_text][et_pb_text _builder_version=&#8220;4.27.5&#8243; _module_preset=&#8220;default&#8220; global_colors_info=&#8220;{}&#8220;]<\/p>\n<div style=\"width:100%;\">\n<div style=\"position:relative; padding-bottom:18.35%; height:0; overflow:hidden;\">\n    <iframe src=\"https:\/\/maps.google.com\/maps?width=1090&#038;height=200&#038;hl=en&#038;q=via%20clinica%20dental%20altea&#038;t=&#038;z=15&#038;ie=UTF8&#038;iwloc=B&#038;output=embed\" style=\"position:absolute; top:0; left:0; width:100%; height:100%; border:0;\" allowfullscreen loading=\"lazy\" referrerpolicy=\"no-referrer-when-downgrade\"><\/iframe>\n  <\/div>\n<p><\/div>\n<p><\/p>\n<div style=\"font-size: 10px;opacity:.75;line-height: 10px;\"><a href=\"https:\/\/www.embedgooglemap.net\/?utm_source=embed&#038;utm_medium=referral&#038;utm_campaign=map_embed\" target=\"_blank\" rel=\"noopener\">Embed Google Map<\/a><\/div>\n<p>[\/et_pb_text][\/et_pb_column][\/et_pb_row][\/et_pb_section]<\/p>\n","protected":false},"excerpt":{"rendered":"<p>Termin machen?F\u00fcr Terminvereinbarungen und\/oder weitere Informationen setzen Sie sich bitte mit unserer Praxis in Verbindung. Montag &#8211; Freitag von 09.30 \u2013 19.00 Uhr; Telefon: (+34) 96 611 54 24. Oder besuchen sie uns in unserer Praxis. Wir begr\u00fc\u00dfen Sie gern! F\u00fcr weitere Informationen k\u00f6nnen Sie uns auch eine E-Mail senden. Au\u00dferhalb der \u00d6ffnungszeiten k\u00f6nnen Sie [&hellip;]<\/p>\n","protected":false},"author":1,"featured_media":0,"parent":0,"menu_order":70,"comment_status":"closed","ping_status":"closed","template":"","meta":{"_acf_changed":false,"_et_pb_use_builder":"on","_et_pb_old_content":"","_et_gb_content_width":"","footnotes":""},"class_list":["post-505","page","type-page","status-publish","hentry"],"acf":[],"yoast_head":"<!-- This site is optimized with the Yoast SEO plugin v27.3 - https:\/\/yoast.com\/product\/yoast-seo-wordpress\/ -->\n<title>Kontakt - VIA Cl\u00ednica Dental<\/title>\n<meta name=\"robots\" content=\"index, follow, max-snippet:-1, max-image-preview:large, max-video-preview:-1\" \/>\n<link rel=\"canonical\" href=\"https:\/\/viaclinicadental.es\/de\/kontakt\/\" \/>\n<meta property=\"og:locale\" content=\"de_DE\" \/>\n<meta property=\"og:type\" content=\"article\" \/>\n<meta property=\"og:title\" content=\"Kontakt - VIA Cl\u00ednica Dental\" \/>\n<meta property=\"og:description\" content=\"Termin machen?F\u00fcr Terminvereinbarungen und\/oder weitere Informationen setzen Sie sich bitte mit unserer Praxis in Verbindung. Montag - Freitag von 09.30 \u2013 19.00 Uhr; Telefon: (+34) 96 611 54 24. Oder besuchen sie uns in unserer Praxis. Wir begr\u00fc\u00dfen Sie gern! F\u00fcr weitere Informationen k\u00f6nnen Sie uns auch eine E-Mail senden. Au\u00dferhalb der \u00d6ffnungszeiten k\u00f6nnen Sie [&hellip;]\" \/>\n<meta property=\"og:url\" content=\"https:\/\/viaclinicadental.es\/de\/kontakt\/\" \/>\n<meta property=\"og:site_name\" content=\"VIA Cl\u00ednica Dental\" \/>\n<meta property=\"article:publisher\" content=\"https:\/\/www.facebook.com\/TeamViaClinicaDental\/\" \/>\n<meta property=\"article:modified_time\" content=\"2026-02-12T14:24:43+00:00\" \/>\n<meta name=\"twitter:card\" content=\"summary_large_image\" \/>\n<meta name=\"twitter:label1\" content=\"Gesch\u00e4tzte Lesezeit\" \/>\n\t<meta name=\"twitter:data1\" content=\"5\u00a0Minuten\" \/>\n<script type=\"application\/ld+json\" class=\"yoast-schema-graph\">{\"@context\":\"https:\\\/\\\/schema.org\",\"@graph\":[{\"@type\":\"WebPage\",\"@id\":\"https:\\\/\\\/viaclinicadental.es\\\/de\\\/kontakt\\\/\",\"url\":\"https:\\\/\\\/viaclinicadental.es\\\/de\\\/kontakt\\\/\",\"name\":\"Kontakt - VIA Cl\u00ednica Dental\",\"isPartOf\":{\"@id\":\"https:\\\/\\\/viaclinicadental.es\\\/de\\\/#website\"},\"datePublished\":\"2017-06-21T13:48:32+00:00\",\"dateModified\":\"2026-02-12T14:24:43+00:00\",\"breadcrumb\":{\"@id\":\"https:\\\/\\\/viaclinicadental.es\\\/de\\\/kontakt\\\/#breadcrumb\"},\"inLanguage\":\"de\",\"potentialAction\":[{\"@type\":\"ReadAction\",\"target\":[\"https:\\\/\\\/viaclinicadental.es\\\/de\\\/kontakt\\\/\"]}]},{\"@type\":\"BreadcrumbList\",\"@id\":\"https:\\\/\\\/viaclinicadental.es\\\/de\\\/kontakt\\\/#breadcrumb\",\"itemListElement\":[{\"@type\":\"ListItem\",\"position\":1,\"name\":\"Home\",\"item\":\"https:\\\/\\\/viaclinicadental.es\\\/de\\\/\"},{\"@type\":\"ListItem\",\"position\":2,\"name\":\"Kontakt\"}]},{\"@type\":\"WebSite\",\"@id\":\"https:\\\/\\\/viaclinicadental.es\\\/de\\\/#website\",\"url\":\"https:\\\/\\\/viaclinicadental.es\\\/de\\\/\",\"name\":\"VIA Cl\u00ednica Dental\",\"description\":\"Ihr Zahnarzt in Altea\",\"publisher\":{\"@id\":\"https:\\\/\\\/viaclinicadental.es\\\/de\\\/#organization\"},\"potentialAction\":[{\"@type\":\"SearchAction\",\"target\":{\"@type\":\"EntryPoint\",\"urlTemplate\":\"https:\\\/\\\/viaclinicadental.es\\\/de\\\/?s={search_term_string}\"},\"query-input\":{\"@type\":\"PropertyValueSpecification\",\"valueRequired\":true,\"valueName\":\"search_term_string\"}}],\"inLanguage\":\"de\"},{\"@type\":\"Organization\",\"@id\":\"https:\\\/\\\/viaclinicadental.es\\\/de\\\/#organization\",\"name\":\"VIA Clinica Dental Altea\",\"url\":\"https:\\\/\\\/viaclinicadental.es\\\/de\\\/\",\"logo\":{\"@type\":\"ImageObject\",\"inLanguage\":\"de\",\"@id\":\"https:\\\/\\\/viaclinicadental.es\\\/de\\\/#\\\/schema\\\/logo\\\/image\\\/\",\"url\":\"https:\\\/\\\/viaclinicadental.es\\\/wp-content\\\/uploads\\\/2018\\\/07\\\/nuevologo-shadow.png\",\"contentUrl\":\"https:\\\/\\\/viaclinicadental.es\\\/wp-content\\\/uploads\\\/2018\\\/07\\\/nuevologo-shadow.png\",\"width\":1000,\"height\":168,\"caption\":\"VIA Clinica Dental Altea\"},\"image\":{\"@id\":\"https:\\\/\\\/viaclinicadental.es\\\/de\\\/#\\\/schema\\\/logo\\\/image\\\/\"},\"sameAs\":[\"https:\\\/\\\/www.facebook.com\\\/TeamViaClinicaDental\\\/\"]}]}<\/script>\n<!-- \/ Yoast SEO plugin. -->","yoast_head_json":{"title":"Kontakt - VIA Cl\u00ednica Dental","robots":{"index":"index","follow":"follow","max-snippet":"max-snippet:-1","max-image-preview":"max-image-preview:large","max-video-preview":"max-video-preview:-1"},"canonical":"https:\/\/viaclinicadental.es\/de\/kontakt\/","og_locale":"de_DE","og_type":"article","og_title":"Kontakt - VIA Cl\u00ednica Dental","og_description":"Termin machen?F\u00fcr Terminvereinbarungen und\/oder weitere Informationen setzen Sie sich bitte mit unserer Praxis in Verbindung. Montag - Freitag von 09.30 \u2013 19.00 Uhr; Telefon: (+34) 96 611 54 24. Oder besuchen sie uns in unserer Praxis. Wir begr\u00fc\u00dfen Sie gern! F\u00fcr weitere Informationen k\u00f6nnen Sie uns auch eine E-Mail senden. Au\u00dferhalb der \u00d6ffnungszeiten k\u00f6nnen Sie [&hellip;]","og_url":"https:\/\/viaclinicadental.es\/de\/kontakt\/","og_site_name":"VIA Cl\u00ednica Dental","article_publisher":"https:\/\/www.facebook.com\/TeamViaClinicaDental\/","article_modified_time":"2026-02-12T14:24:43+00:00","twitter_card":"summary_large_image","twitter_misc":{"Gesch\u00e4tzte Lesezeit":"5\u00a0Minuten"},"schema":{"@context":"https:\/\/schema.org","@graph":[{"@type":"WebPage","@id":"https:\/\/viaclinicadental.es\/de\/kontakt\/","url":"https:\/\/viaclinicadental.es\/de\/kontakt\/","name":"Kontakt - VIA Cl\u00ednica Dental","isPartOf":{"@id":"https:\/\/viaclinicadental.es\/de\/#website"},"datePublished":"2017-06-21T13:48:32+00:00","dateModified":"2026-02-12T14:24:43+00:00","breadcrumb":{"@id":"https:\/\/viaclinicadental.es\/de\/kontakt\/#breadcrumb"},"inLanguage":"de","potentialAction":[{"@type":"ReadAction","target":["https:\/\/viaclinicadental.es\/de\/kontakt\/"]}]},{"@type":"BreadcrumbList","@id":"https:\/\/viaclinicadental.es\/de\/kontakt\/#breadcrumb","itemListElement":[{"@type":"ListItem","position":1,"name":"Home","item":"https:\/\/viaclinicadental.es\/de\/"},{"@type":"ListItem","position":2,"name":"Kontakt"}]},{"@type":"WebSite","@id":"https:\/\/viaclinicadental.es\/de\/#website","url":"https:\/\/viaclinicadental.es\/de\/","name":"VIA Cl\u00ednica Dental","description":"Ihr Zahnarzt in Altea","publisher":{"@id":"https:\/\/viaclinicadental.es\/de\/#organization"},"potentialAction":[{"@type":"SearchAction","target":{"@type":"EntryPoint","urlTemplate":"https:\/\/viaclinicadental.es\/de\/?s={search_term_string}"},"query-input":{"@type":"PropertyValueSpecification","valueRequired":true,"valueName":"search_term_string"}}],"inLanguage":"de"},{"@type":"Organization","@id":"https:\/\/viaclinicadental.es\/de\/#organization","name":"VIA Clinica Dental Altea","url":"https:\/\/viaclinicadental.es\/de\/","logo":{"@type":"ImageObject","inLanguage":"de","@id":"https:\/\/viaclinicadental.es\/de\/#\/schema\/logo\/image\/","url":"https:\/\/viaclinicadental.es\/wp-content\/uploads\/2018\/07\/nuevologo-shadow.png","contentUrl":"https:\/\/viaclinicadental.es\/wp-content\/uploads\/2018\/07\/nuevologo-shadow.png","width":1000,"height":168,"caption":"VIA Clinica Dental Altea"},"image":{"@id":"https:\/\/viaclinicadental.es\/de\/#\/schema\/logo\/image\/"},"sameAs":["https:\/\/www.facebook.com\/TeamViaClinicaDental\/"]}]}},"_links":{"self":[{"href":"https:\/\/viaclinicadental.es\/de\/wp-json\/wp\/v2\/pages\/505","targetHints":{"allow":["GET"]}}],"collection":[{"href":"https:\/\/viaclinicadental.es\/de\/wp-json\/wp\/v2\/pages"}],"about":[{"href":"https:\/\/viaclinicadental.es\/de\/wp-json\/wp\/v2\/types\/page"}],"author":[{"embeddable":true,"href":"https:\/\/viaclinicadental.es\/de\/wp-json\/wp\/v2\/users\/1"}],"replies":[{"embeddable":true,"href":"https:\/\/viaclinicadental.es\/de\/wp-json\/wp\/v2\/comments?post=505"}],"version-history":[{"count":7,"href":"https:\/\/viaclinicadental.es\/de\/wp-json\/wp\/v2\/pages\/505\/revisions"}],"predecessor-version":[{"id":1424,"href":"https:\/\/viaclinicadental.es\/de\/wp-json\/wp\/v2\/pages\/505\/revisions\/1424"}],"wp:attachment":[{"href":"https:\/\/viaclinicadental.es\/de\/wp-json\/wp\/v2\/media?parent=505"}],"curies":[{"name":"wp","href":"https:\/\/api.w.org\/{rel}","templated":true}]}}