{"id":503,"date":"2017-06-21T16:32:06","date_gmt":"2017-06-21T14:32:06","guid":{"rendered":"http:\/\/viaclinicadental.es\/unsere-praxis\/unser-team\/"},"modified":"2026-02-12T15:21:35","modified_gmt":"2026-02-12T14:21:35","slug":"unser-team","status":"publish","type":"page","link":"https:\/\/viaclinicadental.es\/de\/unser-team\/","title":{"rendered":"Unser Team"},"content":{"rendered":"<p>[et_pb_section fb_built=&#8220;1&#8243; admin_label=&#8220;section&#8220; _builder_version=&#8220;4.16&#8243; global_colors_info=&#8220;{}&#8220;][et_pb_row admin_label=&#8220;row&#8220; _builder_version=&#8220;4.16&#8243; background_size=&#8220;initial&#8220; background_position=&#8220;top_left&#8220; background_repeat=&#8220;repeat&#8220; global_colors_info=&#8220;{}&#8220;][et_pb_column type=&#8220;4_4&#8243; _builder_version=&#8220;4.16&#8243; custom_padding=&#8220;|||&#8220; global_colors_info=&#8220;{}&#8220; custom_padding__hover=&#8220;|||&#8220;][et_pb_text admin_label=&#8220;titel &#8211; Ons team&#8220; _builder_version=&#8220;4.16&#8243; border_style=&#8220;solid&#8220; global_colors_info=&#8220;{}&#8220;]<\/p>\n<h1>Unser Team<\/h1>\n<p>[\/et_pb_text][\/et_pb_column][\/et_pb_row][et_pb_row _builder_version=&#8220;4.27.5&#8243; _module_preset=&#8220;default&#8220; column_structure=&#8220;1_2,1_2&#8243;][et_pb_column _builder_version=&#8220;4.27.5&#8243; _module_preset=&#8220;default&#8220; type=&#8220;1_2&#8243;][et_pb_team_member _builder_version=&#8220;4.27.5&#8243; _module_preset=&#8220;default&#8220; name=&#8220;Virginia Valle Sales&#8220; position=&#8220;Zahnarzt&#8220; title_text=&#8220;virginia-valle-sales&#8220; image_url=&#8220;https:\/\/viaclinicadental.es\/wp-content\/uploads\/2018\/06\/virginia-valle-sales.jpg&#8220; hover_enabled=&#8220;0&#8243; sticky_enabled=&#8220;0&#8243;]<\/p>\n<p>Im Juni 2005 erwarb Dr. Virginia Valle Ihren Abschluss in der Zahnmedizin an der Universit\u00e4t Mendoza, Argentinien, der Titel wurde sp\u00e4ter von der Universit\u00e4t in Valencia, Spanien anerkannt.<br \/>Seitdem praktiziert sie und nimmt regelm\u00e4\u00dfig an verschiedene Fortbildungskursen teil,sowohl in Argentinien und auch in anderen Teilen Europas.<\/p>\n<p><\/p>\n<p>Zur Zeit konzentriert sie ihre Arbeit dem Smile-Design, DSD, unter anderem mit Hilfe von Fotos und Computer, Zahnimplantaten, Feldspat-Verblendscheiben und Zahnbleichen.<\/p>\n<p><\/p>\n<p>COL 3003321<\/p>\n<p>[\/et_pb_team_member][\/et_pb_column][et_pb_column _builder_version=&#8220;4.27.5&#8243; _module_preset=&#8220;default&#8220; type=&#8220;1_2&#8243;][et_pb_team_member _builder_version=&#8220;4.27.5&#8243; _module_preset=&#8220;default&#8220; name=&#8220;Evgenia Chernyshova&#8220; position=&#8220;Zahnarzthelferin&#8220; title_text=&#8220;Evgenia-Chernyshova&#8220; image_url=&#8220;https:\/\/viaclinicadental.es\/wp-content\/uploads\/2017\/10\/Evgenia-Chernyshova-1.jpg&#8220; hover_enabled=&#8220;0&#8243; sticky_enabled=&#8220;0&#8243;]<\/p>\n<p>Zahnarzthelferin, Rezeptionistin und Ansprechpartner f\u00fcr die Patienten.<br \/>Derzeit macht Evgenia eine Weiterbildung zur Zahnpflegerin Evgenia spricht perfekt Russisch, Spanisch, Franz\u00f6sisch und Bulgarisch, und hat eine gute Verst\u00e4ndigung in Englisch.<\/p>\n<p>[\/et_pb_team_member][\/et_pb_column][\/et_pb_row][\/et_pb_section]<\/p>\n","protected":false},"excerpt":{"rendered":"<p>Das Team der VIA Clinica Dental in Altea besteht aus Zahnarzt Virginia Valle Sales und der Zahnarzthelferin Evgenia Chernyshova.<\/p>\n","protected":false},"author":1,"featured_media":1061,"parent":0,"menu_order":10,"comment_status":"closed","ping_status":"closed","template":"","meta":{"_acf_changed":false,"_et_pb_use_builder":"on","_et_pb_old_content":"","_et_gb_content_width":"","footnotes":""},"class_list":["post-503","page","type-page","status-publish","has-post-thumbnail","hentry"],"acf":[],"yoast_head":"<!-- This site is optimized with the Yoast SEO plugin v27.3 - https:\/\/yoast.com\/product\/yoast-seo-wordpress\/ -->\n<title>Unser Team - VIA Cl\u00ednica Dental<\/title>\n<meta name=\"description\" content=\"Das Team der VIA Clinica Dental in Altea besteht aus Zahnarzt Virginia Valle Sales und der Zahnarzthelferin Evgenia Chernyshova.\" \/>\n<meta name=\"robots\" content=\"index, follow, max-snippet:-1, max-image-preview:large, max-video-preview:-1\" \/>\n<link rel=\"canonical\" href=\"https:\/\/viaclinicadental.es\/de\/unser-team\/\" \/>\n<meta property=\"og:locale\" content=\"de_DE\" \/>\n<meta property=\"og:type\" content=\"article\" \/>\n<meta property=\"og:title\" content=\"Unser Team - VIA Cl\u00ednica Dental\" \/>\n<meta property=\"og:description\" content=\"Das Team der VIA Clinica Dental in Altea besteht aus Zahnarzt Virginia Valle Sales und der Zahnarzthelferin Evgenia Chernyshova.\" \/>\n<meta property=\"og:url\" content=\"https:\/\/viaclinicadental.es\/de\/unser-team\/\" \/>\n<meta property=\"og:site_name\" content=\"VIA Cl\u00ednica Dental\" \/>\n<meta property=\"article:publisher\" content=\"https:\/\/www.facebook.com\/TeamViaClinicaDental\/\" \/>\n<meta property=\"article:modified_time\" content=\"2026-02-12T14:21:35+00:00\" \/>\n<meta property=\"og:image\" content=\"https:\/\/viaclinicadental.es\/wp-content\/uploads\/2018\/06\/virginia-valle-sales.jpg\" \/>\n\t<meta property=\"og:image:width\" content=\"991\" \/>\n\t<meta property=\"og:image:height\" content=\"1041\" \/>\n\t<meta property=\"og:image:type\" content=\"image\/jpeg\" \/>\n<meta name=\"twitter:card\" content=\"summary_large_image\" \/>\n<meta name=\"twitter:label1\" content=\"Gesch\u00e4tzte Lesezeit\" \/>\n\t<meta name=\"twitter:data1\" content=\"1\u00a0Minute\" \/>\n<script type=\"application\/ld+json\" class=\"yoast-schema-graph\">{\"@context\":\"https:\\\/\\\/schema.org\",\"@graph\":[{\"@type\":\"WebPage\",\"@id\":\"https:\\\/\\\/viaclinicadental.es\\\/de\\\/unser-team\\\/\",\"url\":\"https:\\\/\\\/viaclinicadental.es\\\/de\\\/unser-team\\\/\",\"name\":\"Unser Team - VIA Cl\u00ednica Dental\",\"isPartOf\":{\"@id\":\"https:\\\/\\\/viaclinicadental.es\\\/de\\\/#website\"},\"primaryImageOfPage\":{\"@id\":\"https:\\\/\\\/viaclinicadental.es\\\/de\\\/unser-team\\\/#primaryimage\"},\"image\":{\"@id\":\"https:\\\/\\\/viaclinicadental.es\\\/de\\\/unser-team\\\/#primaryimage\"},\"thumbnailUrl\":\"https:\\\/\\\/viaclinicadental.es\\\/wp-content\\\/uploads\\\/2018\\\/06\\\/virginia-valle-sales.jpg\",\"datePublished\":\"2017-06-21T14:32:06+00:00\",\"dateModified\":\"2026-02-12T14:21:35+00:00\",\"description\":\"Das Team der VIA Clinica Dental in Altea besteht aus Zahnarzt Virginia Valle Sales und der Zahnarzthelferin Evgenia Chernyshova.\",\"breadcrumb\":{\"@id\":\"https:\\\/\\\/viaclinicadental.es\\\/de\\\/unser-team\\\/#breadcrumb\"},\"inLanguage\":\"de\",\"potentialAction\":[{\"@type\":\"ReadAction\",\"target\":[\"https:\\\/\\\/viaclinicadental.es\\\/de\\\/unser-team\\\/\"]}]},{\"@type\":\"ImageObject\",\"inLanguage\":\"de\",\"@id\":\"https:\\\/\\\/viaclinicadental.es\\\/de\\\/unser-team\\\/#primaryimage\",\"url\":\"https:\\\/\\\/viaclinicadental.es\\\/wp-content\\\/uploads\\\/2018\\\/06\\\/virginia-valle-sales.jpg\",\"contentUrl\":\"https:\\\/\\\/viaclinicadental.es\\\/wp-content\\\/uploads\\\/2018\\\/06\\\/virginia-valle-sales.jpg\",\"width\":991,\"height\":1041},{\"@type\":\"BreadcrumbList\",\"@id\":\"https:\\\/\\\/viaclinicadental.es\\\/de\\\/unser-team\\\/#breadcrumb\",\"itemListElement\":[{\"@type\":\"ListItem\",\"position\":1,\"name\":\"Home\",\"item\":\"https:\\\/\\\/viaclinicadental.es\\\/de\\\/\"},{\"@type\":\"ListItem\",\"position\":2,\"name\":\"Unser Team\"}]},{\"@type\":\"WebSite\",\"@id\":\"https:\\\/\\\/viaclinicadental.es\\\/de\\\/#website\",\"url\":\"https:\\\/\\\/viaclinicadental.es\\\/de\\\/\",\"name\":\"VIA Cl\u00ednica Dental\",\"description\":\"Ihr Zahnarzt in Altea\",\"publisher\":{\"@id\":\"https:\\\/\\\/viaclinicadental.es\\\/de\\\/#organization\"},\"potentialAction\":[{\"@type\":\"SearchAction\",\"target\":{\"@type\":\"EntryPoint\",\"urlTemplate\":\"https:\\\/\\\/viaclinicadental.es\\\/de\\\/?s={search_term_string}\"},\"query-input\":{\"@type\":\"PropertyValueSpecification\",\"valueRequired\":true,\"valueName\":\"search_term_string\"}}],\"inLanguage\":\"de\"},{\"@type\":\"Organization\",\"@id\":\"https:\\\/\\\/viaclinicadental.es\\\/de\\\/#organization\",\"name\":\"VIA Clinica Dental Altea\",\"url\":\"https:\\\/\\\/viaclinicadental.es\\\/de\\\/\",\"logo\":{\"@type\":\"ImageObject\",\"inLanguage\":\"de\",\"@id\":\"https:\\\/\\\/viaclinicadental.es\\\/de\\\/#\\\/schema\\\/logo\\\/image\\\/\",\"url\":\"https:\\\/\\\/viaclinicadental.es\\\/wp-content\\\/uploads\\\/2018\\\/07\\\/nuevologo-shadow.png\",\"contentUrl\":\"https:\\\/\\\/viaclinicadental.es\\\/wp-content\\\/uploads\\\/2018\\\/07\\\/nuevologo-shadow.png\",\"width\":1000,\"height\":168,\"caption\":\"VIA Clinica Dental Altea\"},\"image\":{\"@id\":\"https:\\\/\\\/viaclinicadental.es\\\/de\\\/#\\\/schema\\\/logo\\\/image\\\/\"},\"sameAs\":[\"https:\\\/\\\/www.facebook.com\\\/TeamViaClinicaDental\\\/\"]}]}<\/script>\n<!-- \/ Yoast SEO plugin. -->","yoast_head_json":{"title":"Unser Team - VIA Cl\u00ednica Dental","description":"Das Team der VIA Clinica Dental in Altea besteht aus Zahnarzt Virginia Valle Sales und der Zahnarzthelferin Evgenia Chernyshova.","robots":{"index":"index","follow":"follow","max-snippet":"max-snippet:-1","max-image-preview":"max-image-preview:large","max-video-preview":"max-video-preview:-1"},"canonical":"https:\/\/viaclinicadental.es\/de\/unser-team\/","og_locale":"de_DE","og_type":"article","og_title":"Unser Team - VIA Cl\u00ednica Dental","og_description":"Das Team der VIA Clinica Dental in Altea besteht aus Zahnarzt Virginia Valle Sales und der Zahnarzthelferin Evgenia Chernyshova.","og_url":"https:\/\/viaclinicadental.es\/de\/unser-team\/","og_site_name":"VIA Cl\u00ednica Dental","article_publisher":"https:\/\/www.facebook.com\/TeamViaClinicaDental\/","article_modified_time":"2026-02-12T14:21:35+00:00","og_image":[{"width":991,"height":1041,"url":"https:\/\/viaclinicadental.es\/wp-content\/uploads\/2018\/06\/virginia-valle-sales.jpg","type":"image\/jpeg"}],"twitter_card":"summary_large_image","twitter_misc":{"Gesch\u00e4tzte Lesezeit":"1\u00a0Minute"},"schema":{"@context":"https:\/\/schema.org","@graph":[{"@type":"WebPage","@id":"https:\/\/viaclinicadental.es\/de\/unser-team\/","url":"https:\/\/viaclinicadental.es\/de\/unser-team\/","name":"Unser Team - VIA Cl\u00ednica Dental","isPartOf":{"@id":"https:\/\/viaclinicadental.es\/de\/#website"},"primaryImageOfPage":{"@id":"https:\/\/viaclinicadental.es\/de\/unser-team\/#primaryimage"},"image":{"@id":"https:\/\/viaclinicadental.es\/de\/unser-team\/#primaryimage"},"thumbnailUrl":"https:\/\/viaclinicadental.es\/wp-content\/uploads\/2018\/06\/virginia-valle-sales.jpg","datePublished":"2017-06-21T14:32:06+00:00","dateModified":"2026-02-12T14:21:35+00:00","description":"Das Team der VIA Clinica Dental in Altea besteht aus Zahnarzt Virginia Valle Sales und der Zahnarzthelferin Evgenia Chernyshova.","breadcrumb":{"@id":"https:\/\/viaclinicadental.es\/de\/unser-team\/#breadcrumb"},"inLanguage":"de","potentialAction":[{"@type":"ReadAction","target":["https:\/\/viaclinicadental.es\/de\/unser-team\/"]}]},{"@type":"ImageObject","inLanguage":"de","@id":"https:\/\/viaclinicadental.es\/de\/unser-team\/#primaryimage","url":"https:\/\/viaclinicadental.es\/wp-content\/uploads\/2018\/06\/virginia-valle-sales.jpg","contentUrl":"https:\/\/viaclinicadental.es\/wp-content\/uploads\/2018\/06\/virginia-valle-sales.jpg","width":991,"height":1041},{"@type":"BreadcrumbList","@id":"https:\/\/viaclinicadental.es\/de\/unser-team\/#breadcrumb","itemListElement":[{"@type":"ListItem","position":1,"name":"Home","item":"https:\/\/viaclinicadental.es\/de\/"},{"@type":"ListItem","position":2,"name":"Unser Team"}]},{"@type":"WebSite","@id":"https:\/\/viaclinicadental.es\/de\/#website","url":"https:\/\/viaclinicadental.es\/de\/","name":"VIA Cl\u00ednica Dental","description":"Ihr Zahnarzt in Altea","publisher":{"@id":"https:\/\/viaclinicadental.es\/de\/#organization"},"potentialAction":[{"@type":"SearchAction","target":{"@type":"EntryPoint","urlTemplate":"https:\/\/viaclinicadental.es\/de\/?s={search_term_string}"},"query-input":{"@type":"PropertyValueSpecification","valueRequired":true,"valueName":"search_term_string"}}],"inLanguage":"de"},{"@type":"Organization","@id":"https:\/\/viaclinicadental.es\/de\/#organization","name":"VIA Clinica Dental Altea","url":"https:\/\/viaclinicadental.es\/de\/","logo":{"@type":"ImageObject","inLanguage":"de","@id":"https:\/\/viaclinicadental.es\/de\/#\/schema\/logo\/image\/","url":"https:\/\/viaclinicadental.es\/wp-content\/uploads\/2018\/07\/nuevologo-shadow.png","contentUrl":"https:\/\/viaclinicadental.es\/wp-content\/uploads\/2018\/07\/nuevologo-shadow.png","width":1000,"height":168,"caption":"VIA Clinica Dental Altea"},"image":{"@id":"https:\/\/viaclinicadental.es\/de\/#\/schema\/logo\/image\/"},"sameAs":["https:\/\/www.facebook.com\/TeamViaClinicaDental\/"]}]}},"_links":{"self":[{"href":"https:\/\/viaclinicadental.es\/de\/wp-json\/wp\/v2\/pages\/503","targetHints":{"allow":["GET"]}}],"collection":[{"href":"https:\/\/viaclinicadental.es\/de\/wp-json\/wp\/v2\/pages"}],"about":[{"href":"https:\/\/viaclinicadental.es\/de\/wp-json\/wp\/v2\/types\/page"}],"author":[{"embeddable":true,"href":"https:\/\/viaclinicadental.es\/de\/wp-json\/wp\/v2\/users\/1"}],"replies":[{"embeddable":true,"href":"https:\/\/viaclinicadental.es\/de\/wp-json\/wp\/v2\/comments?post=503"}],"version-history":[{"count":5,"href":"https:\/\/viaclinicadental.es\/de\/wp-json\/wp\/v2\/pages\/503\/revisions"}],"predecessor-version":[{"id":1418,"href":"https:\/\/viaclinicadental.es\/de\/wp-json\/wp\/v2\/pages\/503\/revisions\/1418"}],"wp:featuredmedia":[{"embeddable":true,"href":"https:\/\/viaclinicadental.es\/de\/wp-json\/wp\/v2\/media\/1061"}],"wp:attachment":[{"href":"https:\/\/viaclinicadental.es\/de\/wp-json\/wp\/v2\/media?parent=503"}],"curies":[{"name":"wp","href":"https:\/\/api.w.org\/{rel}","templated":true}]}}