{"id":1316,"date":"2026-02-08T10:55:51","date_gmt":"2026-02-08T09:55:51","guid":{"rendered":"https:\/\/viaclinicadental.es\/behandlungen\/cbct\/"},"modified":"2026-02-14T12:17:39","modified_gmt":"2026-02-14T11:17:39","slug":"cbct","status":"publish","type":"page","link":"https:\/\/viaclinicadental.es\/de\/behandlungen\/cbct\/","title":{"rendered":"CBCT"},"content":{"rendered":"<p>[et_pb_section bb_built=&#8220;1&#8243; theme_builder_area=&#8220;post_content&#8220; _builder_version=&#8220;4.27.5&#8243; _module_preset=&#8220;default&#8220;][et_pb_row _builder_version=&#8220;4.27.5&#8243; _module_preset=&#8220;default&#8220; theme_builder_area=&#8220;post_content&#8220;][et_pb_column type=&#8220;4_4&#8243; _builder_version=&#8220;4.27.5&#8243; _module_preset=&#8220;default&#8220; theme_builder_area=&#8220;post_content&#8220;][et_pb_text _builder_version=&#8220;4.27.5&#8243; _module_preset=&#8220;default&#8220; theme_builder_area=&#8220;post_content&#8220; hover_enabled=&#8220;0&#8243; sticky_enabled=&#8220;0&#8243; background_pattern_color=&#8220;rgba(0,0,0,0.2)&#8220; background_mask_color=&#8220;#ffffff&#8220; text_text_shadow_horizontal_length=&#8220;text_text_shadow_style,%91object Object%93&#8243; text_text_shadow_horizontal_length_tablet=&#8220;0px&#8220; text_text_shadow_vertical_length=&#8220;text_text_shadow_style,%91object Object%93&#8243; text_text_shadow_vertical_length_tablet=&#8220;0px&#8220; text_text_shadow_blur_strength=&#8220;text_text_shadow_style,%91object Object%93&#8243; text_text_shadow_blur_strength_tablet=&#8220;1px&#8220; link_text_shadow_horizontal_length=&#8220;link_text_shadow_style,%91object Object%93&#8243; link_text_shadow_horizontal_length_tablet=&#8220;0px&#8220; link_text_shadow_vertical_length=&#8220;link_text_shadow_style,%91object Object%93&#8243; link_text_shadow_vertical_length_tablet=&#8220;0px&#8220; link_text_shadow_blur_strength=&#8220;link_text_shadow_style,%91object Object%93&#8243; link_text_shadow_blur_strength_tablet=&#8220;1px&#8220; ul_text_shadow_horizontal_length=&#8220;ul_text_shadow_style,%91object Object%93&#8243; ul_text_shadow_horizontal_length_tablet=&#8220;0px&#8220; ul_text_shadow_vertical_length=&#8220;ul_text_shadow_style,%91object Object%93&#8243; ul_text_shadow_vertical_length_tablet=&#8220;0px&#8220; ul_text_shadow_blur_strength=&#8220;ul_text_shadow_style,%91object Object%93&#8243; ul_text_shadow_blur_strength_tablet=&#8220;1px&#8220; ol_text_shadow_horizontal_length=&#8220;ol_text_shadow_style,%91object Object%93&#8243; ol_text_shadow_horizontal_length_tablet=&#8220;0px&#8220; ol_text_shadow_vertical_length=&#8220;ol_text_shadow_style,%91object Object%93&#8243; ol_text_shadow_vertical_length_tablet=&#8220;0px&#8220; ol_text_shadow_blur_strength=&#8220;ol_text_shadow_style,%91object Object%93&#8243; ol_text_shadow_blur_strength_tablet=&#8220;1px&#8220; quote_text_shadow_horizontal_length=&#8220;quote_text_shadow_style,%91object Object%93&#8243; quote_text_shadow_horizontal_length_tablet=&#8220;0px&#8220; quote_text_shadow_vertical_length=&#8220;quote_text_shadow_style,%91object Object%93&#8243; quote_text_shadow_vertical_length_tablet=&#8220;0px&#8220; quote_text_shadow_blur_strength=&#8220;quote_text_shadow_style,%91object Object%93&#8243; quote_text_shadow_blur_strength_tablet=&#8220;1px&#8220; header_text_shadow_horizontal_length=&#8220;header_text_shadow_style,%91object Object%93&#8243; header_text_shadow_horizontal_length_tablet=&#8220;0px&#8220; header_text_shadow_vertical_length=&#8220;header_text_shadow_style,%91object Object%93&#8243; header_text_shadow_vertical_length_tablet=&#8220;0px&#8220; header_text_shadow_blur_strength=&#8220;header_text_shadow_style,%91object Object%93&#8243; header_text_shadow_blur_strength_tablet=&#8220;1px&#8220; header_2_text_shadow_horizontal_length=&#8220;header_2_text_shadow_style,%91object Object%93&#8243; header_2_text_shadow_horizontal_length_tablet=&#8220;0px&#8220; header_2_text_shadow_vertical_length=&#8220;header_2_text_shadow_style,%91object Object%93&#8243; header_2_text_shadow_vertical_length_tablet=&#8220;0px&#8220; header_2_text_shadow_blur_strength=&#8220;header_2_text_shadow_style,%91object Object%93&#8243; header_2_text_shadow_blur_strength_tablet=&#8220;1px&#8220; header_3_text_shadow_horizontal_length=&#8220;header_3_text_shadow_style,%91object Object%93&#8243; header_3_text_shadow_horizontal_length_tablet=&#8220;0px&#8220; header_3_text_shadow_vertical_length=&#8220;header_3_text_shadow_style,%91object Object%93&#8243; header_3_text_shadow_vertical_length_tablet=&#8220;0px&#8220; header_3_text_shadow_blur_strength=&#8220;header_3_text_shadow_style,%91object Object%93&#8243; header_3_text_shadow_blur_strength_tablet=&#8220;1px&#8220; header_4_text_shadow_horizontal_length=&#8220;header_4_text_shadow_style,%91object Object%93&#8243; header_4_text_shadow_horizontal_length_tablet=&#8220;0px&#8220; header_4_text_shadow_vertical_length=&#8220;header_4_text_shadow_style,%91object Object%93&#8243; header_4_text_shadow_vertical_length_tablet=&#8220;0px&#8220; header_4_text_shadow_blur_strength=&#8220;header_4_text_shadow_style,%91object Object%93&#8243; header_4_text_shadow_blur_strength_tablet=&#8220;1px&#8220; header_5_text_shadow_horizontal_length=&#8220;header_5_text_shadow_style,%91object Object%93&#8243; header_5_text_shadow_horizontal_length_tablet=&#8220;0px&#8220; header_5_text_shadow_vertical_length=&#8220;header_5_text_shadow_style,%91object Object%93&#8243; header_5_text_shadow_vertical_length_tablet=&#8220;0px&#8220; header_5_text_shadow_blur_strength=&#8220;header_5_text_shadow_style,%91object Object%93&#8243; header_5_text_shadow_blur_strength_tablet=&#8220;1px&#8220; header_6_text_shadow_horizontal_length=&#8220;header_6_text_shadow_style,%91object Object%93&#8243; header_6_text_shadow_horizontal_length_tablet=&#8220;0px&#8220; header_6_text_shadow_vertical_length=&#8220;header_6_text_shadow_style,%91object Object%93&#8243; header_6_text_shadow_vertical_length_tablet=&#8220;0px&#8220; header_6_text_shadow_blur_strength=&#8220;header_6_text_shadow_style,%91object Object%93&#8243; header_6_text_shadow_blur_strength_tablet=&#8220;1px&#8220; box_shadow_horizontal_tablet=&#8220;0px&#8220; box_shadow_vertical_tablet=&#8220;0px&#8220; box_shadow_blur_tablet=&#8220;40px&#8220; box_shadow_spread_tablet=&#8220;0px&#8220; vertical_offset_tablet=&#8220;0&#8243; horizontal_offset_tablet=&#8220;0&#8243; z_index_tablet=&#8220;0&#8243;]<\/p>\n<h1>CBCT Dental: Moderne 3D-Diagnostik und navigierte Chirurgie<\/h1>\n<p><\/p>\n<p>Die dentale CBCT (Cone Beam Computed Tomography, Digitale Volumentomographie \u2013 DVT) ist ein dreidimensionales bildgebendes Verfahren, das eine pr\u00e4zise Analyse der oralen und maxillofazialen Anatomie erm\u00f6glicht.<\/p>\n<p><\/p>\n<p>Im Gegensatz zu herk\u00f6mmlichen R\u00f6ntgenaufnahmen liefert das CBCT eine realistische und vollst\u00e4ndige Darstellung von Knochenstrukturen, Z\u00e4hnen, Zahnwurzeln, Kiefergelenken, Kieferh\u00f6hlen sowie der Atemwege.<\/p>\n<p><\/p>\n<p>In der VIA Cl\u00ednica Dental f\u00fchren wir CBCT-Untersuchungen mit modernster High-End-Technologie durch. Dabei erhalten wir hochaufl\u00f6sende Bilder bei optimierter Strahlendosis \u2013 eine unverzichtbare Grundlage f\u00fcr eine sichere Diagnose und eine pr\u00e4zise Behandlungsplanung.<\/p>\n<p><\/p>\n<h2>Wof\u00fcr wird CBCT in der Zahnmedizin eingesetzt?<\/h2>\n<p><\/p>\n<h3>CBCT in der Implantologie und navigierten Chirurgie<\/h3>\n<p><\/p>\n<p>Das CBCT ist ein zentraler Bestandteil der modernen Implantologie. Es erm\u00f6glicht:<\/p>\n<p><\/p>\n<ul>\n<li>Analyse von Knochenvolumen, -qualit\u00e4t und -dichte<\/li>\n<li>Beurteilung der Lage zu Nerven, Kieferh\u00f6hlen und sensiblen anatomischen Strukturen<\/li>\n<li>Digitale Implantatplanung<\/li>\n<li>Durchf\u00fchrung einer navigierten (schablonengef\u00fchrten) Implantation mit maximaler Pr\u00e4zision, Sicherheit und Vorhersagbarkeit<\/li>\n<\/ul>\n<p><\/p>\n<h3>CBCT bei Kronen, Br\u00fccken und oraler Rehabilitation<\/h3>\n<p><\/p>\n<p>Mit dem CBCT lassen sich detailliert beurteilen:<\/p>\n<p><\/p>\n<ul>\n<li>Strukturen unter bestehenden Kronen oder Br\u00fccken<\/li>\n<li>Verborgene Karies, Undichtigkeiten und Probleme an Pfeilerz\u00e4hnen<\/li>\n<li>Periapikale L\u00e4sionen und der Zustand des umgebenden Knochens<\/li>\n<li>Planung komplexer prothetischer und funktioneller Rehabilitationen<\/li>\n<\/ul>\n<p><\/p>\n<h3>CBCT in der modernen Endodontie<\/h3>\n<p><\/p>\n<p>Besonders empfohlen bei:<\/p>\n<p><\/p>\n<ul>\n<li>Auffinden zus\u00e4tzlicher oder komplexer Wurzelkan\u00e4le<\/li>\n<li>Atypischen Anatomien, Kalzifikationen und Wurzelfrakturen<\/li>\n<li>Revisionsbehandlungen (Re-Endodontie)<\/li>\n<li>Abkl\u00e4rung apikaler Entz\u00fcndungen<\/li>\n<\/ul>\n<p><\/p>\n<h3>CBCT bei Kiefergelenk (CMD), Bruxismus und Gesichtsschmerzen<\/h3>\n<p><\/p>\n<p>Das CBCT erm\u00f6glicht eine detaillierte Analyse des Kiefergelenks (TMJ):<\/p>\n<p><\/p>\n<ul>\n<li>Beurteilung von Symmetrien und Kondylenposition<\/li>\n<li>Knochenver\u00e4nderungen im Zusammenhang mit Bruxismus<\/li>\n<li>Diagnostische Unterst\u00fctzung bei Kiefer-, Gesichts- und Muskelschmerzen, Knacken, Blockaden oder eingeschr\u00e4nkter Mund\u00f6ffnung<\/li>\n<\/ul>\n<p><\/p>\n<h3>CBCT bei oralen Pathologien und Gesichtsstrukturen<\/h3>\n<p><\/p>\n<p>Geeignet zur Abkl\u00e4rung von:<\/p>\n<p><\/p>\n<ul>\n<li>Zysten, kn\u00f6chernen L\u00e4sionen und infekti\u00f6sen Prozessen<\/li>\n<li>Strukturellen Ver\u00e4nderungen mit Bedarf an pr\u00e4ziser radiologischer Diagnostik<\/li>\n<li>Kieferh\u00f6hlen und relevanter Gesichtsanatomie f\u00fcr Zahnmedizin und Oralchirurgie<\/li>\n<\/ul>\n<p><\/p>\n<h3>CBCT und Analyse der Atemwege<\/h3>\n<p><\/p>\n<p>Das CBCT erlaubt eine dreidimensionale Beurteilung des Atemwegsvolumens, insbesondere bei Patient:innen mit:<\/p>\n<p><\/p>\n<ul>\n<li>Mundatmung<\/li>\n<li>Schnarchen oder Verdacht auf Schlafapnoe<\/li>\n<li>Behandlungen mit funktionellem und interdisziplin\u00e4rem Ansatz<\/li>\n<\/ul>\n<p><\/p>\n<h3>CBCT als interdisziplin\u00e4re Diagnostik<\/h3>\n<p><\/p>\n<p>Das CBCT ist ein wichtiges Instrument in der Zusammenarbeit mit HNO-\u00c4rzt:innen, Kieferorthop\u00e4d:innen und Logop\u00e4d:innen. Es liefert wertvolle Informationen zur Atemwegsfunktion sowie zum Zusammenhang zwischen kraniofazialer Anatomie und Funktion.<\/p>\n<p><\/p>\n<h3>CBCT f\u00fcr externe Patient:innen und \u00dcberweiser<\/h3>\n<p><\/p>\n<p>Wir f\u00fchren CBCT-Untersuchungen sowohl f\u00fcr unsere eigenen Patient:innen als auch f\u00fcr \u00dcberweisungen anderer Zahnarztpraxen durch.<\/p>\n<p><\/p>\n<p>Sie k\u00f6nnen das CBCT bei uns durchf\u00fchren lassen, auch wenn Ihre Behandlung in einer anderen Praxis erfolgt. Die Bilddaten und Dateien stellen wir vollst\u00e4ndig f\u00fcr die weitere Therapieplanung zur Verf\u00fcgung.<\/p>\n<p><\/p>\n<hr \/>\n<p><\/p>\n<p>\ud83d\udce9 Vereinbaren Sie gerne einen Termin oder kontaktieren Sie uns unverbindlich.<\/p>\n<p>[\/et_pb_text][\/et_pb_column][\/et_pb_row][\/et_pb_section]<\/p>\n","protected":false},"excerpt":{"rendered":"<p>CBCT Dental: Moderne 3D-Diagnostik und navigierte ChirurgieDie dentale CBCT (Cone Beam Computed Tomography, Digitale Volumentomographie \u2013 DVT) ist ein dreidimensionales bildgebendes Verfahren, das eine pr\u00e4zise Analyse der oralen und maxillofazialen Anatomie erm\u00f6glicht.Im Gegensatz zu herk\u00f6mmlichen R\u00f6ntgenaufnahmen liefert das CBCT eine realistische und vollst\u00e4ndige Darstellung von Knochenstrukturen, Z\u00e4hnen, Zahnwurzeln, Kiefergelenken, Kieferh\u00f6hlen sowie der Atemwege.In der VIA [&hellip;]<\/p>\n","protected":false},"author":1,"featured_media":0,"parent":507,"menu_order":110,"comment_status":"closed","ping_status":"closed","template":"","meta":{"_acf_changed":false,"_et_pb_use_builder":"on","_et_pb_old_content":"","_et_gb_content_width":"","footnotes":""},"class_list":["post-1316","page","type-page","status-publish","hentry"],"acf":[],"yoast_head":"<!-- This site is optimized with the Yoast SEO plugin v27.6 - https:\/\/yoast.com\/product\/yoast-seo-wordpress\/ -->\n<title>CBCT - VIA Cl\u00ednica Dental<\/title>\n<meta name=\"robots\" content=\"index, follow, max-snippet:-1, max-image-preview:large, max-video-preview:-1\" \/>\n<link rel=\"canonical\" href=\"https:\/\/viaclinicadental.es\/de\/behandlungen\/cbct\/\" \/>\n<meta property=\"og:locale\" content=\"de_DE\" \/>\n<meta property=\"og:type\" content=\"article\" \/>\n<meta property=\"og:title\" content=\"CBCT - VIA Cl\u00ednica Dental\" \/>\n<meta property=\"og:description\" content=\"CBCT Dental: Moderne 3D-Diagnostik und navigierte ChirurgieDie dentale CBCT (Cone Beam Computed Tomography, Digitale Volumentomographie \u2013 DVT) ist ein dreidimensionales bildgebendes Verfahren, das eine pr\u00e4zise Analyse der oralen und maxillofazialen Anatomie erm\u00f6glicht.Im Gegensatz zu herk\u00f6mmlichen R\u00f6ntgenaufnahmen liefert das CBCT eine realistische und vollst\u00e4ndige Darstellung von Knochenstrukturen, Z\u00e4hnen, Zahnwurzeln, Kiefergelenken, Kieferh\u00f6hlen sowie der Atemwege.In der VIA [&hellip;]\" \/>\n<meta property=\"og:url\" content=\"https:\/\/viaclinicadental.es\/de\/behandlungen\/cbct\/\" \/>\n<meta property=\"og:site_name\" content=\"VIA Cl\u00ednica Dental\" \/>\n<meta property=\"article:publisher\" content=\"https:\/\/www.facebook.com\/TeamViaClinicaDental\/\" \/>\n<meta property=\"article:modified_time\" content=\"2026-02-14T11:17:39+00:00\" \/>\n<meta name=\"twitter:card\" content=\"summary_large_image\" \/>\n<meta name=\"twitter:label1\" content=\"Gesch\u00e4tzte Lesezeit\" \/>\n\t<meta name=\"twitter:data1\" content=\"6\u00a0Minuten\" \/>\n<script type=\"application\/ld+json\" class=\"yoast-schema-graph\">{\"@context\":\"https:\\\/\\\/schema.org\",\"@graph\":[{\"@type\":\"WebPage\",\"@id\":\"https:\\\/\\\/viaclinicadental.es\\\/de\\\/behandlungen\\\/cbct\\\/\",\"url\":\"https:\\\/\\\/viaclinicadental.es\\\/de\\\/behandlungen\\\/cbct\\\/\",\"name\":\"CBCT - VIA Cl\u00ednica Dental\",\"isPartOf\":{\"@id\":\"https:\\\/\\\/viaclinicadental.es\\\/de\\\/#website\"},\"datePublished\":\"2026-02-08T09:55:51+00:00\",\"dateModified\":\"2026-02-14T11:17:39+00:00\",\"breadcrumb\":{\"@id\":\"https:\\\/\\\/viaclinicadental.es\\\/de\\\/behandlungen\\\/cbct\\\/#breadcrumb\"},\"inLanguage\":\"de\",\"potentialAction\":[{\"@type\":\"ReadAction\",\"target\":[\"https:\\\/\\\/viaclinicadental.es\\\/de\\\/behandlungen\\\/cbct\\\/\"]}]},{\"@type\":\"BreadcrumbList\",\"@id\":\"https:\\\/\\\/viaclinicadental.es\\\/de\\\/behandlungen\\\/cbct\\\/#breadcrumb\",\"itemListElement\":[{\"@type\":\"ListItem\",\"position\":1,\"name\":\"Home\",\"item\":\"https:\\\/\\\/viaclinicadental.es\\\/de\\\/\"},{\"@type\":\"ListItem\",\"position\":2,\"name\":\"Behandlungen\",\"item\":\"https:\\\/\\\/viaclinicadental.es\\\/de\\\/tratamientos\\\/\"},{\"@type\":\"ListItem\",\"position\":3,\"name\":\"CBCT\"}]},{\"@type\":\"WebSite\",\"@id\":\"https:\\\/\\\/viaclinicadental.es\\\/de\\\/#website\",\"url\":\"https:\\\/\\\/viaclinicadental.es\\\/de\\\/\",\"name\":\"VIA Cl\u00ednica Dental\",\"description\":\"Ihr Zahnarzt in Altea\",\"publisher\":{\"@id\":\"https:\\\/\\\/viaclinicadental.es\\\/de\\\/#organization\"},\"potentialAction\":[{\"@type\":\"SearchAction\",\"target\":{\"@type\":\"EntryPoint\",\"urlTemplate\":\"https:\\\/\\\/viaclinicadental.es\\\/de\\\/?s={search_term_string}\"},\"query-input\":{\"@type\":\"PropertyValueSpecification\",\"valueRequired\":true,\"valueName\":\"search_term_string\"}}],\"inLanguage\":\"de\"},{\"@type\":\"Organization\",\"@id\":\"https:\\\/\\\/viaclinicadental.es\\\/de\\\/#organization\",\"name\":\"VIA Clinica Dental Altea\",\"url\":\"https:\\\/\\\/viaclinicadental.es\\\/de\\\/\",\"logo\":{\"@type\":\"ImageObject\",\"inLanguage\":\"de\",\"@id\":\"https:\\\/\\\/viaclinicadental.es\\\/de\\\/#\\\/schema\\\/logo\\\/image\\\/\",\"url\":\"https:\\\/\\\/viaclinicadental.es\\\/wp-content\\\/uploads\\\/2018\\\/07\\\/nuevologo-shadow.png\",\"contentUrl\":\"https:\\\/\\\/viaclinicadental.es\\\/wp-content\\\/uploads\\\/2018\\\/07\\\/nuevologo-shadow.png\",\"width\":1000,\"height\":168,\"caption\":\"VIA Clinica Dental Altea\"},\"image\":{\"@id\":\"https:\\\/\\\/viaclinicadental.es\\\/de\\\/#\\\/schema\\\/logo\\\/image\\\/\"},\"sameAs\":[\"https:\\\/\\\/www.facebook.com\\\/TeamViaClinicaDental\\\/\"]}]}<\/script>\n<!-- \/ Yoast SEO plugin. -->","yoast_head_json":{"title":"CBCT - VIA Cl\u00ednica Dental","robots":{"index":"index","follow":"follow","max-snippet":"max-snippet:-1","max-image-preview":"max-image-preview:large","max-video-preview":"max-video-preview:-1"},"canonical":"https:\/\/viaclinicadental.es\/de\/behandlungen\/cbct\/","og_locale":"de_DE","og_type":"article","og_title":"CBCT - VIA Cl\u00ednica Dental","og_description":"CBCT Dental: Moderne 3D-Diagnostik und navigierte ChirurgieDie dentale CBCT (Cone Beam Computed Tomography, Digitale Volumentomographie \u2013 DVT) ist ein dreidimensionales bildgebendes Verfahren, das eine pr\u00e4zise Analyse der oralen und maxillofazialen Anatomie erm\u00f6glicht.Im Gegensatz zu herk\u00f6mmlichen R\u00f6ntgenaufnahmen liefert das CBCT eine realistische und vollst\u00e4ndige Darstellung von Knochenstrukturen, Z\u00e4hnen, Zahnwurzeln, Kiefergelenken, Kieferh\u00f6hlen sowie der Atemwege.In der VIA [&hellip;]","og_url":"https:\/\/viaclinicadental.es\/de\/behandlungen\/cbct\/","og_site_name":"VIA Cl\u00ednica Dental","article_publisher":"https:\/\/www.facebook.com\/TeamViaClinicaDental\/","article_modified_time":"2026-02-14T11:17:39+00:00","twitter_card":"summary_large_image","twitter_misc":{"Gesch\u00e4tzte Lesezeit":"6\u00a0Minuten"},"schema":{"@context":"https:\/\/schema.org","@graph":[{"@type":"WebPage","@id":"https:\/\/viaclinicadental.es\/de\/behandlungen\/cbct\/","url":"https:\/\/viaclinicadental.es\/de\/behandlungen\/cbct\/","name":"CBCT - VIA Cl\u00ednica Dental","isPartOf":{"@id":"https:\/\/viaclinicadental.es\/de\/#website"},"datePublished":"2026-02-08T09:55:51+00:00","dateModified":"2026-02-14T11:17:39+00:00","breadcrumb":{"@id":"https:\/\/viaclinicadental.es\/de\/behandlungen\/cbct\/#breadcrumb"},"inLanguage":"de","potentialAction":[{"@type":"ReadAction","target":["https:\/\/viaclinicadental.es\/de\/behandlungen\/cbct\/"]}]},{"@type":"BreadcrumbList","@id":"https:\/\/viaclinicadental.es\/de\/behandlungen\/cbct\/#breadcrumb","itemListElement":[{"@type":"ListItem","position":1,"name":"Home","item":"https:\/\/viaclinicadental.es\/de\/"},{"@type":"ListItem","position":2,"name":"Behandlungen","item":"https:\/\/viaclinicadental.es\/de\/tratamientos\/"},{"@type":"ListItem","position":3,"name":"CBCT"}]},{"@type":"WebSite","@id":"https:\/\/viaclinicadental.es\/de\/#website","url":"https:\/\/viaclinicadental.es\/de\/","name":"VIA Cl\u00ednica Dental","description":"Ihr Zahnarzt in Altea","publisher":{"@id":"https:\/\/viaclinicadental.es\/de\/#organization"},"potentialAction":[{"@type":"SearchAction","target":{"@type":"EntryPoint","urlTemplate":"https:\/\/viaclinicadental.es\/de\/?s={search_term_string}"},"query-input":{"@type":"PropertyValueSpecification","valueRequired":true,"valueName":"search_term_string"}}],"inLanguage":"de"},{"@type":"Organization","@id":"https:\/\/viaclinicadental.es\/de\/#organization","name":"VIA Clinica Dental Altea","url":"https:\/\/viaclinicadental.es\/de\/","logo":{"@type":"ImageObject","inLanguage":"de","@id":"https:\/\/viaclinicadental.es\/de\/#\/schema\/logo\/image\/","url":"https:\/\/viaclinicadental.es\/wp-content\/uploads\/2018\/07\/nuevologo-shadow.png","contentUrl":"https:\/\/viaclinicadental.es\/wp-content\/uploads\/2018\/07\/nuevologo-shadow.png","width":1000,"height":168,"caption":"VIA Clinica Dental Altea"},"image":{"@id":"https:\/\/viaclinicadental.es\/de\/#\/schema\/logo\/image\/"},"sameAs":["https:\/\/www.facebook.com\/TeamViaClinicaDental\/"]}]}},"_links":{"self":[{"href":"https:\/\/viaclinicadental.es\/de\/wp-json\/wp\/v2\/pages\/1316","targetHints":{"allow":["GET"]}}],"collection":[{"href":"https:\/\/viaclinicadental.es\/de\/wp-json\/wp\/v2\/pages"}],"about":[{"href":"https:\/\/viaclinicadental.es\/de\/wp-json\/wp\/v2\/types\/page"}],"author":[{"embeddable":true,"href":"https:\/\/viaclinicadental.es\/de\/wp-json\/wp\/v2\/users\/1"}],"replies":[{"embeddable":true,"href":"https:\/\/viaclinicadental.es\/de\/wp-json\/wp\/v2\/comments?post=1316"}],"version-history":[{"count":4,"href":"https:\/\/viaclinicadental.es\/de\/wp-json\/wp\/v2\/pages\/1316\/revisions"}],"predecessor-version":[{"id":1539,"href":"https:\/\/viaclinicadental.es\/de\/wp-json\/wp\/v2\/pages\/1316\/revisions\/1539"}],"up":[{"embeddable":true,"href":"https:\/\/viaclinicadental.es\/de\/wp-json\/wp\/v2\/pages\/507"}],"wp:attachment":[{"href":"https:\/\/viaclinicadental.es\/de\/wp-json\/wp\/v2\/media?parent=1316"}],"curies":[{"name":"wp","href":"https:\/\/api.w.org\/{rel}","templated":true}]}}